{"id":4264,"date":"2025-04-25T02:31:58","date_gmt":"2025-04-25T02:31:58","guid":{"rendered":"https:\/\/aliveandwellprogram.com\/equipo\/"},"modified":"2025-08-11T15:29:38","modified_gmt":"2025-08-11T15:29:38","slug":"equipo","status":"publish","type":"page","link":"https:\/\/aliveandwellprogram.com\/es\/equipo\/","title":{"rendered":"Equipo"},"content":{"rendered":"\t\t<div data-elementor-type=\"wp-page\" data-elementor-id=\"4264\" class=\"elementor elementor-4264 elementor-560\" data-elementor-post-type=\"page\">\n\t\t\t\t<div class=\"elementor-element elementor-element-3141154 e-con-full e-flex e-con e-parent\" data-id=\"3141154\" data-element_type=\"container\" data-e-type=\"container\" data-settings=\"{&quot;background_background&quot;:&quot;classic&quot;}\">\n\t\t<div class=\"elementor-element elementor-element-1cf5c76 e-con-full e-flex e-con e-child\" data-id=\"1cf5c76\" data-element_type=\"container\" data-e-type=\"container\" data-settings=\"{&quot;background_background&quot;:&quot;classic&quot;}\">\n\t\t\t\t<div class=\"elementor-element elementor-element-6b197d3 elementor-icon-list--layout-inline elementor-list-item-link-inline elementor-align-center elementor-widget elementor-widget-icon-list\" data-id=\"6b197d3\" data-element_type=\"widget\" data-e-type=\"widget\" data-widget_type=\"icon-list.default\">\n\t\t\t\t<div class=\"elementor-widget-container\">\n\t\t\t\t\t\t\t<ul class=\"elementor-icon-list-items elementor-inline-items\">\n\t\t\t\t\t\t\t<li class=\"elementor-icon-list-item elementor-inline-item\">\n\t\t\t\t\t\t\t\t\t\t<span class=\"elementor-icon-list-text\">Inicio <\/span>\n\t\t\t\t\t\t\t\t\t<\/li>\n\t\t\t\t\t\t\t\t<li class=\"elementor-icon-list-item elementor-inline-item\">\n\t\t\t\t\t\t\t\t\t\t<span class=\"elementor-icon-list-text\">Nuestro equipo<\/span>\n\t\t\t\t\t\t\t\t\t<\/li>\n\t\t\t\t\t\t<\/ul>\n\t\t\t\t\t\t<\/div>\n\t\t\t\t<\/div>\n\t\t\t\t<div class=\"elementor-element elementor-element-1dd276d elementor-widget elementor-widget-heading\" data-id=\"1dd276d\" data-element_type=\"widget\" data-e-type=\"widget\" data-widget_type=\"heading.default\">\n\t\t\t\t<div class=\"elementor-widget-container\">\n\t\t\t\t\t<h2 class=\"elementor-heading-title elementor-size-default\">Conozca a nuestro equipo<\/h2>\t\t\t\t<\/div>\n\t\t\t\t<\/div>\n\t\t\t\t<div class=\"elementor-element elementor-element-c34bea0 elementor-widget elementor-widget-icon-box\" data-id=\"c34bea0\" data-element_type=\"widget\" data-e-type=\"widget\" data-widget_type=\"icon-box.default\">\n\t\t\t\t<div class=\"elementor-widget-container\">\n\t\t\t\t\t\t\t<div class=\"elementor-icon-box-wrapper\">\n\n\t\t\t\n\t\t\t\t\t\t<div class=\"elementor-icon-box-content\">\n\n\t\t\t\t\t\t\t\t\t<h3 class=\"elementor-icon-box-title\">\n\t\t\t\t\t\t<span  >\n\t\t\t\t\t\t\t5 valoraci\u00f3n media\t\t\t\t\t\t<\/span>\n\t\t\t\t\t<\/h3>\n\t\t\t\t\n\t\t\t\t\n\t\t\t<\/div>\n\t\t\t\n\t\t<\/div>\n\t\t\t\t\t\t<\/div>\n\t\t\t\t<\/div>\n\t\t\t\t<div class=\"elementor-element elementor-element-74099b6 elementor-widget elementor-widget-html\" data-id=\"74099b6\" data-element_type=\"widget\" data-e-type=\"widget\" data-widget_type=\"html.default\">\n\t\t\t\t<div class=\"elementor-widget-container\">\n\t\t\t\t\t<svg xmlns=\"http:\/\/www.w3.org\/2000\/svg\" viewbox=\"0 0 110 20\" width=\"110\" height=\"20\">\r\n  <defs>\r\n    <symbol id=\"star\" viewbox=\"0 0 20 20 0 0\" fill=\"#FFD700\">\r\n      <polygon points=\"10,1.5 12.9,7.2 19.2,7.6 14,12.1 15.5,18.3 10,14.8 4.5,18.3 6,12.1 0.8,7.6 7.1,7.2\"><\/polygon>\r\n    <\/symbol>\r\n  <\/defs>\r\n\r\n  <use class=\"ppp\" href=\"#star\" x=\"0\"><\/use>\r\n  <use class=\"ppp\" href=\"#star\" x=\"22\"><\/use>\r\n  <use class=\"ppp\" href=\"#star\" x=\"44\"><\/use>\r\n  <use class=\"ppp\" href=\"#star\" x=\"66\"><\/use>\r\n  <use class=\"ppp\" href=\"#star\" x=\"88\"><\/use>\r\n<\/svg>\t\t\t\t<\/div>\n\t\t\t\t<\/div>\n\t\t\t\t<div class=\"elementor-element elementor-element-bd6af1e elementor-align-left my-main-btn elementor-invisible elementor-widget elementor-widget-button\" data-id=\"bd6af1e\" data-element_type=\"widget\" data-e-type=\"widget\" data-settings=\"{&quot;_animation&quot;:&quot;slideInRight&quot;}\" data-widget_type=\"button.default\">\n\t\t\t\t<div class=\"elementor-widget-container\">\n\t\t\t\t\t\t\t\t\t<div class=\"elementor-button-wrapper\">\n\t\t\t\t\t<a class=\"elementor-button elementor-button-link elementor-size-sm\" href=\"https:\/\/test.aliveandwellprogram.com\/book-now\/\">\n\t\t\t\t\t\t<span class=\"elementor-button-content-wrapper\">\n\t\t\t\t\t\t\t\t\t<span class=\"elementor-button-text\">P\u00f3ngase en contacto<\/span>\n\t\t\t\t\t<\/span>\n\t\t\t\t\t<\/a>\n\t\t\t\t<\/div>\n\t\t\t\t\t\t\t\t<\/div>\n\t\t\t\t<\/div>\n\t\t\t\t<\/div>\n\t\t<div class=\"elementor-element elementor-element-40b3651 e-con-full e-flex e-con e-child\" data-id=\"40b3651\" data-element_type=\"container\" data-e-type=\"container\" data-settings=\"{&quot;background_background&quot;:&quot;classic&quot;}\">\n\t\t\t\t<\/div>\n\t\t\t\t<\/div>\n\t\t<div class=\"elementor-element elementor-element-1562d20 e-flex e-con-boxed e-con e-parent\" data-id=\"1562d20\" data-element_type=\"container\" data-e-type=\"container\">\n\t\t\t\t\t<div class=\"e-con-inner\">\n\t\t\t\t<div class=\"elementor-element elementor-element-c73762a elementor-widget elementor-widget-text-editor\" data-id=\"c73762a\" data-element_type=\"widget\" data-e-type=\"widget\" data-widget_type=\"text-editor.default\">\n\t\t\t\t<div class=\"elementor-widget-container\">\n\t\t\t\t\t\t\t\t\tAlive and Well Community Partners es el hogar de un equipo de profesionales de la salud amigables y experimentados apasionados por brindar atenci\u00f3n de alto nivel con un toque personal. Al servicio de Miami Gardens, FL, y las comunidades circundantes, nuestro equipo brinda soluciones pr\u00e1cticas y orientaci\u00f3n personalizada para mejorar los resultados de salud de nuestros pacientes. Entendemos que no hay dos pacientes iguales y nos esforzaremos por asegurarnos de que se sienta escuchado e informado durante su tiempo con nosotros. Ya sea que est\u00e9 buscando atenci\u00f3n general o servicios de bienestar espec\u00edficos, lo invitamos a comunicarse con nuestra oficina para saber c\u00f3mo nuestro equipo puede ayudarlo a mantenerse vivo y bien.   \t\t\t\t\t\t\t\t<\/div>\n\t\t\t\t<\/div>\n\t\t\t\t\t<\/div>\n\t\t\t\t<\/div>\n\t\t<div class=\"elementor-element elementor-element-d02c0a9 e-con-full e-flex e-con e-parent\" data-id=\"d02c0a9\" data-element_type=\"container\" data-e-type=\"container\">\n\t\t<div class=\"elementor-element elementor-element-bd50222 e-con-full e-flex e-con e-child\" data-id=\"bd50222\" data-element_type=\"container\" data-e-type=\"container\">\n\t\t\t\t<div class=\"elementor-element elementor-element-f694829 elementor-widget elementor-widget-heading\" data-id=\"f694829\" data-element_type=\"widget\" data-e-type=\"widget\" data-widget_type=\"heading.default\">\n\t\t\t\t<div class=\"elementor-widget-container\">\n\t\t\t\t\t<h2 class=\"elementor-heading-title elementor-size-default\">COMENZAR ES TAN F\u00c1CIL COMO 1,2,3<\/h2>\t\t\t\t<\/div>\n\t\t\t\t<\/div>\n\t\t\t\t<div class=\"elementor-element elementor-element-5ae34df elementor-widget__width-inherit elementor-widget elementor-widget-text-editor\" data-id=\"5ae34df\" data-element_type=\"widget\" data-e-type=\"widget\" data-widget_type=\"text-editor.default\">\n\t\t\t\t<div class=\"elementor-widget-container\">\n\t\t\t\t\t\t\t\t\t<p>1 &#8211; ELIGE TU SERVICIO<\/p><p>2 &#8211; RESERVE SU VISITA A LA OFICINA<\/p><p>3 &#8211; REL\u00c1JATE, NOSOTROS NOS ENCARGAMOS DEL RESTO<\/p><div class=\"test-btn\"><br><a href=\"https:\/\/test.aliveandwellprogram.com\/book-now\/\">Reservar ahora<\/a><\/div>\t\t\t\t\t\t\t\t<\/div>\n\t\t\t\t<\/div>\n\t\t\t\t<div class=\"elementor-element elementor-element-223831b elementor-vertical-align-middle elementor-widget__width-initial elementor-widget elementor-widget-image-box\" data-id=\"223831b\" data-element_type=\"widget\" data-e-type=\"widget\" data-widget_type=\"image-box.default\">\n\t\t\t\t<div class=\"elementor-widget-container\">\n\t\t\t\t\t<div class=\"elementor-image-box-wrapper\"><div class=\"elementor-image-box-content\"><h3 class=\"elementor-image-box-title\">Miami\/NMO<\/h3><p class=\"elementor-image-box-description\">Salud y bienestar en\nMiami Gardens, FL<br>Socios comunitarios vivos y sanos | <br>Jardines de Miami, FL<br>800-434-1366<br>Abre viernes a las 8 a.m.<br>cerrado los domingos<\/p><\/div><\/div>\t\t\t\t<\/div>\n\t\t\t\t<\/div>\n\t\t\t\t<div class=\"elementor-element elementor-element-3526624 elementor-vertical-align-middle elementor-widget__width-initial elementor-widget elementor-widget-image-box\" data-id=\"3526624\" data-element_type=\"widget\" data-e-type=\"widget\" data-widget_type=\"image-box.default\">\n\t\t\t\t<div class=\"elementor-widget-container\">\n\t\t\t\t\t<div class=\"elementor-image-box-wrapper\"><div class=\"elementor-image-box-content\"><h3 class=\"elementor-image-box-title\">Fort Lauderdale\/Lauderhill\/LMO<\/h3><p class=\"elementor-image-box-description\">Salud y bienestar en Miami Gardens, FL\nSocios comunitarios vivos y sanos | Jardines de Miami, FL\n<br>800-434-1366<br>Abre viernes a las 8 a.m.<br>cerrado los domingos<\/p><\/div><\/div>\t\t\t\t<\/div>\n\t\t\t\t<\/div>\n\t\t\t\t<\/div>\n\t\t<div class=\"elementor-element elementor-element-b3124a0 e-con-full e-flex e-con e-child\" data-id=\"b3124a0\" data-element_type=\"container\" data-e-type=\"container\">\n\t\t<div class=\"elementor-element elementor-element-2619e09 e-con-full e-flex e-con e-child\" data-id=\"2619e09\" data-element_type=\"container\" data-e-type=\"container\">\n\t\t<div class=\"elementor-element elementor-element-4f2d667 e-con-full e-flex e-con e-child\" data-id=\"4f2d667\" data-element_type=\"container\" data-e-type=\"container\">\n\t\t\t\t<div class=\"elementor-element elementor-element-9f20d3e elementor-widget__width-initial elementor-widget elementor-widget-image\" data-id=\"9f20d3e\" data-element_type=\"widget\" data-e-type=\"widget\" data-widget_type=\"image.default\">\n\t\t\t\t<div class=\"elementor-widget-container\">\n\t\t\t\t\t\t\t\t\t\t\t\t\t\t\t<img fetchpriority=\"high\" decoding=\"async\" width=\"718\" height=\"170\" src=\"https:\/\/aliveandwellprogram.com\/wp-content\/uploads\/2025\/04\/1460978.png\" class=\"attachment-large size-large wp-image-3993\" alt=\"\" srcset=\"https:\/\/aliveandwellprogram.com\/wp-content\/uploads\/2025\/04\/1460978.png 718w, https:\/\/aliveandwellprogram.com\/wp-content\/uploads\/2025\/04\/1460978-300x71.png 300w\" sizes=\"(max-width: 718px) 100vw, 718px\" \/>\t\t\t\t\t\t\t\t\t\t\t\t\t\t\t<\/div>\n\t\t\t\t<\/div>\n\t\t\t\t<\/div>\n\t\t\t\t<\/div>\n\t\t\t\t<div class=\"elementor-element elementor-element-df9de1b elementor-widget__width-initial elementor-widget elementor-widget-html\" data-id=\"df9de1b\" data-element_type=\"widget\" data-e-type=\"widget\" data-widget_type=\"html.default\">\n\t\t\t\t<div class=\"elementor-widget-container\">\n\t\t\t\t\t<div class=\"test-form\"><a name=\"form163182404\" id=\"formAnchor163182404\"><\/a><script src=\"https:\/\/fs4.formsite.com\/include\/form\/embedManager.js?163182404\"><\/script><script>EmbedManager.embed({\r\nkey: \"https:\/\/fs4.formsite.com\/res\/showFormEmbed?EParam=PyBo85CFjhHDWl7-v0BujQu6XIz9Q7_Y&163182404\",\r\nwidth: \"100%\"\r\n});\r\n<\/script><\/div><style>body .form-test {\r\n    max-width: 80% !important;\r\n    overflow-x: auto !important;\r\n    margin: 0 auto;\r\n    height: 500px !important;\r\n}\r\n<\/style>\t\t\t\t<\/div>\n\t\t\t\t<\/div>\n\t\t\t\t<\/div>\n\t\t\t\t<\/div>\n\t\t<div class=\"elementor-element elementor-element-35a25bf e-flex e-con-boxed e-con e-parent\" data-id=\"35a25bf\" data-element_type=\"container\" data-e-type=\"container\" data-settings=\"{&quot;background_background&quot;:&quot;classic&quot;}\">\n\t\t\t\t\t<div class=\"e-con-inner\">\n\t\t<div class=\"elementor-element elementor-element-fb5464e e-con-full e-flex e-con e-child\" data-id=\"fb5464e\" data-element_type=\"container\" data-e-type=\"container\">\n\t\t\t\t<div class=\"elementor-element elementor-element-6a74ebe elementor-widget elementor-widget-heading\" data-id=\"6a74ebe\" data-element_type=\"widget\" data-e-type=\"widget\" data-widget_type=\"heading.default\">\n\t\t\t\t<div class=\"elementor-widget-container\">\n\t\t\t\t\t<h2 class=\"elementor-heading-title elementor-size-default\">Cont\u00e1ctenos<\/h2>\t\t\t\t<\/div>\n\t\t\t\t<\/div>\n\t\t\t\t<div class=\"elementor-element elementor-element-d41b480 elementor-align-start elementor-widget__width-initial elementor-icon-list--layout-traditional elementor-list-item-link-full_width elementor-widget elementor-widget-icon-list\" data-id=\"d41b480\" data-element_type=\"widget\" data-e-type=\"widget\" data-widget_type=\"icon-list.default\">\n\t\t\t\t<div class=\"elementor-widget-container\">\n\t\t\t\t\t\t\t<ul class=\"elementor-icon-list-items\">\n\t\t\t\t\t\t\t<li class=\"elementor-icon-list-item\">\n\t\t\t\t\t\t\t\t\t\t\t<span class=\"elementor-icon-list-icon\">\n\t\t\t\t\t\t\t<svg aria-hidden=\"true\" class=\"e-font-icon-svg e-fas-phone\" viewBox=\"0 0 512 512\" xmlns=\"http:\/\/www.w3.org\/2000\/svg\"><path d=\"M493.4 24.6l-104-24c-11.3-2.6-22.9 3.3-27.5 13.9l-48 112c-4.2 9.8-1.4 21.3 6.9 28l60.6 49.6c-36 76.7-98.9 140.5-177.2 177.2l-49.6-60.6c-6.8-8.3-18.2-11.1-28-6.9l-112 48C3.9 366.5-2 378.1.6 389.4l24 104C27.1 504.2 36.7 512 48 512c256.1 0 464-207.5 464-464 0-11.2-7.7-20.9-18.6-23.4z\"><\/path><\/svg>\t\t\t\t\t\t<\/span>\n\t\t\t\t\t\t\t\t\t\t<span class=\"elementor-icon-list-text\">800-434-1366<\/span>\n\t\t\t\t\t\t\t\t\t<\/li>\n\t\t\t\t\t\t\t\t<li class=\"elementor-icon-list-item\">\n\t\t\t\t\t\t\t\t\t\t\t<span class=\"elementor-icon-list-icon\">\n\t\t\t\t\t\t\t<svg aria-hidden=\"true\" class=\"e-font-icon-svg e-fas-map-marker\" viewBox=\"0 0 384 512\" xmlns=\"http:\/\/www.w3.org\/2000\/svg\"><path d=\"M172.268 501.67C26.97 291.031 0 269.413 0 192 0 85.961 85.961 0 192 0s192 85.961 192 192c0 77.413-26.97 99.031-172.268 309.67-9.535 13.774-29.93 13.773-39.464 0z\"><\/path><\/svg>\t\t\t\t\t\t<\/span>\n\t\t\t\t\t\t\t\t\t\t<span class=\"elementor-icon-list-text\">18425 NW 2nd Ave, 5to piso \u2013 PH7, Miami Gardens, FL 33169<\/span>\n\t\t\t\t\t\t\t\t\t<\/li>\n\t\t\t\t\t\t<\/ul>\n\t\t\t\t\t\t<\/div>\n\t\t\t\t<\/div>\n\t\t\t\t<div class=\"elementor-element elementor-element-9346153 elementor-widget__width-initial elementor-widget elementor-widget-heading\" data-id=\"9346153\" data-element_type=\"widget\" data-e-type=\"widget\" data-widget_type=\"heading.default\">\n\t\t\t\t<div class=\"elementor-widget-container\">\n\t\t\t\t\t<h2 class=\"elementor-heading-title elementor-size-default\">Horas<\/h2>\t\t\t\t<\/div>\n\t\t\t\t<\/div>\n\t\t\t\t<div class=\"elementor-element elementor-element-544cb75 elementor-widget__width-initial elementor-widget elementor-widget-text-editor\" data-id=\"544cb75\" data-element_type=\"widget\" data-e-type=\"widget\" data-widget_type=\"text-editor.default\">\n\t\t\t\t<div class=\"elementor-widget-container\">\n\t\t\t\t\t\t\t\t\t<div class=\"hour hour--10636\"><div class=\"contact_mini__hours-item\"><p class=\"contact_mini__hours-day\">Lunes: 8:00 AM &#8211; 5:00 PM<\/p><\/div><div class=\"contact_mini__hours-item\"><p class=\"contact_mini__hours-day\">Martes: 8:00 a. m. a 5:00 p. m.<\/p><p class=\"contact_mini__hours-day\">Mi\u00e9rcoles: 8:00 AM &#8211; 5:00 PM<\/p><\/div><div class=\"contact_mini__hours-item\"><p class=\"contact_mini__hours-day\">Jueves: 8:00 a. m. a 5:00 p. m.<\/p><p class=\"contact_mini__hours-day\">Viernes: 8:00 a. m. a 5:00 p. m.<\/p><\/div><div class=\"contact_mini__hours-item\"><p class=\"contact_mini__hours-day\">S\u00e1bado: 9:00 AM &#8211; 2:00 PM<\/p><\/div><\/div>\t\t\t\t\t\t\t\t<\/div>\n\t\t\t\t<\/div>\n\t\t\t\t<\/div>\n\t\t<div class=\"elementor-element elementor-element-47deb11 e-con-full e-flex e-con e-child\" data-id=\"47deb11\" data-element_type=\"container\" data-e-type=\"container\">\n\t\t\t\t<div class=\"elementor-element elementor-element-c1dd9e9 elementor-widget elementor-widget-google_maps\" data-id=\"c1dd9e9\" data-element_type=\"widget\" data-e-type=\"widget\" data-widget_type=\"google_maps.default\">\n\t\t\t\t<div class=\"elementor-widget-container\">\n\t\t\t\t\t\t\t<div class=\"elementor-custom-embed\">\n\t\t\t<iframe loading=\"lazy\"\n\t\t\t\t\tsrc=\"https:\/\/maps.google.com\/maps?q=18425%20NW%202nd%20Ave%2C%205th%20Floor%20%E2%80%93%20PH7%2C%20Miami%20Gardens%2C%20FL%2033169&#038;t=m&#038;z=10&#038;output=embed&#038;iwloc=near\"\n\t\t\t\t\ttitle=\"18425 NW 2nd Ave, 5th Floor \u2013 PH7, Miami Gardens, FL 33169\"\n\t\t\t\t\taria-label=\"18425 NW 2nd Ave, 5th Floor \u2013 PH7, Miami Gardens, FL 33169\"\n\t\t\t><\/iframe>\n\t\t<\/div>\n\t\t\t\t\t\t<\/div>\n\t\t\t\t<\/div>\n\t\t\t\t<\/div>\n\t\t\t\t\t<\/div>\n\t\t\t\t<\/div>\n\t\t\t\t<\/div>\n\t\t","protected":false},"excerpt":{"rendered":"<p>Inicio Nuestro equipo Conozca a nuestro equipo 5 valoraci\u00f3n media P\u00f3ngase en contacto Alive and Well Community Partners es el hogar de un equipo de profesionales de la salud amigables y experimentados apasionados por brindar atenci\u00f3n de alto nivel con un toque personal. Al servicio de Miami Gardens, FL, y las comunidades circundantes, nuestro equipo [&hellip;]<\/p>\n","protected":false},"author":1,"featured_media":0,"parent":0,"menu_order":0,"comment_status":"closed","ping_status":"closed","template":"","meta":{"footnotes":""},"class_list":["post-4264","page","type-page","status-publish","hentry"],"_links":{"self":[{"href":"https:\/\/aliveandwellprogram.com\/es\/wp-json\/wp\/v2\/pages\/4264","targetHints":{"allow":["GET"]}}],"collection":[{"href":"https:\/\/aliveandwellprogram.com\/es\/wp-json\/wp\/v2\/pages"}],"about":[{"href":"https:\/\/aliveandwellprogram.com\/es\/wp-json\/wp\/v2\/types\/page"}],"author":[{"embeddable":true,"href":"https:\/\/aliveandwellprogram.com\/es\/wp-json\/wp\/v2\/users\/1"}],"replies":[{"embeddable":true,"href":"https:\/\/aliveandwellprogram.com\/es\/wp-json\/wp\/v2\/comments?post=4264"}],"version-history":[{"count":1,"href":"https:\/\/aliveandwellprogram.com\/es\/wp-json\/wp\/v2\/pages\/4264\/revisions"}],"predecessor-version":[{"id":4265,"href":"https:\/\/aliveandwellprogram.com\/es\/wp-json\/wp\/v2\/pages\/4264\/revisions\/4265"}],"wp:attachment":[{"href":"https:\/\/aliveandwellprogram.com\/es\/wp-json\/wp\/v2\/media?parent=4264"}],"curies":[{"name":"wp","href":"https:\/\/api.w.org\/{rel}","templated":true}]}}