{"id":4258,"date":"2025-04-24T11:51:25","date_gmt":"2025-04-24T11:51:25","guid":{"rendered":"https:\/\/aliveandwellprogram.com\/servicios-de-ets\/"},"modified":"2025-08-11T15:27:32","modified_gmt":"2025-08-11T15:27:32","slug":"servicios-de-ets","status":"publish","type":"page","link":"https:\/\/aliveandwellprogram.com\/es\/servicios-de-ets\/","title":{"rendered":"Servicios de ETS"},"content":{"rendered":"\t\t<div data-elementor-type=\"wp-page\" data-elementor-id=\"4258\" class=\"elementor elementor-4258 elementor-153\" data-elementor-post-type=\"page\">\n\t\t\t\t<div class=\"elementor-element elementor-element-aaa2e22 e-flex e-con-boxed e-con e-parent\" data-id=\"aaa2e22\" data-element_type=\"container\" data-e-type=\"container\" data-settings=\"{&quot;background_background&quot;:&quot;video&quot;,&quot;background_video_link&quot;:&quot;https:\\\/\\\/test.aliveandwellprogram.com\\\/wp-content\\\/uploads\\\/2025\\\/05\\\/iStock-1470771329.mov&quot;}\">\n\t\t\t\t\t<div class=\"e-con-inner\">\n\t\t<div class=\"elementor-background-video-container elementor-hidden-mobile\">\n\t\t\t\t\t\t\t<video class=\"elementor-background-video-hosted\" role=\"presentation\" autoplay muted playsinline loop><\/video>\n\t\t\t\t\t<\/div><div class=\"elementor-element elementor-element-d96e808 e-con-full e-flex e-con e-child\" data-id=\"d96e808\" data-element_type=\"container\" data-e-type=\"container\">\n\t\t\t\t<div class=\"elementor-element elementor-element-887f1d6 link mb-0 elementor-widget elementor-widget-text-editor\" data-id=\"887f1d6\" data-element_type=\"widget\" data-e-type=\"widget\" data-widget_type=\"text-editor.default\">\n\t\t\t\t<div class=\"elementor-widget-container\">\n\t\t\t\t\t\t\t\t\t<p><a href=\"\/\">Inicio<\/a> \/ <a href=\"https:\/\/test.aliveandwellprogram.com\/services\/\">Servicios<\/a> \/ Servicios de Atenci\u00f3n Primaria \/ Servicios de ETS<\/p>\t\t\t\t\t\t\t\t<\/div>\n\t\t\t\t<\/div>\n\t\t\t\t<div class=\"elementor-element elementor-element-35de2ec elementor-widget__width-initial elementor-widget elementor-widget-heading\" data-id=\"35de2ec\" data-element_type=\"widget\" data-e-type=\"widget\" data-widget_type=\"heading.default\">\n\t\t\t\t<div class=\"elementor-widget-container\">\n\t\t\t\t\t<h2 class=\"elementor-heading-title elementor-size-default\">SIEMPRE hay una soluci\u00f3n\n<\/h2>\t\t\t\t<\/div>\n\t\t\t\t<\/div>\n\t\t\t\t<div class=\"elementor-element elementor-element-b992e60 elementor-widget elementor-widget-button\" data-id=\"b992e60\" data-element_type=\"widget\" data-e-type=\"widget\" data-widget_type=\"button.default\">\n\t\t\t\t<div class=\"elementor-widget-container\">\n\t\t\t\t\t\t\t\t\t<div class=\"elementor-button-wrapper\">\n\t\t\t\t\t<a class=\"elementor-button elementor-button-link elementor-size-sm\" href=\"#getInTouch\">\n\t\t\t\t\t\t<span class=\"elementor-button-content-wrapper\">\n\t\t\t\t\t\t\t\t\t<span class=\"elementor-button-text\">EMPEZAR<\/span>\n\t\t\t\t\t<\/span>\n\t\t\t\t\t<\/a>\n\t\t\t\t<\/div>\n\t\t\t\t\t\t\t\t<\/div>\n\t\t\t\t<\/div>\n\t\t\t\t<\/div>\n\t\t\t\t\t<\/div>\n\t\t\t\t<\/div>\n\t\t<div class=\"elementor-element elementor-element-b32497a e-con-full e-flex e-con e-child\" data-id=\"b32497a\" data-element_type=\"container\" data-e-type=\"container\">\n\t\t\t\t<div class=\"elementor-element elementor-element-fa9392b elementor-widget elementor-widget-heading\" data-id=\"fa9392b\" data-element_type=\"widget\" data-e-type=\"widget\" data-widget_type=\"heading.default\">\n\t\t\t\t<div class=\"elementor-widget-container\">\n\t\t\t\t\t<h2 class=\"elementor-heading-title elementor-size-default\">\u00bfQu\u00e9 son los servicios de ETS?\n<\/h2>\t\t\t\t<\/div>\n\t\t\t\t<\/div>\n\t\t\t\t<div class=\"elementor-element elementor-element-7ac2926 elementor-widget__width-inherit elementor-widget elementor-widget-text-editor\" data-id=\"7ac2926\" data-element_type=\"widget\" data-e-type=\"widget\" data-widget_type=\"text-editor.default\">\n\t\t\t\t<div class=\"elementor-widget-container\">\n\t\t\t\t\t\t\t\t\t<div id=\"section_712932\" class=\"section section--text pushup section__1 pushed\">\n<div class=\"section__container\">\n<div class=\"section__text\">\n<div class=\"section__text-block\">\n<div id=\"section_712917\" class=\"section section--text pushup section__1 pushed\">\n<div class=\"section__container\">\n<div class=\"section__text\">\n<div class=\"section__text-block\">\n<div id=\"section_712912\" class=\"section section--text pushup section__1 pushed\">\n<div class=\"section__container\">\n<div class=\"section__text\">\n<div class=\"section__text-block\">\n<div id=\"section_712922\" class=\"section section--text pushup section__1 pushed\">\n<div class=\"section__container\">\n<div class=\"section__text\">\n<div class=\"section__text-block\">\n<div id=\"section_712927\" class=\"section section--text pushup section__1 pushed\">\n<div class=\"section__container\">\n<div class=\"section__text\">\n<div class=\"section__text-block\">\n<div id=\"section_712967\" class=\"section section--text pushup section__1 pushed\">\n<div class=\"section__container\">\n<div class=\"section__text\">\n<div class=\"section__text-block\">\n<div id=\"section_712977\" class=\"section section--text pushup section__1 pushed\">\n<div class=\"section__container\">\n<div class=\"section__text\">\n<div class=\"section__text-block\">\n<div id=\"section_712982\" class=\"section section--text pushup section__1 pushed\">\n<div class=\"section__container\">\n<div class=\"section__text\">\n<div class=\"section__text-block\">\n<div id=\"section_712972\" class=\"section section--text pushup section__1 pushed\">\n<div class=\"section__container\">\n<div class=\"section__text\">\n<div class=\"section__text-block\">\n<div id=\"section_712972\" class=\"section section--text pushup section__1 pushed\">\n<div class=\"section__container\">\n<div class=\"section__text\">\n<div class=\"section__text-block\">\n<p>Las enfermedades de transmisi\u00f3n sexual (ETS) pueden ser un tema inc\u00f3modo para muchos, pero son una preocupaci\u00f3n seria para cualquier adulto sexualmente activo. En Alive and Well Community Partners, tenemos la misi\u00f3n de ayudar a los pacientes de Miami Gardens y Fort Lauderdale, FL, a mejorar su salud sexual y bienestar general con tratamientos personalizados brindados en un ambiente acogedor y libre de juicios. Nuestros servicios de ETS est\u00e1n dise\u00f1ados para cualquier persona que sea sexualmente activa y quiera estar al tanto de su salud sexual, incluidos adultos j\u00f3venes, individuos, pacientes en situaciones de alto riesgo y aquellos que solo quieren ser proactivos en la prevenci\u00f3n de infecciones. Nuestro enfoque integral incluye la distribuci\u00f3n de condones a la comunidad, as\u00ed como servicios y tratamientos de pruebas de ETS para ayudar a resolver cualquier infecci\u00f3n lo m\u00e1s r\u00e1pido posible. D\u00e9 un paso responsable para su salud sexual organizando una consulta privada en nuestra oficina.<\/p>\n<\/div>\n<\/div>\n<\/div>\n<\/div>\n<div id=\"section_712971\" class=\"section section--single-image pushup section--single-image_b section__2 pushed\">\n<div class=\"section__container\">\n<div class=\"section__text \">&nbsp;<\/div>\n<\/div>\n<\/div>\n<\/div>\n<\/div>\n<\/div>\n<\/div>\n<\/div>\n<\/div>\n<\/div>\n<\/div>\n<\/div>\n<\/div>\n<\/div>\n<\/div>\n<\/div>\n<\/div>\n<\/div>\n<\/div>\n<\/div>\n<\/div>\n<\/div>\n<\/div>\n<\/div>\n<\/div>\n<\/div>\n<\/div>\n<\/div>\n<\/div>\n<\/div>\n<\/div>\n<\/div>\n<\/div>\n<\/div>\n<\/div>\n<\/div>\n<\/div>\n<\/div>\n<\/div>\t\t\t\t\t\t\t\t<\/div>\n\t\t\t\t<\/div>\n\t\t\t\t<\/div>\n\t\t<div class=\"elementor-element elementor-element-dd223d5 e-flex e-con-boxed e-con e-parent\" data-id=\"dd223d5\" data-element_type=\"container\" data-e-type=\"container\">\n\t\t\t\t\t<div class=\"e-con-inner\">\n\t\t<div class=\"elementor-element elementor-element-24ea6ae e-con-full e-flex e-con e-child\" data-id=\"24ea6ae\" data-element_type=\"container\" data-e-type=\"container\">\n\t\t<div class=\"elementor-element elementor-element-558966e e-con-full e-flex e-con e-child\" data-id=\"558966e\" data-element_type=\"container\" data-e-type=\"container\" data-settings=\"{&quot;background_background&quot;:&quot;classic&quot;}\">\n\t\t\t\t<div class=\"elementor-element elementor-element-67ff996 elementor-widget elementor-widget-heading\" data-id=\"67ff996\" data-element_type=\"widget\" data-e-type=\"widget\" data-widget_type=\"heading.default\">\n\t\t\t\t<div class=\"elementor-widget-container\">\n\t\t\t\t\t<h2 class=\"elementor-heading-title elementor-size-default\">\u00bfC\u00f3mo funcionan los servicios de ETS?\n<\/h2>\t\t\t\t<\/div>\n\t\t\t\t<\/div>\n\t\t\t\t<div class=\"elementor-element elementor-element-d98b2d8 elementor-widget elementor-widget-text-editor\" data-id=\"d98b2d8\" data-element_type=\"widget\" data-e-type=\"widget\" data-widget_type=\"text-editor.default\">\n\t\t\t\t<div class=\"elementor-widget-container\">\n\t\t\t\t\t\t\t\t\t<div class=\"section__text \"><div class=\"section__text-block\"><div class=\"section__text \"><div class=\"section__text-block\"><div class=\"section__text \"><div class=\"section__text-block\"><div class=\"section__text \"><div class=\"section__text-block\"><div class=\"section__text \"><div class=\"section__text-block\"><div class=\"section__text \"><div class=\"section__text-block\"><div class=\"section__text \"><div class=\"section__text-block\"><div class=\"section__text \"><div class=\"section__text-block\"><p>  Comenzaremos con una consulta privada en nuestra oficina en Miami Gardens o Fort Lauderdale, FL, donde hablaremos sobre los servicios que brindamos y cualquier s\u00edntoma que pueda estar experimentando. Los s\u00edntomas de las ETS pueden variar ampliamente, pero los signos comunes incluyen una sensaci\u00f3n de ardor al orinar, dolor durante las relaciones sexuales y una secreci\u00f3n explicada del \u00e1rea. Tambi\u00e9n puede notar llagas o verrugas. Nuestro equipo realizar\u00e1 una serie de ex\u00e1menes de detecci\u00f3n de ETS, analizando muestras de sangre u orina para detectar infecciones. Dependiendo de sus necesidades, tambi\u00e9n podemos proporcionar pruebas de ETS en el hogar para m\u00e1xima discreci\u00f3n y conveniencia. Una vez que hayamos identificado el problema subyacente, desarrollaremos un plan personalizado para abordarlo. Le proporcionaremos explicaciones detalladas sobre c\u00f3mo tomar sus medicamentos, los posibles efectos secundarios y los pasos que puede tomar para proteger a su pareja. A lo largo de su tratamiento, controlaremos su recuperaci\u00f3n y ajustaremos su plan seg\u00fan sea necesario.       <\/p><\/div><div class=\"section__text \"><div class=\"section__text-block\"><p>Ofrecemos una variedad de ex\u00e1menes de detecci\u00f3n de ETS en Alive and Well Community Partners, que incluyen pruebas de VIH, gonorrea, clamidia, herpes, s\u00edfilis, VPH y hepatitis. Como parte de nuestra misi\u00f3n de brindar atenci\u00f3n preventiva a Miami Gardens y Fort Lauderdale, FL, tambi\u00e9n ofrecemos condones y educaci\u00f3n para crear m\u00e1s conciencia sobre la amenaza de las ETS y los pasos que puede tomar para garantizar un bienestar duradero. <\/p><\/div><\/div><\/div><\/div><\/div><\/div><\/div><\/div><\/div><\/div><\/div><\/div><\/div><\/div><\/div><\/div><\/div>\t\t\t\t\t\t\t\t<\/div>\n\t\t\t\t<\/div>\n\t\t\t\t<\/div>\n\t\t\t\t<\/div>\n\t\t<div class=\"elementor-element elementor-element-e19a463 e-con-full e-flex e-con e-child\" data-id=\"e19a463\" data-element_type=\"container\" data-e-type=\"container\" data-settings=\"{&quot;background_background&quot;:&quot;video&quot;}\">\n\t\t\t\t<div class=\"elementor-element elementor-element-46f371f elementor-widget elementor-widget-video\" data-id=\"46f371f\" data-element_type=\"widget\" data-e-type=\"widget\" data-settings=\"{&quot;video_type&quot;:&quot;hosted&quot;,&quot;loop&quot;:&quot;yes&quot;}\" data-widget_type=\"video.default\">\n\t\t\t\t<div class=\"elementor-widget-container\">\n\t\t\t\t\t\t\t<div class=\"e-hosted-video elementor-wrapper elementor-open-inline\">\n\t\t\t\t\t<video class=\"elementor-video\" src=\"https:\/\/test.aliveandwellprogram.com\/wp-content\/uploads\/2025\/05\/iStock-1487311423.mp4\" loop=\"\" preload=\"metadata\" controlsList=\"nodownload\"><\/video>\n\t\t\t\t<\/div>\n\t\t\t\t\t\t<\/div>\n\t\t\t\t<\/div>\n\t\t\t\t<\/div>\n\t\t\t\t\t<\/div>\n\t\t\t\t<\/div>\n\t\t<div class=\"elementor-element elementor-element-d056294 e-flex e-con-boxed e-con e-parent\" data-id=\"d056294\" data-element_type=\"container\" data-e-type=\"container\">\n\t\t\t\t\t<div class=\"e-con-inner\">\n\t\t<div class=\"elementor-element elementor-element-c7ce78e e-con-full e-flex e-con e-child\" data-id=\"c7ce78e\" data-element_type=\"container\" data-e-type=\"container\">\n\t\t\t\t<div class=\"elementor-element elementor-element-f01a70a elementor-widget elementor-widget-heading\" data-id=\"f01a70a\" data-element_type=\"widget\" data-e-type=\"widget\" data-widget_type=\"heading.default\">\n\t\t\t\t<div class=\"elementor-widget-container\">\n\t\t\t\t\t<h2 class=\"elementor-heading-title elementor-size-default\">\u00bfCu\u00e1les son los beneficios de los servicios de ETS?\n<\/h2>\t\t\t\t<\/div>\n\t\t\t\t<\/div>\n\t\t\t\t<div class=\"elementor-element elementor-element-23e16a2 elementor-widget elementor-widget-text-editor\" data-id=\"23e16a2\" data-element_type=\"widget\" data-e-type=\"widget\" data-widget_type=\"text-editor.default\">\n\t\t\t\t<div class=\"elementor-widget-container\">\n\t\t\t\t\t\t\t\t\t<div id=\"section_712932\" class=\"section section--text pushup section__1 pushed\"><div class=\"section__container\"><div class=\"section__text\"><div class=\"section__text-block\"><p>Su salud sexual juega un papel importante en su bienestar general y calidad de vida. Si no se tratan, las enfermedades de transmisi\u00f3n sexual pueden tener un impacto grave en su salud, comodidad y relaciones. Nuestros servicios de ETS en Alive and Well Community Partners pueden ayudarlo a controlar su salud sexual con beneficios que incluyen:  <\/p><\/div><\/div><\/div><\/div>\t\t\t\t\t\t\t\t<\/div>\n\t\t\t\t<\/div>\n\t\t\t\t<div class=\"elementor-element elementor-element-5ce36f1 elementor-widget elementor-widget-text-editor\" data-id=\"5ce36f1\" data-element_type=\"widget\" data-e-type=\"widget\" data-widget_type=\"text-editor.default\">\n\t\t\t\t<div class=\"elementor-widget-container\">\n\t\t\t\t\t\t\t\t\t<div id=\"section_712932\" class=\"section section--text pushup section__1 pushed\"><div class=\"section__container\"><div class=\"section__text\"><div class=\"section__text-block\"><ul><li data-end=\"33\" data-start=\"0\">Detecci\u00f3n precoz de infecciones<\/li><li data-end=\"78\" data-start=\"34\">Tratamiento oportuno para reducir las complicaciones<\/li><li data-end=\"123\" data-start=\"79\">Reducci\u00f3n del riesgo de transmisi\u00f3n a las parejas<\/li><li data-end=\"161\" data-start=\"124\">Atenci\u00f3n confidencial y sin prejuicios<\/li><li data-end=\"197\" data-start=\"162\">Educaci\u00f3n sobre pr\u00e1cticas sexuales seguras<\/li><li data-end=\"234\" data-is-last-node=\"\" data-start=\"198\">Apoyo continuo y atenci\u00f3n de seguimiento<\/li><\/ul><\/div><\/div><\/div><\/div>\t\t\t\t\t\t\t\t<\/div>\n\t\t\t\t<\/div>\n\t\t<div class=\"elementor-element elementor-element-7d6950c e-con-full e-flex e-con e-child\" data-id=\"7d6950c\" data-element_type=\"container\" data-e-type=\"container\">\n\t\t\t\t<div class=\"elementor-element elementor-element-15b0e13 elementor-widget elementor-widget-heading\" data-id=\"15b0e13\" data-element_type=\"widget\" data-e-type=\"widget\" data-widget_type=\"heading.default\">\n\t\t\t\t<div class=\"elementor-widget-container\">\n\t\t\t\t\t<h2 class=\"elementor-heading-title elementor-size-default\">Obtenga tranquilidad\n<\/h2>\t\t\t\t<\/div>\n\t\t\t\t<\/div>\n\t\t\t\t<div class=\"elementor-element elementor-element-2a4d4a8 elementor-widget elementor-widget-text-editor\" data-id=\"2a4d4a8\" data-element_type=\"widget\" data-e-type=\"widget\" data-widget_type=\"text-editor.default\">\n\t\t\t\t<div class=\"elementor-widget-container\">\n\t\t\t\t\t\t\t\t\t<div id=\"section_712932\" class=\"section section--text pushup section__1 pushed\"><div class=\"section__container\"><div class=\"section__text\"><div class=\"section__text-block\"><div id=\"section_712934\" class=\"section section--text pushup section__5 pushed\"><div class=\"section__container\"><div class=\"section__text\"><div class=\"section__text-block\"><div id=\"section_712919\" class=\"section section--text pushup section__5 pushed\"><div class=\"section__container\"><div class=\"section__text\"><div class=\"section__text-block\"><div id=\"section_712914\" class=\"section section--text pushup section__5 pushed\"><div class=\"section__container\"><div class=\"section__text\"><div class=\"section__text-block\"><div id=\"section_712924\" class=\"section section--text pushup section__5 pushed\"><div class=\"section__container\"><div class=\"section__text\"><div class=\"section__text-block\"><div id=\"section_712904\" class=\"section section--text pushup section__5 pushed\"><div class=\"section__container\"><div class=\"section__text\"><div class=\"section__text-block\"><div id=\"section_712929\" class=\"section section--text pushup section__5 pushed\"><div class=\"section__container\"><div class=\"section__text\"><div class=\"section__text-block\"><div id=\"section_712969\" class=\"section section--text pushup section__5 pushed\"><div class=\"section__container\"><div class=\"section__text\"><div class=\"section__text-block\"><div id=\"section_712979\" class=\"section section--text pushup section__5 pushed\"><div class=\"section__container\"><div class=\"section__text\"><div class=\"section__text-block\"><div id=\"section_712984\" class=\"section section--text pushup section__5 pushed\"><div class=\"section__container\"><div class=\"section__text\"><div class=\"section__text-block\"><div id=\"section_712974\" class=\"section section--text pushup section__5 pushed\"><div class=\"section__container\"><div class=\"section__text\"><div class=\"section__text-block\"><p>Si est\u00e1 buscando proveedores discretos y compasivos que se especialicen en salud sexual, nuestro equipo en Alive and Well Community Partners est\u00e1 aqu\u00ed para ayudarlo. Desde ex\u00e1menes de detecci\u00f3n de ETS hasta planes de salud personalizados, brindamos atenci\u00f3n y apoyo dedicados para optimizar el bienestar de nuestros pacientes. Programe una consulta privada en nuestra oficina de atenci\u00f3n primaria en Miami Gardens o Fort Lauderdale, FL para comenzar<\/p><\/div><\/div><\/div><\/div><\/div><\/div><\/div><\/div><\/div><\/div><\/div><\/div><\/div><\/div><\/div><\/div><\/div><\/div><\/div><\/div><\/div><\/div><\/div><\/div><\/div><\/div><\/div><\/div><\/div><\/div><\/div><\/div><\/div><\/div><\/div><\/div><\/div><\/div><\/div><\/div><\/div><\/div><\/div><\/div>\t\t\t\t\t\t\t\t<\/div>\n\t\t\t\t<\/div>\n\t\t\t\t<\/div>\n\t\t\t\t<\/div>\n\t\t\t\t\t<\/div>\n\t\t\t\t<\/div>\n\t\t<div class=\"elementor-element elementor-element-2a87c2e e-flex e-con-boxed e-con e-parent\" data-id=\"2a87c2e\" data-element_type=\"container\" data-e-type=\"container\">\n\t\t\t\t\t<div class=\"e-con-inner\">\n\t\t\t\t<div class=\"elementor-element elementor-element-d82926d elementor-widget elementor-widget-text-editor\" data-id=\"d82926d\" data-element_type=\"widget\" data-e-type=\"widget\" data-widget_type=\"text-editor.default\">\n\t\t\t\t<div class=\"elementor-widget-container\">\n\t\t\t\t\t\t\t\t\tP\u00f3ngase en contacto con nuestro equipo de proveedores m\u00e9dicos profesionales hoy para comenzar.<br><a href=\"https:\/\/test.aliveandwellprogram.com\/contact-us\/\">Cont\u00e1ctenos<\/a>\t\t\t\t\t\t\t\t<\/div>\n\t\t\t\t<\/div>\n\t\t\t\t\t<\/div>\n\t\t\t\t<\/div>\n\t\t<div class=\"elementor-element elementor-element-190ba0b e-flex e-con-boxed e-con e-parent\" data-id=\"190ba0b\" data-element_type=\"container\" data-e-type=\"container\" data-settings=\"{&quot;background_background&quot;:&quot;classic&quot;}\">\n\t\t\t\t\t<div class=\"e-con-inner\">\n\t\t<div class=\"elementor-element elementor-element-014f6d4 e-con-full e-flex e-con e-child\" data-id=\"014f6d4\" data-element_type=\"container\" data-e-type=\"container\">\n\t\t\t\t<div class=\"elementor-element elementor-element-8637373 elementor-widget elementor-widget-heading\" data-id=\"8637373\" data-element_type=\"widget\" data-e-type=\"widget\" data-widget_type=\"heading.default\">\n\t\t\t\t<div class=\"elementor-widget-container\">\n\t\t\t\t\t<h2 class=\"elementor-heading-title elementor-size-default\">Procedimientos relacionados<\/h2>\t\t\t\t<\/div>\n\t\t\t\t<\/div>\n\t\t<div class=\"elementor-element elementor-element-c0e9a28 e-con-full e-flex e-con e-child\" data-id=\"c0e9a28\" data-element_type=\"container\" data-e-type=\"container\">\n\t\t<div class=\"elementor-element elementor-element-4afef41 e-con-full elementor-hidden-desktop elementor-hidden-tablet elementor-hidden-mobile e-flex e-con e-child\" data-id=\"4afef41\" data-element_type=\"container\" data-e-type=\"container\" data-settings=\"{&quot;background_background&quot;:&quot;classic&quot;}\">\n\t\t<a class=\"elementor-element elementor-element-0b1fd70 e-con-full service-container e-flex e-con e-child\" data-id=\"0b1fd70\" data-element_type=\"container\" data-e-type=\"container\" href=\"\/services\/medical-testing\/std-services\/\">\n\t\t\t\t<div class=\"elementor-element elementor-element-fb7a857 elementor-widget elementor-widget-heading\" data-id=\"fb7a857\" data-element_type=\"widget\" data-e-type=\"widget\" data-widget_type=\"heading.default\">\n\t\t\t\t<div class=\"elementor-widget-container\">\n\t\t\t\t\t<h2 class=\"elementor-heading-title elementor-size-default\">Servicios de ETS<\/h2>\t\t\t\t<\/div>\n\t\t\t\t<\/div>\n\t\t\t\t<\/a>\n\t\t\t\t<\/div>\n\t\t<div class=\"elementor-element elementor-element-ff91e61 e-con-full e-flex e-con e-child\" data-id=\"ff91e61\" data-element_type=\"container\" data-e-type=\"container\" data-settings=\"{&quot;background_background&quot;:&quot;classic&quot;}\">\n\t\t<a class=\"elementor-element elementor-element-98cd1f3 e-con-full service-container e-flex e-con e-child\" data-id=\"98cd1f3\" data-element_type=\"container\" data-e-type=\"container\" href=\"https:\/\/test.aliveandwellprogram.com\/services\/medical-testing\/allergy-testing\/\">\n\t\t\t\t<div class=\"elementor-element elementor-element-036e30c elementor-widget elementor-widget-heading\" data-id=\"036e30c\" data-element_type=\"widget\" data-e-type=\"widget\" data-widget_type=\"heading.default\">\n\t\t\t\t<div class=\"elementor-widget-container\">\n\t\t\t\t\t<h2 class=\"elementor-heading-title elementor-size-default\">Pruebas de alergia<\/h2>\t\t\t\t<\/div>\n\t\t\t\t<\/div>\n\t\t\t\t<\/a>\n\t\t\t\t<\/div>\n\t\t<div class=\"elementor-element elementor-element-905e681 e-con-full e-flex e-con e-child\" data-id=\"905e681\" data-element_type=\"container\" data-e-type=\"container\" data-settings=\"{&quot;background_background&quot;:&quot;classic&quot;}\">\n\t\t<a class=\"elementor-element elementor-element-fb0134d e-con-full service-container e-flex e-con e-child\" data-id=\"fb0134d\" data-element_type=\"container\" data-e-type=\"container\" href=\"https:\/\/test.aliveandwellprogram.com\/services\/medical-testing\/rapid-covid-19-testing\/\">\n\t\t\t\t<div class=\"elementor-element elementor-element-9215b5f elementor-widget elementor-widget-heading\" data-id=\"9215b5f\" data-element_type=\"widget\" data-e-type=\"widget\" data-widget_type=\"heading.default\">\n\t\t\t\t<div class=\"elementor-widget-container\">\n\t\t\t\t\t<h2 class=\"elementor-heading-title elementor-size-default\">Pruebas r\u00e1pidas de COVID-19<\/h2>\t\t\t\t<\/div>\n\t\t\t\t<\/div>\n\t\t\t\t<\/a>\n\t\t\t\t<\/div>\n\t\t<div class=\"elementor-element elementor-element-feef192 e-con-full e-flex e-con e-child\" data-id=\"feef192\" data-element_type=\"container\" data-e-type=\"container\" data-settings=\"{&quot;background_background&quot;:&quot;classic&quot;}\">\n\t\t<a class=\"elementor-element elementor-element-4091ee5 e-con-full service-container e-flex e-con e-child\" data-id=\"4091ee5\" data-element_type=\"container\" data-e-type=\"container\" href=\"https:\/\/test.aliveandwellprogram.com\/services\/medical-testing\/drug-testing\/\">\n\t\t\t\t<div class=\"elementor-element elementor-element-4fa91be elementor-widget elementor-widget-heading\" data-id=\"4fa91be\" data-element_type=\"widget\" data-e-type=\"widget\" data-widget_type=\"heading.default\">\n\t\t\t\t<div class=\"elementor-widget-container\">\n\t\t\t\t\t<h2 class=\"elementor-heading-title elementor-size-default\">Pruebas de drogas<\/h2>\t\t\t\t<\/div>\n\t\t\t\t<\/div>\n\t\t\t\t<\/a>\n\t\t\t\t<\/div>\n\t\t<div class=\"elementor-element elementor-element-88731b0 e-con-full e-flex e-con e-child\" data-id=\"88731b0\" data-element_type=\"container\" data-e-type=\"container\" data-settings=\"{&quot;background_background&quot;:&quot;classic&quot;}\">\n\t\t<a class=\"elementor-element elementor-element-e444524 e-con-full service-container e-flex e-con e-child\" data-id=\"e444524\" data-element_type=\"container\" data-e-type=\"container\" href=\"https:\/\/test.aliveandwellprogram.com\/services\/medical-testing\/lab-work\/\">\n\t\t\t\t<div class=\"elementor-element elementor-element-b2ce77b elementor-widget elementor-widget-heading\" data-id=\"b2ce77b\" data-element_type=\"widget\" data-e-type=\"widget\" data-widget_type=\"heading.default\">\n\t\t\t\t<div class=\"elementor-widget-container\">\n\t\t\t\t\t<h2 class=\"elementor-heading-title elementor-size-default\">Trabajo de laboratorio<\/h2>\t\t\t\t<\/div>\n\t\t\t\t<\/div>\n\t\t\t\t<\/a>\n\t\t\t\t<\/div>\n\t\t\t\t<\/div>\n\t\t\t\t<\/div>\n\t\t\t\t\t<\/div>\n\t\t\t\t<\/div>\n\t\t\t\t<\/div>\n\t\t","protected":false},"excerpt":{"rendered":"<p>Inicio \/ Servicios \/ Servicios de Atenci\u00f3n Primaria \/ Servicios de ETS SIEMPRE hay una soluci\u00f3n EMPEZAR \u00bfQu\u00e9 son los servicios de ETS? Las enfermedades de transmisi\u00f3n sexual (ETS) pueden ser un tema inc\u00f3modo para muchos, pero son una preocupaci\u00f3n seria para cualquier adulto sexualmente activo. En Alive and Well Community Partners, tenemos la misi\u00f3n [&hellip;]<\/p>\n","protected":false},"author":1,"featured_media":0,"parent":0,"menu_order":0,"comment_status":"closed","ping_status":"closed","template":"","meta":{"footnotes":""},"class_list":["post-4258","page","type-page","status-publish","hentry"],"_links":{"self":[{"href":"https:\/\/aliveandwellprogram.com\/es\/wp-json\/wp\/v2\/pages\/4258","targetHints":{"allow":["GET"]}}],"collection":[{"href":"https:\/\/aliveandwellprogram.com\/es\/wp-json\/wp\/v2\/pages"}],"about":[{"href":"https:\/\/aliveandwellprogram.com\/es\/wp-json\/wp\/v2\/types\/page"}],"author":[{"embeddable":true,"href":"https:\/\/aliveandwellprogram.com\/es\/wp-json\/wp\/v2\/users\/1"}],"replies":[{"embeddable":true,"href":"https:\/\/aliveandwellprogram.com\/es\/wp-json\/wp\/v2\/comments?post=4258"}],"version-history":[{"count":1,"href":"https:\/\/aliveandwellprogram.com\/es\/wp-json\/wp\/v2\/pages\/4258\/revisions"}],"predecessor-version":[{"id":4259,"href":"https:\/\/aliveandwellprogram.com\/es\/wp-json\/wp\/v2\/pages\/4258\/revisions\/4259"}],"wp:attachment":[{"href":"https:\/\/aliveandwellprogram.com\/es\/wp-json\/wp\/v2\/media?parent=4258"}],"curies":[{"name":"wp","href":"https:\/\/api.w.org\/{rel}","templated":true}]}}