{"id":4254,"date":"2025-04-24T18:00:00","date_gmt":"2025-04-24T18:00:00","guid":{"rendered":"https:\/\/aliveandwellprogram.com\/servicios-de-atencion-primaria\/terapia-intravenosa\/"},"modified":"2025-08-11T15:26:50","modified_gmt":"2025-08-11T15:26:50","slug":"terapia-intravenosa","status":"publish","type":"page","link":"https:\/\/aliveandwellprogram.com\/es\/servicios-de-atencion-primaria\/terapia-intravenosa\/","title":{"rendered":"Terapia intravenosa"},"content":{"rendered":"\t\t<div data-elementor-type=\"wp-page\" data-elementor-id=\"4254\" class=\"elementor elementor-4254 elementor-470\" data-elementor-post-type=\"page\">\n\t\t\t\t<div class=\"elementor-element elementor-element-98aaf6e e-con-full e-flex e-con e-parent\" data-id=\"98aaf6e\" data-element_type=\"container\" data-e-type=\"container\">\n\t\t<div class=\"elementor-element elementor-element-b67d61c e-con-full e-flex e-con e-child\" data-id=\"b67d61c\" data-element_type=\"container\" data-e-type=\"container\" data-settings=\"{&quot;background_background&quot;:&quot;video&quot;,&quot;background_video_link&quot;:&quot;https:\\\/\\\/test.aliveandwellprogram.com\\\/wp-content\\\/uploads\\\/2025\\\/05\\\/iStock-1195115406.mov&quot;,&quot;background_video_start&quot;:10}\">\n\t\t<div class=\"elementor-background-video-container elementor-hidden-mobile\">\n\t\t\t\t\t\t\t<video class=\"elementor-background-video-hosted\" role=\"presentation\" autoplay muted playsinline loop><\/video>\n\t\t\t\t\t<\/div><div class=\"elementor-element elementor-element-457158d e-con-full e-flex e-con e-child\" data-id=\"457158d\" data-element_type=\"container\" data-e-type=\"container\">\n\t\t\t\t<div class=\"elementor-element elementor-element-0851d3f link mb-0 elementor-widget elementor-widget-text-editor\" data-id=\"0851d3f\" data-element_type=\"widget\" data-e-type=\"widget\" data-widget_type=\"text-editor.default\">\n\t\t\t\t<div class=\"elementor-widget-container\">\n\t\t\t\t\t\t\t\t\t<p><a href=\"\/\">Inicio<\/a> \/ <a href=\"https:\/\/test.aliveandwellprogram.com\/services\/\">Servicios<\/a> \/ <a href=\"https:\/\/alivewellpartners.doctorlogicsitesstage.com\/services\/primary-care-services\">Servicios de Atenci\u00f3n Primaria \/ <\/a><span class=\"breadcrumbs__item\">Terapia IV<\/span><\/p><p> <\/p>\t\t\t\t\t\t\t\t<\/div>\n\t\t\t\t<\/div>\n\t\t\t\t<div class=\"elementor-element elementor-element-3f06f0e elementor-widget__width-initial elementor-widget elementor-widget-heading\" data-id=\"3f06f0e\" data-element_type=\"widget\" data-e-type=\"widget\" data-widget_type=\"heading.default\">\n\t\t\t\t<div class=\"elementor-widget-container\">\n\t\t\t\t\t<h2 class=\"elementor-heading-title elementor-size-default\">Terapia intravenosa  <\/h2>\t\t\t\t<\/div>\n\t\t\t\t<\/div>\n\t\t\t\t<div class=\"elementor-element elementor-element-a085452 elementor-widget elementor-widget-button\" data-id=\"a085452\" data-element_type=\"widget\" data-e-type=\"widget\" data-widget_type=\"button.default\">\n\t\t\t\t<div class=\"elementor-widget-container\">\n\t\t\t\t\t\t\t\t\t<div class=\"elementor-button-wrapper\">\n\t\t\t\t\t<a class=\"elementor-button elementor-button-link elementor-size-sm\" href=\"#getInTouch\">\n\t\t\t\t\t\t<span class=\"elementor-button-content-wrapper\">\n\t\t\t\t\t\t\t\t\t<span class=\"elementor-button-text\">EMPEZAR<\/span>\n\t\t\t\t\t<\/span>\n\t\t\t\t\t<\/a>\n\t\t\t\t<\/div>\n\t\t\t\t\t\t\t\t<\/div>\n\t\t\t\t<\/div>\n\t\t\t\t<\/div>\n\t\t\t\t<\/div>\n\t\t<div class=\"elementor-element elementor-element-fd98bac e-flex e-con-boxed e-con e-child\" data-id=\"fd98bac\" data-element_type=\"container\" data-e-type=\"container\">\n\t\t\t\t\t<div class=\"e-con-inner\">\n\t\t<div class=\"elementor-element elementor-element-a049edf e-con-full e-flex e-con e-child\" data-id=\"a049edf\" data-element_type=\"container\" data-e-type=\"container\">\n\t\t\t\t<div class=\"elementor-element elementor-element-9837478 elementor-widget elementor-widget-heading\" data-id=\"9837478\" data-element_type=\"widget\" data-e-type=\"widget\" data-widget_type=\"heading.default\">\n\t\t\t\t<div class=\"elementor-widget-container\">\n\t\t\t\t\t<h2 class=\"elementor-heading-title elementor-size-default\">\u00bfQu\u00e9 es la terapia de vitaminas intravenosas?<\/h2>\t\t\t\t<\/div>\n\t\t\t\t<\/div>\n\t\t\t\t<div class=\"elementor-element elementor-element-1823464 elementor-widget elementor-widget-text-editor\" data-id=\"1823464\" data-element_type=\"widget\" data-e-type=\"widget\" data-widget_type=\"text-editor.default\">\n\t\t\t\t<div class=\"elementor-widget-container\">\n\t\t\t\t\t\t\t\t\t<div id=\"section_712932\" class=\"section section--text pushup section__1 pushed\"><div class=\"section__container\"><div class=\"section__text\"><div class=\"section__text-block\"><p>Cuando la deshidrataci\u00f3n, la fatiga o el estr\u00e9s cr\u00f3nico lo dejan sinti\u00e9ndose agotado, la terapia intravenosa administra l\u00edquidos, vitaminas y electrolitos directamente en el torrente sangu\u00edneo para un alivio r\u00e1pido y efectivo. Nuestro equipo en Alive and Well Community Partners crea infusiones intravenosas personalizadas formuladas con electrolitos hidratantes o vitaminas B que aumentan la energ\u00eda para ayudarlo a recuperarse de viajes, actividad intensa o problemas digestivos que dificultan la absorci\u00f3n de nutrientes. Estas infusiones evitan el sistema digestivo, trabajando m\u00e1s r\u00e1pido que los suplementos orales para restaurar el equilibrio y la vitalidad. Ya sea que necesite una actualizaci\u00f3n r\u00e1pida o apoyo continuo, nuestras oficinas de Miami Gardens y Fort Lauderdale, FL, adaptan los tratamientos a sus necesidades \u00fanicas. Descubra los beneficios de la terapia por goteo intravenoso con una sesi\u00f3n hoy    <\/p><\/div><\/div><\/div><\/div>\t\t\t\t\t\t\t\t<\/div>\n\t\t\t\t<\/div>\n\t\t\t\t<\/div>\n\t\t\t\t\t<\/div>\n\t\t\t\t<\/div>\n\t\t<div class=\"elementor-element elementor-element-c2ff568 e-flex e-con-boxed e-con e-child\" data-id=\"c2ff568\" data-element_type=\"container\" data-e-type=\"container\" data-settings=\"{&quot;background_background&quot;:&quot;classic&quot;}\">\n\t\t\t\t\t<div class=\"e-con-inner\">\n\t\t<div class=\"elementor-element elementor-element-b7edd6d e-con-full e-flex e-con e-child\" data-id=\"b7edd6d\" data-element_type=\"container\" data-e-type=\"container\">\n\t\t<div class=\"elementor-element elementor-element-06d002e e-con-full e-flex e-con e-child\" data-id=\"06d002e\" data-element_type=\"container\" data-e-type=\"container\" data-settings=\"{&quot;background_background&quot;:&quot;classic&quot;}\">\n\t\t\t\t<div class=\"elementor-element elementor-element-320df70 elementor-widget elementor-widget-heading\" data-id=\"320df70\" data-element_type=\"widget\" data-e-type=\"widget\" data-widget_type=\"heading.default\">\n\t\t\t\t<div class=\"elementor-widget-container\">\n\t\t\t\t\t<h2 class=\"elementor-heading-title elementor-size-default\">\u00bfC\u00f3mo funciona la terapia de infusi\u00f3n intravenosa?<\/h2>\t\t\t\t<\/div>\n\t\t\t\t<\/div>\n\t\t\t\t<div class=\"elementor-element elementor-element-2b65723 elementor-widget elementor-widget-text-editor\" data-id=\"2b65723\" data-element_type=\"widget\" data-e-type=\"widget\" data-widget_type=\"text-editor.default\">\n\t\t\t\t<div class=\"elementor-widget-container\">\n\t\t\t\t\t\t\t\t\t<div class=\"section__text \"><div class=\"section__text-block\"><p>Nuestro proceso de terapia intravenosa en Alive and Well Community Partners est\u00e1 dise\u00f1ado con un enfoque en la comodidad y la eficiencia. Comenzaremos insertando una aguja delgada en su brazo y configurando el goteo intravenoso, que lo ayudaremos a elegir durante su consulta. Despu\u00e9s de eso, se sentar\u00e1 tranquilamente durante 30 a 60 minutos mientras los l\u00edquidos y electrolitos fluyen directamente al torrente sangu\u00edneo. Muchos pacientes informan que se sienten renovados y revitalizados antes de que termine su sesi\u00f3n. Nuestro equipo enfatiza la seguridad y la comodidad durante todo el proceso, adhiri\u00e9ndose a est\u00e1ndares rigurosos para ayudar a nuestros pacientes a maximizar su bienestar    <\/p><\/div><\/div>\t\t\t\t\t\t\t\t<\/div>\n\t\t\t\t<\/div>\n\t\t\t\t<\/div>\n\t\t<div class=\"elementor-element elementor-element-04d9a03 e-con-full e-flex e-con e-child\" data-id=\"04d9a03\" data-element_type=\"container\" data-e-type=\"container\" data-settings=\"{&quot;background_background&quot;:&quot;classic&quot;}\">\n\t\t\t\t<\/div>\n\t\t\t\t<\/div>\n\t\t\t\t\t<\/div>\n\t\t\t\t<\/div>\n\t\t<div class=\"elementor-element elementor-element-a953b30 e-flex e-con-boxed e-con e-child\" data-id=\"a953b30\" data-element_type=\"container\" data-e-type=\"container\">\n\t\t\t\t\t<div class=\"e-con-inner\">\n\t\t<div class=\"elementor-element elementor-element-fdde9aa e-con-full e-flex e-con e-child\" data-id=\"fdde9aa\" data-element_type=\"container\" data-e-type=\"container\">\n\t\t\t\t<div class=\"elementor-element elementor-element-5319cc0 elementor-widget elementor-widget-heading\" data-id=\"5319cc0\" data-element_type=\"widget\" data-e-type=\"widget\" data-widget_type=\"heading.default\">\n\t\t\t\t<div class=\"elementor-widget-container\">\n\t\t\t\t\t<h2 class=\"elementor-heading-title elementor-size-default\">\u00bfCu\u00e1les son los beneficios de la terapia de goteo intravenoso?<\/h2>\t\t\t\t<\/div>\n\t\t\t\t<\/div>\n\t\t\t\t<div class=\"elementor-element elementor-element-cbe4dec elementor-widget elementor-widget-text-editor\" data-id=\"cbe4dec\" data-element_type=\"widget\" data-e-type=\"widget\" data-widget_type=\"text-editor.default\">\n\t\t\t\t<div class=\"elementor-widget-container\">\n\t\t\t\t\t\t\t\t\t<div id=\"section_712932\" class=\"section section--text pushup section__1 pushed\"><div class=\"section__container\"><div class=\"section__text\"><div class=\"section__text-block\"><p>La terapia intravenosa proporciona una forma r\u00e1pida y efectiva de restaurar l\u00edquidos y nutrientes. Al administrar hidrataci\u00f3n y nutrientes directamente en el torrente sangu\u00edneo, nuestro equipo puede ayudarlo a rehidratarse y recargarse en un entorno c\u00f3modo. Este enfoque directo ofrece varios beneficios, que incluyen:  <\/p><\/div><\/div><\/div><\/div>\t\t\t\t\t\t\t\t<\/div>\n\t\t\t\t<\/div>\n\t\t\t\t<div class=\"elementor-element elementor-element-735bb7d elementor-widget elementor-widget-text-editor\" data-id=\"735bb7d\" data-element_type=\"widget\" data-e-type=\"widget\" data-widget_type=\"text-editor.default\">\n\t\t\t\t<div class=\"elementor-widget-container\">\n\t\t\t\t\t\t\t\t\t<div id=\"section_712932\" class=\"section section--text pushup section__1 pushed\"><div class=\"section__container\"><div class=\"section__text\"><div class=\"section__text-block\"><ul><li data-end=\"175\" data-start=\"102\">Mejora la claridad mental al suministrar nutrientes esenciales al cerebro<\/li><li data-end=\"241\" data-start=\"176\">Apoya la recuperaci\u00f3n muscular despu\u00e9s de entrenamientos o actividades extenuantes<\/li><li data-end=\"296\" data-start=\"242\">Ayuda a eliminar las toxinas para promover el bienestar general<\/li><li data-end=\"359\" data-start=\"297\">Puede ayudar a aliviar los dolores de cabeza y los s\u00edntomas de deshidrataci\u00f3n.<\/li><li data-end=\"434\" data-is-last-node=\"\" data-start=\"360\">Proporciona una opci\u00f3n r\u00e1pida y eficaz para reponer nutrientes cuando sea necesario<\/li><\/ul><\/div><\/div><\/div><\/div>\t\t\t\t\t\t\t\t<\/div>\n\t\t\t\t<\/div>\n\t\t\t\t<\/div>\n\t\t\t\t\t<\/div>\n\t\t\t\t<\/div>\n\t\t<div class=\"elementor-element elementor-element-8457627 e-flex e-con-boxed e-con e-child\" data-id=\"8457627\" data-element_type=\"container\" data-e-type=\"container\">\n\t\t\t\t\t<div class=\"e-con-inner\">\n\t\t<div class=\"elementor-element elementor-element-d37bfe4 e-con-full e-flex e-con e-child\" data-id=\"d37bfe4\" data-element_type=\"container\" data-e-type=\"container\">\n\t\t\t\t<div class=\"elementor-element elementor-element-be4b2bd elementor-widget elementor-widget-heading\" data-id=\"be4b2bd\" data-element_type=\"widget\" data-e-type=\"widget\" data-widget_type=\"heading.default\">\n\t\t\t\t<div class=\"elementor-widget-container\">\n\t\t\t\t\t<h2 class=\"elementor-heading-title elementor-size-default\">Descubra nuestros tratamientos de infusi\u00f3n intravenosa<\/h2>\t\t\t\t<\/div>\n\t\t\t\t<\/div>\n\t\t\t\t<div class=\"elementor-element elementor-element-fe87412 elementor-widget elementor-widget-text-editor\" data-id=\"fe87412\" data-element_type=\"widget\" data-e-type=\"widget\" data-widget_type=\"text-editor.default\">\n\t\t\t\t<div class=\"elementor-widget-container\">\n\t\t\t\t\t\t\t\t\t<div id=\"section_712932\" class=\"section section--text pushup section__1 pushed\"><div class=\"section__container\"><div class=\"section__text\"><div class=\"section__text-block\"><div id=\"section_712934\" class=\"section section--text pushup section__5 pushed\"><div class=\"section__container\"><div class=\"section__text\"><div class=\"section__text-block\"><p>Una hidrataci\u00f3n adecuada es esencial para sentirse lo mejor posible todos los d\u00edas. Ya sea que se est\u00e9 recuperando de una enfermedad o buscando una actualizaci\u00f3n r\u00e1pida, la terapia de infusi\u00f3n intravenosa en Alive and Well Community Partners ofrece una manera f\u00e1cil de restablecer el equilibrio y aumentar su energ\u00eda. Visite nuestra oficina en Miami Gardens o Fort Lauderdale, FL para explorar nuestra gama completa de infusiones intravenosas y encontrar la mezcla adecuada para sus necesidades  <\/p><\/div><\/div><\/div><\/div><\/div><\/div><\/div><\/div>\t\t\t\t\t\t\t\t<\/div>\n\t\t\t\t<\/div>\n\t\t\t\t<\/div>\n\t\t\t\t\t<\/div>\n\t\t\t\t<\/div>\n\t\t<div class=\"elementor-element elementor-element-a5db77c e-flex e-con-boxed e-con e-child\" data-id=\"a5db77c\" data-element_type=\"container\" data-e-type=\"container\" data-settings=\"{&quot;background_background&quot;:&quot;classic&quot;,&quot;position&quot;:&quot;fixed&quot;}\">\n\t\t\t\t\t<div class=\"e-con-inner\">\n\t\t\t\t<div class=\"elementor-element elementor-element-63fab07 elementor-widget elementor-widget-heading\" data-id=\"63fab07\" data-element_type=\"widget\" data-e-type=\"widget\" data-widget_type=\"heading.default\">\n\t\t\t\t<div class=\"elementor-widget-container\">\n\t\t\t\t\t<h2 class=\"elementor-heading-title elementor-size-default\">\u00a1Comience su viaje hoy mismo!<\/h2>\t\t\t\t<\/div>\n\t\t\t\t<\/div>\n\t\t\t\t<div class=\"elementor-element elementor-element-cfd7481 fancy-button elementor-widget elementor-widget-button\" data-id=\"cfd7481\" data-element_type=\"widget\" data-e-type=\"widget\" data-widget_type=\"button.default\">\n\t\t\t\t<div class=\"elementor-widget-container\">\n\t\t\t\t\t\t\t\t\t<div class=\"elementor-button-wrapper\">\n\t\t\t\t\t<a class=\"elementor-button elementor-button-link elementor-size-sm\" href=\"#getInTouch\">\n\t\t\t\t\t\t<span class=\"elementor-button-content-wrapper\">\n\t\t\t\t\t\t\t\t\t<span class=\"elementor-button-text\">Empezar<\/span>\n\t\t\t\t\t<\/span>\n\t\t\t\t\t<\/a>\n\t\t\t\t<\/div>\n\t\t\t\t\t\t\t\t<\/div>\n\t\t\t\t<\/div>\n\t\t\t\t\t<\/div>\n\t\t\t\t<\/div>\n\t\t\t\t<\/div>\n\t\t<div class=\"elementor-element elementor-element-f1f4b86 e-flex e-con-boxed e-con e-parent\" data-id=\"f1f4b86\" data-element_type=\"container\" data-e-type=\"container\" data-settings=\"{&quot;background_background&quot;:&quot;classic&quot;}\">\n\t\t\t\t\t<div class=\"e-con-inner\">\n\t\t<div class=\"elementor-element elementor-element-b6d6783 e-con-full e-flex e-con e-child\" data-id=\"b6d6783\" data-element_type=\"container\" data-e-type=\"container\">\n\t\t<div class=\"elementor-element elementor-element-8e9b4b9 e-con-full e-flex e-con e-child\" data-id=\"8e9b4b9\" data-element_type=\"container\" data-e-type=\"container\">\n\t\t<div class=\"elementor-element elementor-element-f8c46d8 e-con-full e-flex e-con e-child\" data-id=\"f8c46d8\" data-element_type=\"container\" data-e-type=\"container\">\n\t\t\t\t<div class=\"elementor-element elementor-element-7db5fa1 elementor-widget elementor-widget-heading\" data-id=\"7db5fa1\" data-element_type=\"widget\" data-e-type=\"widget\" data-widget_type=\"heading.default\">\n\t\t\t\t<div class=\"elementor-widget-container\">\n\t\t\t\t\t<h2 class=\"elementor-heading-title elementor-size-default\">Procedimientos relacionados<\/h2>\t\t\t\t<\/div>\n\t\t\t\t<\/div>\n\t\t<div class=\"elementor-element elementor-element-0a54c31 e-con-full e-flex e-con e-child\" data-id=\"0a54c31\" data-element_type=\"container\" data-e-type=\"container\">\n\t\t<div class=\"elementor-element elementor-element-d735154 e-con-full e-flex e-con e-child\" data-id=\"d735154\" data-element_type=\"container\" data-e-type=\"container\" data-settings=\"{&quot;background_background&quot;:&quot;classic&quot;}\">\n\t\t<a class=\"elementor-element elementor-element-70f36d5 e-con-full service-container e-flex e-con e-child\" data-id=\"70f36d5\" data-element_type=\"container\" data-e-type=\"container\" href=\"\/services\/primary-care\">\n\t\t\t\t<div class=\"elementor-element elementor-element-29c93d1 elementor-widget elementor-widget-heading\" data-id=\"29c93d1\" data-element_type=\"widget\" data-e-type=\"widget\" data-widget_type=\"heading.default\">\n\t\t\t\t<div class=\"elementor-widget-container\">\n\t\t\t\t\t<h2 class=\"elementor-heading-title elementor-size-default\"><a href=\"https:\/\/test.aliveandwellprogram.com\/services\/primary-care-services\/primary-care\/\">Atenci\u00f3n primaria<\/a><\/h2>\t\t\t\t<\/div>\n\t\t\t\t<\/div>\n\t\t\t\t<\/a>\n\t\t\t\t<\/div>\n\t\t<div class=\"elementor-element elementor-element-52026c1 e-con-full e-flex e-con e-child\" data-id=\"52026c1\" data-element_type=\"container\" data-e-type=\"container\" data-settings=\"{&quot;background_background&quot;:&quot;classic&quot;}\">\n\t\t<a class=\"elementor-element elementor-element-b3c3d99 e-con-full service-container e-flex e-con e-child\" data-id=\"b3c3d99\" data-element_type=\"container\" data-e-type=\"container\" href=\"https:\/\/test.aliveandwellprogram.com\/services\/medical-testing\/allergy-testing\/\">\n\t\t\t\t<div class=\"elementor-element elementor-element-453d494 elementor-widget elementor-widget-heading\" data-id=\"453d494\" data-element_type=\"widget\" data-e-type=\"widget\" data-widget_type=\"heading.default\">\n\t\t\t\t<div class=\"elementor-widget-container\">\n\t\t\t\t\t<h2 class=\"elementor-heading-title elementor-size-default\"><a href=\"https:\/\/test.aliveandwellprogram.com\/services\/primary-care-services\/annual-physical-exam\/\">Examen f\u00edsico anual<\/a><\/h2>\t\t\t\t<\/div>\n\t\t\t\t<\/div>\n\t\t\t\t<\/a>\n\t\t\t\t<\/div>\n\t\t<div class=\"elementor-element elementor-element-f7b6960 e-con-full e-flex e-con e-child\" data-id=\"f7b6960\" data-element_type=\"container\" data-e-type=\"container\" data-settings=\"{&quot;background_background&quot;:&quot;classic&quot;}\">\n\t\t<a class=\"elementor-element elementor-element-788ee99 e-con-full service-container e-flex e-con e-child\" data-id=\"788ee99\" data-element_type=\"container\" data-e-type=\"container\" href=\"https:\/\/test.aliveandwellprogram.com\/services\/primary-care-services\/immigration-exam\/\">\n\t\t\t\t<div class=\"elementor-element elementor-element-819f321 elementor-widget elementor-widget-heading\" data-id=\"819f321\" data-element_type=\"widget\" data-e-type=\"widget\" data-widget_type=\"heading.default\">\n\t\t\t\t<div class=\"elementor-widget-container\">\n\t\t\t\t\t<h2 class=\"elementor-heading-title elementor-size-default\"><a href=\"https:\/\/test.aliveandwellprogram.com\/services\/primary-care-services\/immigration-exam\/\">Ex\u00e1menes de Inmigraci\u00f3n<\/a><\/h2>\t\t\t\t<\/div>\n\t\t\t\t<\/div>\n\t\t\t\t<\/a>\n\t\t\t\t<\/div>\n\t\t<div class=\"elementor-element elementor-element-a17cecb e-con-full e-flex e-con e-child\" data-id=\"a17cecb\" data-element_type=\"container\" data-e-type=\"container\" data-settings=\"{&quot;background_background&quot;:&quot;classic&quot;}\">\n\t\t<a class=\"elementor-element elementor-element-d800aff e-con-full service-container e-flex e-con e-child\" data-id=\"d800aff\" data-element_type=\"container\" data-e-type=\"container\" href=\"https:\/\/test.aliveandwellprogram.com\/services\/primary-care-services\/hypertension-treatment\/\">\n\t\t\t\t<div class=\"elementor-element elementor-element-0ce2b2e elementor-widget elementor-widget-heading\" data-id=\"0ce2b2e\" data-element_type=\"widget\" data-e-type=\"widget\" data-widget_type=\"heading.default\">\n\t\t\t\t<div class=\"elementor-widget-container\">\n\t\t\t\t\t<h2 class=\"elementor-heading-title elementor-size-default\"><a href=\"https:\/\/test.aliveandwellprogram.com\/services\/primary-care-services\/hypertension-treatment\/\">Tratamiento de la hipertensi\u00f3n<\/a><\/h2>\t\t\t\t<\/div>\n\t\t\t\t<\/div>\n\t\t\t\t<\/a>\n\t\t\t\t<\/div>\n\t\t<div class=\"elementor-element elementor-element-42df972 e-con-full e-flex e-con e-child\" data-id=\"42df972\" data-element_type=\"container\" data-e-type=\"container\" data-settings=\"{&quot;background_background&quot;:&quot;classic&quot;}\">\n\t\t<a class=\"elementor-element elementor-element-c5176f1 e-con-full service-container e-flex e-con e-child\" data-id=\"c5176f1\" data-element_type=\"container\" data-e-type=\"container\" href=\"https:\/\/test.aliveandwellprogram.com\/services\/primary-care-services\/diabetes-screening\/\">\n\t\t\t\t<div class=\"elementor-element elementor-element-aa03605 elementor-widget__width-inherit elementor-widget elementor-widget-heading\" data-id=\"aa03605\" data-element_type=\"widget\" data-e-type=\"widget\" data-widget_type=\"heading.default\">\n\t\t\t\t<div class=\"elementor-widget-container\">\n\t\t\t\t\t<h2 class=\"elementor-heading-title elementor-size-default\">Diabetes<br>Chequeo<\/h2>\t\t\t\t<\/div>\n\t\t\t\t<\/div>\n\t\t\t\t<\/a>\n\t\t\t\t<\/div>\n\t\t<div class=\"elementor-element elementor-element-823899d e-con-full e-flex e-con e-child\" data-id=\"823899d\" data-element_type=\"container\" data-e-type=\"container\" data-settings=\"{&quot;background_background&quot;:&quot;classic&quot;}\">\n\t\t<a class=\"elementor-element elementor-element-bcd7eb2 e-con-full service-container e-flex e-con e-child\" data-id=\"bcd7eb2\" data-element_type=\"container\" data-e-type=\"container\" href=\"https:\/\/test.aliveandwellprogram.com\/services\/primary-care-services\/medication-management\/\">\n\t\t\t\t<div class=\"elementor-element elementor-element-e88b9da elementor-widget__width-inherit elementor-widget elementor-widget-heading\" data-id=\"e88b9da\" data-element_type=\"widget\" data-e-type=\"widget\" data-widget_type=\"heading.default\">\n\t\t\t\t<div class=\"elementor-widget-container\">\n\t\t\t\t\t<h2 class=\"elementor-heading-title elementor-size-default\">Gesti\u00f3n de medicamentos<\/h2>\t\t\t\t<\/div>\n\t\t\t\t<\/div>\n\t\t\t\t<\/a>\n\t\t\t\t<\/div>\n\t\t<div class=\"elementor-element elementor-element-ace4fdf e-con-full e-flex e-con e-child\" data-id=\"ace4fdf\" data-element_type=\"container\" data-e-type=\"container\" data-settings=\"{&quot;background_background&quot;:&quot;classic&quot;}\">\n\t\t<a class=\"elementor-element elementor-element-2c2c5cd e-con-full service-container e-flex e-con e-child\" data-id=\"2c2c5cd\" data-element_type=\"container\" data-e-type=\"container\" href=\"https:\/\/test.aliveandwellprogram.com\/services\/primary-care-services\/medical-weight-loss\/\">\n\t\t\t\t<div class=\"elementor-element elementor-element-c3fa468 elementor-widget__width-inherit elementor-widget elementor-widget-heading\" data-id=\"c3fa468\" data-element_type=\"widget\" data-e-type=\"widget\" data-widget_type=\"heading.default\">\n\t\t\t\t<div class=\"elementor-widget-container\">\n\t\t\t\t\t<h2 class=\"elementor-heading-title elementor-size-default\">P\u00e9rdida de peso m\u00e9dica<\/h2>\t\t\t\t<\/div>\n\t\t\t\t<\/div>\n\t\t\t\t<\/a>\n\t\t\t\t<\/div>\n\t\t<div class=\"elementor-element elementor-element-48e6bf4 e-con-full elementor-hidden-desktop elementor-hidden-tablet elementor-hidden-mobile e-flex e-con e-child\" data-id=\"48e6bf4\" data-element_type=\"container\" data-e-type=\"container\" data-settings=\"{&quot;background_background&quot;:&quot;classic&quot;}\">\n\t\t<a class=\"elementor-element elementor-element-5c774ba e-con-full service-container e-flex e-con e-child\" data-id=\"5c774ba\" data-element_type=\"container\" data-e-type=\"container\" href=\"https:\/\/test.aliveandwellprogram.com\/services\/primary-care-services\/iv-therapy\/\">\n\t\t\t\t<div class=\"elementor-element elementor-element-87b11d2 elementor-widget__width-inherit elementor-widget elementor-widget-heading\" data-id=\"87b11d2\" data-element_type=\"widget\" data-e-type=\"widget\" data-widget_type=\"heading.default\">\n\t\t\t\t<div class=\"elementor-widget-container\">\n\t\t\t\t\t<h2 class=\"elementor-heading-title elementor-size-default\">terapia intravenosa<\/h2>\t\t\t\t<\/div>\n\t\t\t\t<\/div>\n\t\t\t\t<\/a>\n\t\t\t\t<\/div>\n\t\t\t\t<\/div>\n\t\t\t\t<\/div>\n\t\t\t\t<\/div>\n\t\t\t\t<\/div>\n\t\t\t\t\t<\/div>\n\t\t\t\t<\/div>\n\t\t\t\t<\/div>\n\t\t","protected":false},"excerpt":{"rendered":"<p>Inicio \/ Servicios \/ Servicios de Atenci\u00f3n Primaria \/ Terapia IV Terapia intravenosa EMPEZAR \u00bfQu\u00e9 es la terapia de vitaminas intravenosas? Cuando la deshidrataci\u00f3n, la fatiga o el estr\u00e9s cr\u00f3nico lo dejan sinti\u00e9ndose agotado, la terapia intravenosa administra l\u00edquidos, vitaminas y electrolitos directamente en el torrente sangu\u00edneo para un alivio r\u00e1pido y efectivo. Nuestro equipo [&hellip;]<\/p>\n","protected":false},"author":1,"featured_media":0,"parent":4244,"menu_order":0,"comment_status":"closed","ping_status":"closed","template":"","meta":{"footnotes":""},"class_list":["post-4254","page","type-page","status-publish","hentry"],"_links":{"self":[{"href":"https:\/\/aliveandwellprogram.com\/es\/wp-json\/wp\/v2\/pages\/4254","targetHints":{"allow":["GET"]}}],"collection":[{"href":"https:\/\/aliveandwellprogram.com\/es\/wp-json\/wp\/v2\/pages"}],"about":[{"href":"https:\/\/aliveandwellprogram.com\/es\/wp-json\/wp\/v2\/types\/page"}],"author":[{"embeddable":true,"href":"https:\/\/aliveandwellprogram.com\/es\/wp-json\/wp\/v2\/users\/1"}],"replies":[{"embeddable":true,"href":"https:\/\/aliveandwellprogram.com\/es\/wp-json\/wp\/v2\/comments?post=4254"}],"version-history":[{"count":1,"href":"https:\/\/aliveandwellprogram.com\/es\/wp-json\/wp\/v2\/pages\/4254\/revisions"}],"predecessor-version":[{"id":4255,"href":"https:\/\/aliveandwellprogram.com\/es\/wp-json\/wp\/v2\/pages\/4254\/revisions\/4255"}],"up":[{"embeddable":true,"href":"https:\/\/aliveandwellprogram.com\/es\/wp-json\/wp\/v2\/pages\/4244"}],"wp:attachment":[{"href":"https:\/\/aliveandwellprogram.com\/es\/wp-json\/wp\/v2\/media?parent=4254"}],"curies":[{"name":"wp","href":"https:\/\/api.w.org\/{rel}","templated":true}]}}