{"id":4248,"date":"2025-04-24T17:58:30","date_gmt":"2025-04-24T17:58:30","guid":{"rendered":"https:\/\/aliveandwellprogram.com\/servicios-de-atencion-primaria\/deteccion-de-diabetes\/"},"modified":"2025-08-11T15:25:16","modified_gmt":"2025-08-11T15:25:16","slug":"deteccion-de-diabetes","status":"publish","type":"page","link":"https:\/\/aliveandwellprogram.com\/es\/servicios-de-atencion-primaria\/deteccion-de-diabetes\/","title":{"rendered":"Detecci\u00f3n de diabetes"},"content":{"rendered":"\t\t<div data-elementor-type=\"wp-page\" data-elementor-id=\"4248\" class=\"elementor elementor-4248 elementor-466\" data-elementor-post-type=\"page\">\n\t\t\t\t<div class=\"elementor-element elementor-element-b43ba59 e-con-full e-flex e-con e-parent\" data-id=\"b43ba59\" data-element_type=\"container\" data-e-type=\"container\" data-settings=\"{&quot;background_background&quot;:&quot;video&quot;}\">\n\t\t<div class=\"elementor-element elementor-element-e2ffc38 e-con-full e-flex e-con e-child\" data-id=\"e2ffc38\" data-element_type=\"container\" data-e-type=\"container\" data-settings=\"{&quot;background_background&quot;:&quot;video&quot;,&quot;background_video_link&quot;:&quot;https:\\\/\\\/test.aliveandwellprogram.com\\\/wp-content\\\/uploads\\\/2025\\\/06\\\/Diabetes.mov&quot;}\">\n\t\t<div class=\"elementor-background-video-container elementor-hidden-mobile\">\n\t\t\t\t\t\t\t<video class=\"elementor-background-video-hosted\" role=\"presentation\" autoplay muted playsinline loop><\/video>\n\t\t\t\t\t<\/div><div class=\"elementor-element elementor-element-d548870 e-con-full e-flex e-con e-child\" data-id=\"d548870\" data-element_type=\"container\" data-e-type=\"container\">\n\t\t\t\t<div class=\"elementor-element elementor-element-9115854 link mb-0 elementor-widget elementor-widget-text-editor\" data-id=\"9115854\" data-element_type=\"widget\" data-e-type=\"widget\" data-widget_type=\"text-editor.default\">\n\t\t\t\t<div class=\"elementor-widget-container\">\n\t\t\t\t\t\t\t\t\t<p><a href=\"\/\">Inicio<\/a> \/ <a href=\"https:\/\/test.aliveandwellprogram.com\/services\/\">Servicios<\/a> \/ Servicios de Atenci\u00f3n Primaria \/ Detecci\u00f3n de Diabetes<\/p>\t\t\t\t\t\t\t\t<\/div>\n\t\t\t\t<\/div>\n\t\t\t\t<div class=\"elementor-element elementor-element-14b510a elementor-widget__width-initial elementor-widget elementor-widget-heading\" data-id=\"14b510a\" data-element_type=\"widget\" data-e-type=\"widget\" data-widget_type=\"heading.default\">\n\t\t\t\t<div class=\"elementor-widget-container\">\n\t\t\t\t\t<h2 class=\"elementor-heading-title elementor-size-default\">Tome el control de su salud: h\u00e1gase una prueba de detecci\u00f3n de diabetes hoy<\/h2>\t\t\t\t<\/div>\n\t\t\t\t<\/div>\n\t\t\t\t<div class=\"elementor-element elementor-element-48a5519 elementor-widget elementor-widget-button\" data-id=\"48a5519\" data-element_type=\"widget\" data-e-type=\"widget\" data-widget_type=\"button.default\">\n\t\t\t\t<div class=\"elementor-widget-container\">\n\t\t\t\t\t\t\t\t\t<div class=\"elementor-button-wrapper\">\n\t\t\t\t\t<a class=\"elementor-button elementor-button-link elementor-size-sm\" href=\"#getInTouch\">\n\t\t\t\t\t\t<span class=\"elementor-button-content-wrapper\">\n\t\t\t\t\t\t\t\t\t<span class=\"elementor-button-text\">EMPEZAR<\/span>\n\t\t\t\t\t<\/span>\n\t\t\t\t\t<\/a>\n\t\t\t\t<\/div>\n\t\t\t\t\t\t\t\t<\/div>\n\t\t\t\t<\/div>\n\t\t\t\t<\/div>\n\t\t\t\t<\/div>\n\t\t<div class=\"elementor-element elementor-element-cca7bb2 e-flex e-con-boxed e-con e-child\" data-id=\"cca7bb2\" data-element_type=\"container\" data-e-type=\"container\">\n\t\t\t\t\t<div class=\"e-con-inner\">\n\t\t<div class=\"elementor-element elementor-element-00002f0 e-con-full e-flex e-con e-child\" data-id=\"00002f0\" data-element_type=\"container\" data-e-type=\"container\">\n\t\t\t\t<div class=\"elementor-element elementor-element-93c77ab elementor-widget elementor-widget-heading\" data-id=\"93c77ab\" data-element_type=\"widget\" data-e-type=\"widget\" data-widget_type=\"heading.default\">\n\t\t\t\t<div class=\"elementor-widget-container\">\n\t\t\t\t\t<h2 class=\"elementor-heading-title elementor-size-default\">\u00bfQu\u00e9 es la detecci\u00f3n de diabetes?\n<\/h2>\t\t\t\t<\/div>\n\t\t\t\t<\/div>\n\t\t\t\t<div class=\"elementor-element elementor-element-952ea00 elementor-widget elementor-widget-text-editor\" data-id=\"952ea00\" data-element_type=\"widget\" data-e-type=\"widget\" data-widget_type=\"text-editor.default\">\n\t\t\t\t<div class=\"elementor-widget-container\">\n\t\t\t\t\t\t\t\t\t<div id=\"section_712932\" class=\"section section--text pushup section__1 pushed\"><div class=\"section__container\"><div class=\"section__text\"><div class=\"section__text-block\"><div id=\"section_712917\" class=\"section section--text pushup section__1 pushed\"><div class=\"section__container\"><div class=\"section__text\"><div class=\"section__text-block\"><div id=\"section_712912\" class=\"section section--text pushup section__1 pushed\"><div class=\"section__container\"><div class=\"section__text\"><div class=\"section__text-block\"><div id=\"section_712922\" class=\"section section--text pushup section__1 pushed\"><div class=\"section__container\"><div class=\"section__text\"><div class=\"section__text-block\"><p>La prueba de detecci\u00f3n de diabetes es un simple an\u00e1lisis de sangre que verifica sus niveles de az\u00facar en la sangre. Ayuda a detectar la prediabetes o la diabetes, a menudo antes de que aparezcan los s\u00edntomas. El diagn\u00f3stico temprano puede prevenir complicaciones de salud graves como enfermedades card\u00edacas, insuficiencia renal y problemas de visi\u00f3n.  <\/p><\/div><\/div><\/div><\/div><\/div><\/div><\/div><\/div><\/div><\/div><\/div><\/div><\/div><\/div><\/div><\/div>\t\t\t\t\t\t\t\t<\/div>\n\t\t\t\t<\/div>\n\t\t\t\t<\/div>\n\t\t\t\t\t<\/div>\n\t\t\t\t<\/div>\n\t\t<div class=\"elementor-element elementor-element-fdd541f e-flex e-con-boxed e-con e-child\" data-id=\"fdd541f\" data-element_type=\"container\" data-e-type=\"container\" data-settings=\"{&quot;background_background&quot;:&quot;classic&quot;}\">\n\t\t\t\t\t<div class=\"e-con-inner\">\n\t\t<div class=\"elementor-element elementor-element-b9ec77a e-con-full e-flex e-con e-child\" data-id=\"b9ec77a\" data-element_type=\"container\" data-e-type=\"container\">\n\t\t<div class=\"elementor-element elementor-element-de48793 e-con-full e-flex e-con e-child\" data-id=\"de48793\" data-element_type=\"container\" data-e-type=\"container\" data-settings=\"{&quot;background_background&quot;:&quot;classic&quot;}\">\n\t\t\t\t<div class=\"elementor-element elementor-element-81c221c elementor-widget elementor-widget-heading\" data-id=\"81c221c\" data-element_type=\"widget\" data-e-type=\"widget\" data-widget_type=\"heading.default\">\n\t\t\t\t<div class=\"elementor-widget-container\">\n\t\t\t\t\t<h2 class=\"elementor-heading-title elementor-size-default\">\u00bfQui\u00e9n debe hacerse la prueba?<\/h2>\t\t\t\t<\/div>\n\t\t\t\t<\/div>\n\t\t\t\t<div class=\"elementor-element elementor-element-97ac859 elementor-widget elementor-widget-text-editor\" data-id=\"97ac859\" data-element_type=\"widget\" data-e-type=\"widget\" data-widget_type=\"text-editor.default\">\n\t\t\t\t<div class=\"elementor-widget-container\">\n\t\t\t\t\t\t\t\t\t<ul>\n \t<li>Debe considerar una prueba de detecci\u00f3n de diabetes si:<\/li>\n \t<li>Son mayores de 35 a\u00f1os<\/li>\n \t<li>Tiene antecedentes familiares de diabetes<\/li>\n \t<li>Tiene sobrepeso u obesidad<\/li>\n \t<li>Est\u00e1 f\u00edsicamente inactivo<\/li>\n \t<li>Experimenta s\u00edntomas como micci\u00f3n frecuente, sed excesiva, fatiga o visi\u00f3n borrosa<\/li>\n \t<li>Tiene presi\u00f3n arterial alta o colesterol alto<\/li>\n<\/ul>\n<ul>\t\t\t\t\t\t\t\t<\/div>\n\t\t\t\t<\/div>\n\t\t\t\t<\/div>\n\t\t<div class=\"elementor-element elementor-element-368d024 e-con-full e-flex e-con e-child\" data-id=\"368d024\" data-element_type=\"container\" data-e-type=\"container\" data-settings=\"{&quot;background_background&quot;:&quot;classic&quot;}\">\n\t\t\t\t<\/div>\n\t\t\t\t<\/div>\n\t\t\t\t\t<\/div>\n\t\t\t\t<\/div>\n\t\t<div class=\"elementor-element elementor-element-7a7ebbb e-flex e-con-boxed e-con e-child\" data-id=\"7a7ebbb\" data-element_type=\"container\" data-e-type=\"container\">\n\t\t\t\t\t<div class=\"e-con-inner\">\n\t\t<div class=\"elementor-element elementor-element-c0736d1 e-con-full e-flex e-con e-child\" data-id=\"c0736d1\" data-element_type=\"container\" data-e-type=\"container\">\n\t\t\t\t<div class=\"elementor-element elementor-element-b2419e1 elementor-widget elementor-widget-heading\" data-id=\"b2419e1\" data-element_type=\"widget\" data-e-type=\"widget\" data-widget_type=\"heading.default\">\n\t\t\t\t<div class=\"elementor-widget-container\">\n\t\t\t\t\t<h2 class=\"elementor-heading-title elementor-size-default\">Qu\u00e9 esperar<\/h2>\t\t\t\t<\/div>\n\t\t\t\t<\/div>\n\t\t\t\t<div class=\"elementor-element elementor-element-80f0d1e elementor-widget elementor-widget-text-editor\" data-id=\"80f0d1e\" data-element_type=\"widget\" data-e-type=\"widget\" data-widget_type=\"text-editor.default\">\n\t\t\t\t<div class=\"elementor-widget-container\">\n\t\t\t\t\t\t\t\t\t<div id=\"section_712932\" class=\"section section--text pushup section__1 pushed\"><div class=\"section__container\"><div class=\"section__text\"><div class=\"section__text-block\"><p>Nuestro proceso de selecci\u00f3n es r\u00e1pido, profesional y confidencial:<br>Consulta inicial: discuta su historial m\u00e9dico y factores de riesgo.<br>An\u00e1lisis de sangre: se realizar\u00e1 una prueba r\u00e1pida de A1C, az\u00facar en sangre en ayunas o tolerancia a la glucosa.<br>Resultados y educaci\u00f3n: recibir\u00e1 sus resultados y un plan de bienestar personalizado.<br>Atenci\u00f3n de seguimiento: si es necesario, lo conectaremos con uno de nuestros proveedores de atenci\u00f3n primaria o especialistas en diabetes<\/p><\/div><\/div><\/div><\/div>\t\t\t\t\t\t\t\t<\/div>\n\t\t\t\t<\/div>\n\t\t\t\t<div class=\"elementor-element elementor-element-f6ba898 elementor-widget elementor-widget-heading\" data-id=\"f6ba898\" data-element_type=\"widget\" data-e-type=\"widget\" data-widget_type=\"heading.default\">\n\t\t\t\t<div class=\"elementor-widget-container\">\n\t\t\t\t\t<h2 class=\"elementor-heading-title elementor-size-default\">\u00bfPor qu\u00e9 elegir Alive and Well?<\/h2>\t\t\t\t<\/div>\n\t\t\t\t<\/div>\n\t\t\t\t<div class=\"elementor-element elementor-element-e852d04 elementor-widget elementor-widget-text-editor\" data-id=\"e852d04\" data-element_type=\"widget\" data-e-type=\"widget\" data-widget_type=\"text-editor.default\">\n\t\t\t\t<div class=\"elementor-widget-container\">\n\t\t\t\t\t\t\t\t\t<div id=\"section_712932\" class=\"section section--text pushup section__1 pushed\"><div class=\"section__container\"><div class=\"section__text\"><div class=\"section__text-block\"><p>Citas disponibles el mismo d\u00eda<br>Atenci\u00f3n compasiva y culturalmente competente<br>Servicios integrados que incluyen laboratorio, asesoramiento nutricional y atenci\u00f3n primaria<br>Atenci\u00f3n asequible con o sin seguro<br>Proteja su futuro: conozca sus n\u00fameros<br>Ya sea que est\u00e9 buscando tomar medidas proactivas o ya controlando su nivel de az\u00facar en la sangre, Alive and Well es su socio en la prevenci\u00f3n y el cuidado.<\/p><\/div><\/div><\/div><\/div>\t\t\t\t\t\t\t\t<\/div>\n\t\t\t\t<\/div>\n\t\t\t\t<\/div>\n\t\t\t\t\t<\/div>\n\t\t\t\t<\/div>\n\t\t<div class=\"elementor-element elementor-element-3b3f009 e-flex e-con-boxed e-con e-child\" data-id=\"3b3f009\" data-element_type=\"container\" data-e-type=\"container\">\n\t\t\t\t\t<div class=\"e-con-inner\">\n\t\t<div class=\"elementor-element elementor-element-8c71528 e-con-full e-flex e-con e-child\" data-id=\"8c71528\" data-element_type=\"container\" data-e-type=\"container\">\n\t\t\t\t<div class=\"elementor-element elementor-element-ae0c5a3 elementor-widget elementor-widget-heading\" data-id=\"ae0c5a3\" data-element_type=\"widget\" data-e-type=\"widget\" data-widget_type=\"heading.default\">\n\t\t\t\t<div class=\"elementor-widget-container\">\n\t\t\t\t\t<h2 class=\"elementor-heading-title elementor-size-default\">Programe su proyecci\u00f3n hoy\n<\/h2>\t\t\t\t<\/div>\n\t\t\t\t<\/div>\n\t\t\t\t<div class=\"elementor-element elementor-element-5038284 elementor-align-center elementor-icon-list--layout-traditional elementor-list-item-link-full_width elementor-widget elementor-widget-icon-list\" data-id=\"5038284\" data-element_type=\"widget\" data-e-type=\"widget\" data-widget_type=\"icon-list.default\">\n\t\t\t\t<div class=\"elementor-widget-container\">\n\t\t\t\t\t\t\t<ul class=\"elementor-icon-list-items\">\n\t\t\t\t\t\t\t<li class=\"elementor-icon-list-item\">\n\t\t\t\t\t\t\t\t\t\t\t<a href=\"tel:8004341366\">\n\n\t\t\t\t\t\t\t\t\t\t\t\t<span class=\"elementor-icon-list-icon\">\n\t\t\t\t\t\t\t<svg aria-hidden=\"true\" class=\"e-font-icon-svg e-fas-phone-alt\" viewBox=\"0 0 512 512\" xmlns=\"http:\/\/www.w3.org\/2000\/svg\"><path d=\"M497.39 361.8l-112-48a24 24 0 0 0-28 6.9l-49.6 60.6A370.66 370.66 0 0 1 130.6 204.11l60.6-49.6a23.94 23.94 0 0 0 6.9-28l-48-112A24.16 24.16 0 0 0 122.6.61l-104 24A24 24 0 0 0 0 48c0 256.5 207.9 464 464 464a24 24 0 0 0 23.4-18.6l24-104a24.29 24.29 0 0 0-14.01-27.6z\"><\/path><\/svg>\t\t\t\t\t\t<\/span>\n\t\t\t\t\t\t\t\t\t\t<span class=\"elementor-icon-list-text\">Ll\u00e1menos:(800) 434-1366<\/span>\n\t\t\t\t\t\t\t\t\t\t\t<\/a>\n\t\t\t\t\t\t\t\t\t<\/li>\n\t\t\t\t\t\t<\/ul>\n\t\t\t\t\t\t<\/div>\n\t\t\t\t<\/div>\n\t\t\t\t<\/div>\n\t\t\t\t\t<\/div>\n\t\t\t\t<\/div>\n\t\t<div class=\"elementor-element elementor-element-8c77990 e-flex e-con-boxed e-con e-child\" data-id=\"8c77990\" data-element_type=\"container\" data-e-type=\"container\" data-settings=\"{&quot;background_background&quot;:&quot;classic&quot;,&quot;position&quot;:&quot;fixed&quot;}\">\n\t\t\t\t\t<div class=\"e-con-inner\">\n\t\t\t\t<div class=\"elementor-element elementor-element-92a5557 elementor-widget elementor-widget-heading\" data-id=\"92a5557\" data-element_type=\"widget\" data-e-type=\"widget\" data-widget_type=\"heading.default\">\n\t\t\t\t<div class=\"elementor-widget-container\">\n\t\t\t\t\t<h2 class=\"elementor-heading-title elementor-size-default\">\u00a1Comience su viaje hoy mismo!<\/h2>\t\t\t\t<\/div>\n\t\t\t\t<\/div>\n\t\t\t\t<div class=\"elementor-element elementor-element-7a8f7ac fancy-button elementor-widget elementor-widget-button\" data-id=\"7a8f7ac\" data-element_type=\"widget\" data-e-type=\"widget\" data-widget_type=\"button.default\">\n\t\t\t\t<div class=\"elementor-widget-container\">\n\t\t\t\t\t\t\t\t\t<div class=\"elementor-button-wrapper\">\n\t\t\t\t\t<a class=\"elementor-button elementor-button-link elementor-size-sm\" href=\"#getInTouch\">\n\t\t\t\t\t\t<span class=\"elementor-button-content-wrapper\">\n\t\t\t\t\t\t\t\t\t<span class=\"elementor-button-text\">Empezar<\/span>\n\t\t\t\t\t<\/span>\n\t\t\t\t\t<\/a>\n\t\t\t\t<\/div>\n\t\t\t\t\t\t\t\t<\/div>\n\t\t\t\t<\/div>\n\t\t\t\t\t<\/div>\n\t\t\t\t<\/div>\n\t\t\t\t<\/div>\n\t\t<div class=\"elementor-element elementor-element-4377813 e-flex e-con-boxed e-con e-parent\" data-id=\"4377813\" data-element_type=\"container\" data-e-type=\"container\" data-settings=\"{&quot;background_background&quot;:&quot;classic&quot;}\">\n\t\t\t\t\t<div class=\"e-con-inner\">\n\t\t\t\t<div class=\"elementor-element elementor-element-2365ce0 elementor-widget elementor-widget-heading\" data-id=\"2365ce0\" data-element_type=\"widget\" data-e-type=\"widget\" data-widget_type=\"heading.default\">\n\t\t\t\t<div class=\"elementor-widget-container\">\n\t\t\t\t\t<h2 class=\"elementor-heading-title elementor-size-default\">Procedimientos relacionados<\/h2>\t\t\t\t<\/div>\n\t\t\t\t<\/div>\n\t\t<div class=\"elementor-element elementor-element-78547ca e-con-full e-flex e-con e-child\" data-id=\"78547ca\" data-element_type=\"container\" data-e-type=\"container\">\n\t\t<div class=\"elementor-element elementor-element-3a127a9 e-con-full e-flex e-con e-child\" data-id=\"3a127a9\" data-element_type=\"container\" data-e-type=\"container\" data-settings=\"{&quot;background_background&quot;:&quot;classic&quot;}\">\n\t\t<a class=\"elementor-element elementor-element-2c3520d e-con-full service-container e-flex e-con e-child\" data-id=\"2c3520d\" data-element_type=\"container\" data-e-type=\"container\" href=\"\/services\/primary-care\">\n\t\t\t\t<div class=\"elementor-element elementor-element-a126ca4 elementor-widget elementor-widget-heading\" data-id=\"a126ca4\" data-element_type=\"widget\" data-e-type=\"widget\" data-widget_type=\"heading.default\">\n\t\t\t\t<div class=\"elementor-widget-container\">\n\t\t\t\t\t<h2 class=\"elementor-heading-title elementor-size-default\"><a href=\"https:\/\/test.aliveandwellprogram.com\/services\/primary-care-services\/primary-care\/\">Atenci\u00f3n primaria<\/a><\/h2>\t\t\t\t<\/div>\n\t\t\t\t<\/div>\n\t\t\t\t<\/a>\n\t\t\t\t<\/div>\n\t\t<div class=\"elementor-element elementor-element-97284cd e-con-full e-flex e-con e-child\" data-id=\"97284cd\" data-element_type=\"container\" data-e-type=\"container\" data-settings=\"{&quot;background_background&quot;:&quot;classic&quot;}\">\n\t\t<a class=\"elementor-element elementor-element-53b55ec e-con-full service-container e-flex e-con e-child\" data-id=\"53b55ec\" data-element_type=\"container\" data-e-type=\"container\" href=\"https:\/\/test.aliveandwellprogram.com\/services\/medical-testing\/allergy-testing\/\">\n\t\t\t\t<div class=\"elementor-element elementor-element-987ef0b elementor-widget elementor-widget-heading\" data-id=\"987ef0b\" data-element_type=\"widget\" data-e-type=\"widget\" data-widget_type=\"heading.default\">\n\t\t\t\t<div class=\"elementor-widget-container\">\n\t\t\t\t\t<h2 class=\"elementor-heading-title elementor-size-default\"><a href=\"https:\/\/test.aliveandwellprogram.com\/services\/primary-care-services\/annual-physical-exam\/\">Examen f\u00edsico anual<\/a><\/h2>\t\t\t\t<\/div>\n\t\t\t\t<\/div>\n\t\t\t\t<\/a>\n\t\t\t\t<\/div>\n\t\t<div class=\"elementor-element elementor-element-f17dfa7 e-con-full e-flex e-con e-child\" data-id=\"f17dfa7\" data-element_type=\"container\" data-e-type=\"container\" data-settings=\"{&quot;background_background&quot;:&quot;classic&quot;}\">\n\t\t<a class=\"elementor-element elementor-element-478d2c5 e-con-full service-container e-flex e-con e-child\" data-id=\"478d2c5\" data-element_type=\"container\" data-e-type=\"container\" href=\"https:\/\/test.aliveandwellprogram.com\/services\/primary-care-services\/immigration-exam\/\">\n\t\t\t\t<div class=\"elementor-element elementor-element-1d56db5 elementor-widget elementor-widget-heading\" data-id=\"1d56db5\" data-element_type=\"widget\" data-e-type=\"widget\" data-widget_type=\"heading.default\">\n\t\t\t\t<div class=\"elementor-widget-container\">\n\t\t\t\t\t<h2 class=\"elementor-heading-title elementor-size-default\"><a href=\"https:\/\/test.aliveandwellprogram.com\/services\/primary-care-services\/immigration-exam\/\">Ex\u00e1menes de Inmigraci\u00f3n<\/a><\/h2>\t\t\t\t<\/div>\n\t\t\t\t<\/div>\n\t\t\t\t<\/a>\n\t\t\t\t<\/div>\n\t\t<div class=\"elementor-element elementor-element-dfaddd0 e-con-full e-flex e-con e-child\" data-id=\"dfaddd0\" data-element_type=\"container\" data-e-type=\"container\" data-settings=\"{&quot;background_background&quot;:&quot;classic&quot;}\">\n\t\t<a class=\"elementor-element elementor-element-d8ecc83 e-con-full service-container e-flex e-con e-child\" data-id=\"d8ecc83\" data-element_type=\"container\" data-e-type=\"container\" href=\"https:\/\/test.aliveandwellprogram.com\/services\/primary-care-services\/hypertension-treatment\/\">\n\t\t\t\t<div class=\"elementor-element elementor-element-fab50df elementor-widget elementor-widget-heading\" data-id=\"fab50df\" data-element_type=\"widget\" data-e-type=\"widget\" data-widget_type=\"heading.default\">\n\t\t\t\t<div class=\"elementor-widget-container\">\n\t\t\t\t\t<h2 class=\"elementor-heading-title elementor-size-default\"><a href=\"https:\/\/test.aliveandwellprogram.com\/services\/primary-care-services\/hypertension-treatment\/\">Tratamiento de la hipertensi\u00f3n<\/a><\/h2>\t\t\t\t<\/div>\n\t\t\t\t<\/div>\n\t\t\t\t<\/a>\n\t\t\t\t<\/div>\n\t\t<div class=\"elementor-element elementor-element-1b09f67 e-con-full e-flex e-con e-child\" data-id=\"1b09f67\" data-element_type=\"container\" data-e-type=\"container\" data-settings=\"{&quot;background_background&quot;:&quot;classic&quot;}\">\n\t\t<a class=\"elementor-element elementor-element-e9d8181 e-con-full service-container e-flex e-con e-child\" data-id=\"e9d8181\" data-element_type=\"container\" data-e-type=\"container\" href=\"https:\/\/test.aliveandwellprogram.com\/services\/primary-care-services\/diabetes-screening\/\">\n\t\t\t\t<div class=\"elementor-element elementor-element-063ba9e elementor-widget__width-inherit elementor-widget elementor-widget-heading\" data-id=\"063ba9e\" data-element_type=\"widget\" data-e-type=\"widget\" data-widget_type=\"heading.default\">\n\t\t\t\t<div class=\"elementor-widget-container\">\n\t\t\t\t\t<h2 class=\"elementor-heading-title elementor-size-default\">Diabetes<br>Chequeo<\/h2>\t\t\t\t<\/div>\n\t\t\t\t<\/div>\n\t\t\t\t<\/a>\n\t\t\t\t<\/div>\n\t\t<div class=\"elementor-element elementor-element-97d35cf e-con-full e-flex e-con e-child\" data-id=\"97d35cf\" data-element_type=\"container\" data-e-type=\"container\" data-settings=\"{&quot;background_background&quot;:&quot;classic&quot;}\">\n\t\t<a class=\"elementor-element elementor-element-a906c07 e-con-full service-container e-flex e-con e-child\" data-id=\"a906c07\" data-element_type=\"container\" data-e-type=\"container\" href=\"https:\/\/test.aliveandwellprogram.com\/services\/primary-care-services\/medical-weight-loss\/\">\n\t\t\t\t<div class=\"elementor-element elementor-element-5e8c4cc elementor-widget__width-inherit elementor-widget elementor-widget-heading\" data-id=\"5e8c4cc\" data-element_type=\"widget\" data-e-type=\"widget\" data-widget_type=\"heading.default\">\n\t\t\t\t<div class=\"elementor-widget-container\">\n\t\t\t\t\t<h2 class=\"elementor-heading-title elementor-size-default\">P\u00e9rdida de peso m\u00e9dica<\/h2>\t\t\t\t<\/div>\n\t\t\t\t<\/div>\n\t\t\t\t<\/a>\n\t\t\t\t<\/div>\n\t\t<div class=\"elementor-element elementor-element-a08414a e-con-full e-flex e-con e-child\" data-id=\"a08414a\" data-element_type=\"container\" data-e-type=\"container\" data-settings=\"{&quot;background_background&quot;:&quot;classic&quot;}\">\n\t\t<a class=\"elementor-element elementor-element-202a19b e-con-full service-container e-flex e-con e-child\" data-id=\"202a19b\" data-element_type=\"container\" data-e-type=\"container\" href=\"https:\/\/test.aliveandwellprogram.com\/services\/primary-care-services\/iv-therapy\/\">\n\t\t\t\t<div class=\"elementor-element elementor-element-8adac01 elementor-widget__width-inherit elementor-widget elementor-widget-heading\" data-id=\"8adac01\" data-element_type=\"widget\" data-e-type=\"widget\" data-widget_type=\"heading.default\">\n\t\t\t\t<div class=\"elementor-widget-container\">\n\t\t\t\t\t<h2 class=\"elementor-heading-title elementor-size-default\"><a href=\"https:\/\/test.aliveandwellprogram.com\/services\/primary-care-services\/iv-therapy\/\">terapia intravenosa<\/a><\/h2>\t\t\t\t<\/div>\n\t\t\t\t<\/div>\n\t\t\t\t<\/a>\n\t\t\t\t<\/div>\n\t\t\t\t<\/div>\n\t\t\t\t\t<\/div>\n\t\t\t\t<\/div>\n\t\t\t\t<\/div>\n\t\t","protected":false},"excerpt":{"rendered":"<p>Inicio \/ Servicios \/ Servicios de Atenci\u00f3n Primaria \/ Detecci\u00f3n de Diabetes Tome el control de su salud: h\u00e1gase una prueba de detecci\u00f3n de diabetes hoy EMPEZAR \u00bfQu\u00e9 es la detecci\u00f3n de diabetes? La prueba de detecci\u00f3n de diabetes es un simple an\u00e1lisis de sangre que verifica sus niveles de az\u00facar en la sangre. Ayuda [&hellip;]<\/p>\n","protected":false},"author":1,"featured_media":0,"parent":4244,"menu_order":0,"comment_status":"closed","ping_status":"closed","template":"","meta":{"footnotes":""},"class_list":["post-4248","page","type-page","status-publish","hentry"],"_links":{"self":[{"href":"https:\/\/aliveandwellprogram.com\/es\/wp-json\/wp\/v2\/pages\/4248","targetHints":{"allow":["GET"]}}],"collection":[{"href":"https:\/\/aliveandwellprogram.com\/es\/wp-json\/wp\/v2\/pages"}],"about":[{"href":"https:\/\/aliveandwellprogram.com\/es\/wp-json\/wp\/v2\/types\/page"}],"author":[{"embeddable":true,"href":"https:\/\/aliveandwellprogram.com\/es\/wp-json\/wp\/v2\/users\/1"}],"replies":[{"embeddable":true,"href":"https:\/\/aliveandwellprogram.com\/es\/wp-json\/wp\/v2\/comments?post=4248"}],"version-history":[{"count":1,"href":"https:\/\/aliveandwellprogram.com\/es\/wp-json\/wp\/v2\/pages\/4248\/revisions"}],"predecessor-version":[{"id":4249,"href":"https:\/\/aliveandwellprogram.com\/es\/wp-json\/wp\/v2\/pages\/4248\/revisions\/4249"}],"up":[{"embeddable":true,"href":"https:\/\/aliveandwellprogram.com\/es\/wp-json\/wp\/v2\/pages\/4244"}],"wp:attachment":[{"href":"https:\/\/aliveandwellprogram.com\/es\/wp-json\/wp\/v2\/media?parent=4248"}],"curies":[{"name":"wp","href":"https:\/\/api.w.org\/{rel}","templated":true}]}}