{"id":4224,"date":"2025-04-24T11:50:56","date_gmt":"2025-04-24T11:50:56","guid":{"rendered":"https:\/\/aliveandwellprogram.com\/trabajo-de-laboratorio\/"},"modified":"2025-10-16T19:03:10","modified_gmt":"2025-10-16T19:03:10","slug":"trabajo-de-laboratorio","status":"publish","type":"page","link":"https:\/\/aliveandwellprogram.com\/es\/trabajo-de-laboratorio\/","title":{"rendered":"Trabajo de laboratorio"},"content":{"rendered":"\t\t<div data-elementor-type=\"wp-page\" data-elementor-id=\"4224\" class=\"elementor elementor-4224 elementor-151\" data-elementor-post-type=\"page\">\n\t\t\t\t<div class=\"elementor-element elementor-element-3e06e3e e-con-full e-flex e-con e-parent\" data-id=\"3e06e3e\" data-element_type=\"container\" data-e-type=\"container\">\n\t\t<div class=\"elementor-element elementor-element-4b6213c e-con-full e-flex e-con e-child\" data-id=\"4b6213c\" data-element_type=\"container\" data-e-type=\"container\" data-settings=\"{&quot;background_background&quot;:&quot;video&quot;,&quot;background_video_link&quot;:&quot;\\\/wp-content\\\/uploads\\\/2025\\\/06\\\/medical-testinglab-work.mov&quot;}\">\n\t\t<div class=\"elementor-background-video-container elementor-hidden-mobile\">\n\t\t\t\t\t\t\t<video class=\"elementor-background-video-hosted\" role=\"presentation\" autoplay muted playsinline loop><\/video>\n\t\t\t\t\t<\/div><div class=\"elementor-element elementor-element-506f964 e-con-full e-flex e-con e-child\" data-id=\"506f964\" data-element_type=\"container\" data-e-type=\"container\">\n\t\t\t\t<div class=\"elementor-element elementor-element-60c4c2f link mb-0 elementor-widget elementor-widget-text-editor\" data-id=\"60c4c2f\" data-element_type=\"widget\" data-e-type=\"widget\" data-widget_type=\"text-editor.default\">\n\t\t\t\t<div class=\"elementor-widget-container\">\n\t\t\t\t\t\t\t\t\t<p><a href=\"\/\">Inicio<\/a> \/ <a href=\"https:\/\/test.aliveandwellprogram.com\/services\/\">Servicios<\/a> \/ Servicios de atenci\u00f3n primaria \/ Trabajo de laboratorio en Miami<\/p>\t\t\t\t\t\t\t\t<\/div>\n\t\t\t\t<\/div>\n\t\t\t\t<div class=\"elementor-element elementor-element-75aabe8 elementor-widget__width-initial elementor-widget elementor-widget-heading\" data-id=\"75aabe8\" data-element_type=\"widget\" data-e-type=\"widget\" data-widget_type=\"heading.default\">\n\t\t\t\t<div class=\"elementor-widget-container\">\n\t\t\t\t\t<h2 class=\"elementor-heading-title elementor-size-default\">Trabajo de laboratorio\n<\/h2>\t\t\t\t<\/div>\n\t\t\t\t<\/div>\n\t\t\t\t<div class=\"elementor-element elementor-element-20a9ac6 elementor-widget elementor-widget-button\" data-id=\"20a9ac6\" data-element_type=\"widget\" data-e-type=\"widget\" data-widget_type=\"button.default\">\n\t\t\t\t<div class=\"elementor-widget-container\">\n\t\t\t\t\t\t\t\t\t<div class=\"elementor-button-wrapper\">\n\t\t\t\t\t<a class=\"elementor-button elementor-button-link elementor-size-sm\" href=\"#getInTouch\">\n\t\t\t\t\t\t<span class=\"elementor-button-content-wrapper\">\n\t\t\t\t\t\t\t\t\t<span class=\"elementor-button-text\">EMPEZAR<\/span>\n\t\t\t\t\t<\/span>\n\t\t\t\t\t<\/a>\n\t\t\t\t<\/div>\n\t\t\t\t\t\t\t\t<\/div>\n\t\t\t\t<\/div>\n\t\t\t\t<\/div>\n\t\t\t\t<\/div>\n\t\t<div class=\"elementor-element elementor-element-c3c8ff2 e-flex e-con-boxed e-con e-child\" data-id=\"c3c8ff2\" data-element_type=\"container\" data-e-type=\"container\">\n\t\t\t\t\t<div class=\"e-con-inner\">\n\t\t<div class=\"elementor-element elementor-element-4118514 e-con-full e-flex e-con e-child\" data-id=\"4118514\" data-element_type=\"container\" data-e-type=\"container\">\n\t\t\t\t<div class=\"elementor-element elementor-element-573915a elementor-widget elementor-widget-heading\" data-id=\"573915a\" data-element_type=\"widget\" data-e-type=\"widget\" data-widget_type=\"heading.default\">\n\t\t\t\t<div class=\"elementor-widget-container\">\n\t\t\t\t\t<h2 class=\"elementor-heading-title elementor-size-default\">\u00bfQu\u00e9 es el trabajo de laboratorio de diagn\u00f3stico?\n<\/h2>\t\t\t\t<\/div>\n\t\t\t\t<\/div>\n\t\t\t\t<div class=\"elementor-element elementor-element-6cab1ef elementor-widget elementor-widget-text-editor\" data-id=\"6cab1ef\" data-element_type=\"widget\" data-e-type=\"widget\" data-widget_type=\"text-editor.default\">\n\t\t\t\t<div class=\"elementor-widget-container\">\n\t\t\t\t\t\t\t\t\t<div id=\"section_712932\" class=\"section section--text pushup section__1 pushed\"><div class=\"section__container\"><div class=\"section__text\"><div class=\"section__text-block\"><div id=\"section_712917\" class=\"section section--text pushup section__1 pushed\"><div class=\"section__container\"><div class=\"section__text\"><div class=\"section__text-block\"><div id=\"section_712912\" class=\"section section--text pushup section__1 pushed\"><div class=\"section__container\"><div class=\"section__text\"><div class=\"section__text-block\"><div id=\"section_712922\" class=\"section section--text pushup section__1 pushed\"><div class=\"section__container\"><div class=\"section__text\"><div class=\"section__text-block\"><div id=\"section_712927\" class=\"section section--text pushup section__1 pushed\"><div class=\"section__container\"><div class=\"section__text\"><div class=\"section__text-block\"><div id=\"section_712967\" class=\"section section--text pushup section__1 pushed\"><div class=\"section__container\"><div class=\"section__text\"><div class=\"section__text-block\"><div id=\"section_712977\" class=\"section section--text pushup section__1 pushed\"><div class=\"section__container\"><div class=\"section__text\"><div class=\"section__text-block\"><div id=\"section_712982\" class=\"section section--text pushup section__1 pushed\"><div class=\"section__container\"><div class=\"section__text\"><div class=\"section__text-block\"><div id=\"section_712897\" class=\"section section--text pushup section__1 pushed\"><div class=\"section__container\"><div class=\"section__text\"><div class=\"section__text-block\"><p>Las pruebas de laboratorio miden indicadores clave de salud, como el hemograma, el colesterol, el az\u00facar en sangre y los niveles hormonales, lo que proporciona informaci\u00f3n sobre afecciones como anemia, diabetes o desequilibrios tiroideos. En Alive and Well Community Partners, estas pruebas se realizan en el consultorio, lo que reduce la necesidad de visitas a instalaciones externas. Para los pacientes con estilos de vida m\u00e1s ocupados, tambi\u00e9n ofrecemos pruebas caseras convenientes, lo que le permite obtener el diagn\u00f3stico que necesita en el entorno que le resulte m\u00e1s c\u00f3modo. Los resultados suelen estar disponibles en un corto per\u00edodo de tiempo, lo que permite a nuestro equipo revisar los hallazgos con usted de inmediato y ajustar los planes de atenci\u00f3n si es necesario. Las pruebas comunes incluyen paneles de electrolitos, ex\u00e1menes metab\u00f3licos y controles de deficiencias nutricionales. Para obtener m\u00e1s informaci\u00f3n o programar pruebas, comun\u00edquese con Alive and Well Community Partners en Miami Gardens o Fort Lauderdale, FL.     <\/p><\/div><\/div><\/div><\/div><div id=\"section_712900\" class=\"section section--single-image pushup section--single-image_b section__2 pushed\"><div class=\"section__container\"><div class=\"section__text \"> <\/div><\/div><\/div><\/div><\/div><\/div><\/div><\/div><\/div><\/div><\/div><\/div><\/div><\/div><\/div><\/div><\/div><\/div><\/div><\/div><\/div><\/div><\/div><\/div><\/div><\/div><\/div><\/div><\/div><\/div><\/div><\/div><\/div><\/div><\/div>\t\t\t\t\t\t\t\t<\/div>\n\t\t\t\t<\/div>\n\t\t\t\t<\/div>\n\t\t\t\t\t<\/div>\n\t\t\t\t<\/div>\n\t\t<div class=\"elementor-element elementor-element-dc877dc e-flex e-con-boxed e-con e-child\" data-id=\"dc877dc\" data-element_type=\"container\" data-e-type=\"container\" data-settings=\"{&quot;background_background&quot;:&quot;classic&quot;}\">\n\t\t\t\t\t<div class=\"e-con-inner\">\n\t\t<div class=\"elementor-element elementor-element-8f43687 e-con-full e-flex e-con e-child\" data-id=\"8f43687\" data-element_type=\"container\" data-e-type=\"container\">\n\t\t<div class=\"elementor-element elementor-element-d8eeb51 e-con-full e-flex e-con e-child\" data-id=\"d8eeb51\" data-element_type=\"container\" data-e-type=\"container\" data-settings=\"{&quot;background_background&quot;:&quot;classic&quot;}\">\n\t\t\t\t<div class=\"elementor-element elementor-element-4a5f183 elementor-widget elementor-widget-heading\" data-id=\"4a5f183\" data-element_type=\"widget\" data-e-type=\"widget\" data-widget_type=\"heading.default\">\n\t\t\t\t<div class=\"elementor-widget-container\">\n\t\t\t\t\t<h2 class=\"elementor-heading-title elementor-size-default\">\u00bfC\u00f3mo funcionan las pruebas de laboratorio m\u00e9dico?\n<\/h2>\t\t\t\t<\/div>\n\t\t\t\t<\/div>\n\t\t\t\t<div class=\"elementor-element elementor-element-3222f94 elementor-widget elementor-widget-text-editor\" data-id=\"3222f94\" data-element_type=\"widget\" data-e-type=\"widget\" data-widget_type=\"text-editor.default\">\n\t\t\t\t<div class=\"elementor-widget-container\">\n\t\t\t\t\t\t\t\t\t<div class=\"section__text \"><div class=\"section__text-block\"><div class=\"section__text \"><div class=\"section__text-block\"><div class=\"section__text \"><div class=\"section__text-block\"><div class=\"section__text \"><div class=\"section__text-block\"><div class=\"section__text \"><div class=\"section__text-block\"><div class=\"section__text \"><div class=\"section__text-block\"><div class=\"section__text \"><div class=\"section__text-block\"><div class=\"section__text \"><div class=\"section__text-block\"><div class=\"section__text \"><div class=\"section__text-block\"><p>Nuestro trabajo de laboratorio en Alive and Well Community Partners se realiza internamente, lo que permite a nuestro equipo ofrecer resultados m\u00e1s r\u00e1pidos. Una vez que llegue, hablaremos con usted sobre sus objetivos de bienestar y lo que puede esperar durante el proceso de prueba. Dependiendo del tipo de prueba, tomaremos una extracci\u00f3n de sangre o una muestra de orina. Esta muestra se procesar\u00e1 in situ en nuestro laboratorio, y le llamaremos o le enviaremos un correo electr\u00f3nico con sus resultados. Si detectamos alguna inquietud, es posible que nos comuniquemos con usted para programar m\u00e1s pruebas o una cita de seguimiento para analizar el tratamiento.    <\/p><\/div><\/div><\/div><\/div><\/div><\/div><\/div><\/div><\/div><\/div><\/div><\/div><\/div><\/div><\/div><\/div><\/div><\/div>\t\t\t\t\t\t\t\t<\/div>\n\t\t\t\t<\/div>\n\t\t\t\t<\/div>\n\t\t<div class=\"elementor-element elementor-element-962c23d e-con-full e-flex e-con e-child\" data-id=\"962c23d\" data-element_type=\"container\" data-e-type=\"container\" data-settings=\"{&quot;background_background&quot;:&quot;classic&quot;}\">\n\t\t\t\t<\/div>\n\t\t\t\t<\/div>\n\t\t\t\t\t<\/div>\n\t\t\t\t<\/div>\n\t\t<div class=\"elementor-element elementor-element-f64940a e-flex e-con-boxed e-con e-child\" data-id=\"f64940a\" data-element_type=\"container\" data-e-type=\"container\">\n\t\t\t\t\t<div class=\"e-con-inner\">\n\t\t<div class=\"elementor-element elementor-element-74b7102 e-con-full e-flex e-con e-child\" data-id=\"74b7102\" data-element_type=\"container\" data-e-type=\"container\">\n\t\t\t\t<div class=\"elementor-element elementor-element-349cc36 elementor-widget elementor-widget-heading\" data-id=\"349cc36\" data-element_type=\"widget\" data-e-type=\"widget\" data-widget_type=\"heading.default\">\n\t\t\t\t<div class=\"elementor-widget-container\">\n\t\t\t\t\t<h2 class=\"elementor-heading-title elementor-size-default\">\u00bfCu\u00e1les son los beneficios del trabajo de laboratorio interno?\n<\/h2>\t\t\t\t<\/div>\n\t\t\t\t<\/div>\n\t\t\t\t<div class=\"elementor-element elementor-element-8173ad8 elementor-widget elementor-widget-text-editor\" data-id=\"8173ad8\" data-element_type=\"widget\" data-e-type=\"widget\" data-widget_type=\"text-editor.default\">\n\t\t\t\t<div class=\"elementor-widget-container\">\n\t\t\t\t\t\t\t\t\t<div id=\"section_712932\" class=\"section section--text pushup section__1 pushed\"><div class=\"section__container\"><div class=\"section__text\"><div class=\"section__text-block\"><p>En Alive and Well Community Partners, creemos que obtener atenci\u00f3n m\u00e9dica de calidad nunca deber\u00eda ser una molestia. Con nuestro laboratorio interno especializado, podemos ofrecer diagn\u00f3sticos r\u00e1pidos, lo que le brinda la informaci\u00f3n que necesita para tomar decisiones inteligentes sobre su salud. Los beneficios de nuestras pruebas de laboratorio de diagn\u00f3stico incluyen:  <\/p><\/div><\/div><\/div><\/div>\t\t\t\t\t\t\t\t<\/div>\n\t\t\t\t<\/div>\n\t\t\t\t<div class=\"elementor-element elementor-element-690243b elementor-widget elementor-widget-text-editor\" data-id=\"690243b\" data-element_type=\"widget\" data-e-type=\"widget\" data-widget_type=\"text-editor.default\">\n\t\t\t\t<div class=\"elementor-widget-container\">\n\t\t\t\t\t\t\t\t\t<div id=\"section_712932\" class=\"section section--text pushup section__1 pushed\"><div class=\"section__container\"><div class=\"section__text\"><div class=\"section__text-block\"><ul><li data-end=\"54\" data-start=\"0\">Resultados m\u00e1s r\u00e1pidos porque las pruebas se procesan in situ<\/li><li data-end=\"108\" data-start=\"55\">Control de calidad mejorado con supervisi\u00f3n inmediata<\/li><li data-end=\"172\" data-start=\"109\">Mejora de la comunicaci\u00f3n entre el laboratorio y los proveedores de atenci\u00f3n m\u00e9dica<\/li><li data-end=\"246\" data-start=\"173\">M\u00e1s conveniente para pacientes con un seguimiento y citas m\u00e1s r\u00e1pidos<\/li><li data-end=\"316\" data-is-last-node=\"\" data-start=\"247\">Mayor confidencialidad y seguridad de datos para sus resultados personales<\/li><\/ul><\/div><\/div><\/div><\/div>\t\t\t\t\t\t\t\t<\/div>\n\t\t\t\t<\/div>\n\t\t\t\t<\/div>\n\t\t\t\t\t<\/div>\n\t\t\t\t<\/div>\n\t\t<div class=\"elementor-element elementor-element-4c553d4 e-flex e-con-boxed e-con e-child\" data-id=\"4c553d4\" data-element_type=\"container\" data-e-type=\"container\">\n\t\t\t\t\t<div class=\"e-con-inner\">\n\t\t<div class=\"elementor-element elementor-element-9bb1097 e-con-full e-flex e-con e-child\" data-id=\"9bb1097\" data-element_type=\"container\" data-e-type=\"container\">\n\t\t\t\t<div class=\"elementor-element elementor-element-aaf404f elementor-widget elementor-widget-heading\" data-id=\"aaf404f\" data-element_type=\"widget\" data-e-type=\"widget\" data-widget_type=\"heading.default\">\n\t\t\t\t<div class=\"elementor-widget-container\">\n\t\t\t\t\t<h2 class=\"elementor-heading-title elementor-size-default\">La atenci\u00f3n que necesita, la comodidad que se merece\n<\/h2>\t\t\t\t<\/div>\n\t\t\t\t<\/div>\n\t\t\t\t<div class=\"elementor-element elementor-element-15b8e84 elementor-widget elementor-widget-text-editor\" data-id=\"15b8e84\" data-element_type=\"widget\" data-e-type=\"widget\" data-widget_type=\"text-editor.default\">\n\t\t\t\t<div class=\"elementor-widget-container\">\n\t\t\t\t\t\t\t\t\t<div id=\"section_712932\" class=\"section section--text pushup section__1 pushed\"><div class=\"section__container\"><div class=\"section__text\"><div class=\"section__text-block\"><div id=\"section_712934\" class=\"section section--text pushup section__5 pushed\"><div class=\"section__container\"><div class=\"section__text\"><div class=\"section__text-block\"><div id=\"section_712919\" class=\"section section--text pushup section__5 pushed\"><div class=\"section__container\"><div class=\"section__text\"><div class=\"section__text-block\"><div id=\"section_712914\" class=\"section section--text pushup section__5 pushed\"><div class=\"section__container\"><div class=\"section__text\"><div class=\"section__text-block\"><div id=\"section_712924\" class=\"section section--text pushup section__5 pushed\"><div class=\"section__container\"><div class=\"section__text\"><div class=\"section__text-block\"><div id=\"section_712904\" class=\"section section--text pushup section__5 pushed\"><div class=\"section__container\"><div class=\"section__text\"><div class=\"section__text-block\"><div id=\"section_712929\" class=\"section section--text pushup section__5 pushed\"><div class=\"section__container\"><div class=\"section__text\"><div class=\"section__text-block\"><div id=\"section_712969\" class=\"section section--text pushup section__5 pushed\"><div class=\"section__container\"><div class=\"section__text\"><div class=\"section__text-block\"><div id=\"section_712979\" class=\"section section--text pushup section__5 pushed\"><div class=\"section__container\"><div class=\"section__text\"><div class=\"section__text-block\"><div id=\"section_712984\" class=\"section section--text pushup section__5 pushed\"><div class=\"section__container\"><div class=\"section__text\"><div class=\"section__text-block\"><div id=\"section_712899\" class=\"section section--text pushup section__5 pushed\"><div class=\"section__container\"><div class=\"section__text\"><div class=\"section__text-block\"><p>Experimente un enfoque m\u00e1s c\u00f3modo y conveniente para el trabajo de laboratorio con pruebas internas en Alive and Well Community Partners en Miami Gardens o Fort Lauderdale, FL. Ya sea que necesite un an\u00e1lisis de sangre de rutina o est\u00e9 buscando pruebas de diagn\u00f3stico m\u00e1s avanzadas, nuestro equipo est\u00e1 aqu\u00ed para garantizar que se satisfagan sus necesidades. Programe su cita para obtener m\u00e1s informaci\u00f3n sobre nuestros servicios de pruebas de laboratorio.<\/p><\/div><\/div><\/div><\/div><div id=\"form\" class=\"form__container\"> <\/div><\/div><\/div><\/div><\/div><\/div><\/div><\/div><\/div><\/div><\/div><\/div><\/div><\/div><\/div><\/div><\/div><\/div><\/div><\/div><\/div><\/div><\/div><\/div><\/div><\/div><\/div><\/div><\/div><\/div><\/div><\/div><\/div><\/div><\/div><\/div><\/div><\/div><\/div><\/div><\/div>\t\t\t\t\t\t\t\t<\/div>\n\t\t\t\t<\/div>\n\t\t\t\t<\/div>\n\t\t\t\t\t<\/div>\n\t\t\t\t<\/div>\n\t\t<div class=\"elementor-element elementor-element-8099cc7 e-flex e-con-boxed e-con e-child\" data-id=\"8099cc7\" data-element_type=\"container\" data-e-type=\"container\" data-settings=\"{&quot;background_background&quot;:&quot;classic&quot;,&quot;position&quot;:&quot;fixed&quot;}\">\n\t\t\t\t\t<div class=\"e-con-inner\">\n\t\t\t\t<div class=\"elementor-element elementor-element-dd0e749 elementor-widget elementor-widget-heading\" data-id=\"dd0e749\" data-element_type=\"widget\" data-e-type=\"widget\" data-widget_type=\"heading.default\">\n\t\t\t\t<div class=\"elementor-widget-container\">\n\t\t\t\t\t<h2 class=\"elementor-heading-title elementor-size-default\">\u00a1Comience su viaje hoy mismo!<\/h2>\t\t\t\t<\/div>\n\t\t\t\t<\/div>\n\t\t\t\t<div class=\"elementor-element elementor-element-ce4bb92 fancy-button elementor-widget elementor-widget-button\" data-id=\"ce4bb92\" data-element_type=\"widget\" data-e-type=\"widget\" data-widget_type=\"button.default\">\n\t\t\t\t<div class=\"elementor-widget-container\">\n\t\t\t\t\t\t\t\t\t<div class=\"elementor-button-wrapper\">\n\t\t\t\t\t<a class=\"elementor-button elementor-button-link elementor-size-sm\" href=\"#getInTouch\">\n\t\t\t\t\t\t<span class=\"elementor-button-content-wrapper\">\n\t\t\t\t\t\t\t\t\t<span class=\"elementor-button-text\">Empezar<\/span>\n\t\t\t\t\t<\/span>\n\t\t\t\t\t<\/a>\n\t\t\t\t<\/div>\n\t\t\t\t\t\t\t\t<\/div>\n\t\t\t\t<\/div>\n\t\t\t\t\t<\/div>\n\t\t\t\t<\/div>\n\t\t\t\t<\/div>\n\t\t<div class=\"elementor-element elementor-element-2752ae2 e-flex e-con-boxed e-con e-parent\" data-id=\"2752ae2\" data-element_type=\"container\" data-e-type=\"container\" data-settings=\"{&quot;background_background&quot;:&quot;classic&quot;}\">\n\t\t\t\t\t<div class=\"e-con-inner\">\n\t\t<div class=\"elementor-element elementor-element-404e24d e-con-full e-flex e-con e-child\" data-id=\"404e24d\" data-element_type=\"container\" data-e-type=\"container\">\n\t\t\t\t<div class=\"elementor-element elementor-element-552d566 elementor-widget elementor-widget-heading\" data-id=\"552d566\" data-element_type=\"widget\" data-e-type=\"widget\" data-widget_type=\"heading.default\">\n\t\t\t\t<div class=\"elementor-widget-container\">\n\t\t\t\t\t<h2 class=\"elementor-heading-title elementor-size-default\">Procedimientos relacionados<\/h2>\t\t\t\t<\/div>\n\t\t\t\t<\/div>\n\t\t<div class=\"elementor-element elementor-element-b04a2f4 e-con-full e-flex e-con e-child\" data-id=\"b04a2f4\" data-element_type=\"container\" data-e-type=\"container\">\n\t\t<div class=\"elementor-element elementor-element-d1ff1a6 e-con-full e-flex e-con e-child\" data-id=\"d1ff1a6\" data-element_type=\"container\" data-e-type=\"container\" data-settings=\"{&quot;background_background&quot;:&quot;classic&quot;}\">\n\t\t<a class=\"elementor-element elementor-element-d4c6d36 e-con-full service-container e-flex e-con e-child\" data-id=\"d4c6d36\" data-element_type=\"container\" data-e-type=\"container\" href=\"\/services\/medical-testing\/std-services\/\">\n\t\t\t\t<div class=\"elementor-element elementor-element-191cbc3 elementor-widget elementor-widget-heading\" data-id=\"191cbc3\" data-element_type=\"widget\" data-e-type=\"widget\" data-widget_type=\"heading.default\">\n\t\t\t\t<div class=\"elementor-widget-container\">\n\t\t\t\t\t<h2 class=\"elementor-heading-title elementor-size-default\">Servicios de ETS<\/h2>\t\t\t\t<\/div>\n\t\t\t\t<\/div>\n\t\t\t\t<\/a>\n\t\t\t\t<\/div>\n\t\t<div class=\"elementor-element elementor-element-75e7517 e-con-full e-flex e-con e-child\" data-id=\"75e7517\" data-element_type=\"container\" data-e-type=\"container\" data-settings=\"{&quot;background_background&quot;:&quot;classic&quot;}\">\n\t\t<a class=\"elementor-element elementor-element-56c3147 e-con-full service-container e-flex e-con e-child\" data-id=\"56c3147\" data-element_type=\"container\" data-e-type=\"container\" href=\"https:\/\/aliveandwellprogram.com\/es\/prueba-de-alergias\/\">\n\t\t\t\t<div class=\"elementor-element elementor-element-9d3e017 elementor-widget elementor-widget-heading\" data-id=\"9d3e017\" data-element_type=\"widget\" data-e-type=\"widget\" data-widget_type=\"heading.default\">\n\t\t\t\t<div class=\"elementor-widget-container\">\n\t\t\t\t\t<h2 class=\"elementor-heading-title elementor-size-default\">Pruebas de alergia<\/h2>\t\t\t\t<\/div>\n\t\t\t\t<\/div>\n\t\t\t\t<\/a>\n\t\t\t\t<\/div>\n\t\t<div class=\"elementor-element elementor-element-d3049e3 e-con-full e-flex e-con e-child\" data-id=\"d3049e3\" data-element_type=\"container\" data-e-type=\"container\" data-settings=\"{&quot;background_background&quot;:&quot;classic&quot;}\">\n\t\t<a class=\"elementor-element elementor-element-9bb6c9a e-con-full service-container e-flex e-con e-child\" data-id=\"9bb6c9a\" data-element_type=\"container\" data-e-type=\"container\" href=\"https:\/\/aliveandwellprogram.com\/services\/medical-testing\/rapid-covid-19-testing\/\">\n\t\t\t\t<div class=\"elementor-element elementor-element-10f24cb elementor-widget elementor-widget-heading\" data-id=\"10f24cb\" data-element_type=\"widget\" data-e-type=\"widget\" data-widget_type=\"heading.default\">\n\t\t\t\t<div class=\"elementor-widget-container\">\n\t\t\t\t\t<h2 class=\"elementor-heading-title elementor-size-default\">Pruebas r\u00e1pidas de COVID-19<\/h2>\t\t\t\t<\/div>\n\t\t\t\t<\/div>\n\t\t\t\t<\/a>\n\t\t\t\t<\/div>\n\t\t<div class=\"elementor-element elementor-element-eb5a28c e-con-full e-flex e-con e-child\" data-id=\"eb5a28c\" data-element_type=\"container\" data-e-type=\"container\" data-settings=\"{&quot;background_background&quot;:&quot;classic&quot;}\">\n\t\t<a class=\"elementor-element elementor-element-e0462c3 e-con-full service-container e-flex e-con e-child\" data-id=\"e0462c3\" data-element_type=\"container\" data-e-type=\"container\" href=\"https:\/\/aliveandwellprogram.com\/services\/medical-testing\/drug-testing\/\">\n\t\t\t\t<div class=\"elementor-element elementor-element-bcaa896 elementor-widget elementor-widget-heading\" data-id=\"bcaa896\" data-element_type=\"widget\" data-e-type=\"widget\" data-widget_type=\"heading.default\">\n\t\t\t\t<div class=\"elementor-widget-container\">\n\t\t\t\t\t<h2 class=\"elementor-heading-title elementor-size-default\">Pruebas de drogas<\/h2>\t\t\t\t<\/div>\n\t\t\t\t<\/div>\n\t\t\t\t<\/a>\n\t\t\t\t<\/div>\n\t\t<div class=\"elementor-element elementor-element-b2ad67d e-con-full elementor-hidden-desktop elementor-hidden-tablet elementor-hidden-mobile e-flex e-con e-child\" data-id=\"b2ad67d\" data-element_type=\"container\" data-e-type=\"container\" data-settings=\"{&quot;background_background&quot;:&quot;classic&quot;}\">\n\t\t<a class=\"elementor-element elementor-element-525c86b e-con-full service-container e-flex e-con e-child\" data-id=\"525c86b\" data-element_type=\"container\" data-e-type=\"container\" href=\"https:\/\/aliveandwellprogram.com\/es\/trabajo-de-laboratorio\/\">\n\t\t\t\t<div class=\"elementor-element elementor-element-feb6c03 elementor-widget elementor-widget-heading\" data-id=\"feb6c03\" data-element_type=\"widget\" data-e-type=\"widget\" data-widget_type=\"heading.default\">\n\t\t\t\t<div class=\"elementor-widget-container\">\n\t\t\t\t\t<h2 class=\"elementor-heading-title elementor-size-default\">Trabajo de laboratorio<\/h2>\t\t\t\t<\/div>\n\t\t\t\t<\/div>\n\t\t\t\t<\/a>\n\t\t\t\t<\/div>\n\t\t\t\t<\/div>\n\t\t\t\t<\/div>\n\t\t\t\t\t<\/div>\n\t\t\t\t<\/div>\n\t\t\t\t<\/div>\n\t\t","protected":false},"excerpt":{"rendered":"<p>Inicio \/ Servicios \/ Servicios de atenci\u00f3n primaria \/ Trabajo de laboratorio en Miami Trabajo de laboratorio EMPEZAR \u00bfQu\u00e9 es el trabajo de laboratorio de diagn\u00f3stico? Las pruebas de laboratorio miden indicadores clave de salud, como el hemograma, el colesterol, el az\u00facar en sangre y los niveles hormonales, lo que proporciona informaci\u00f3n sobre afecciones como [&hellip;]<\/p>\n","protected":false},"author":1,"featured_media":0,"parent":0,"menu_order":0,"comment_status":"closed","ping_status":"closed","template":"","meta":{"footnotes":""},"class_list":["post-4224","page","type-page","status-publish","hentry"],"_links":{"self":[{"href":"https:\/\/aliveandwellprogram.com\/es\/wp-json\/wp\/v2\/pages\/4224","targetHints":{"allow":["GET"]}}],"collection":[{"href":"https:\/\/aliveandwellprogram.com\/es\/wp-json\/wp\/v2\/pages"}],"about":[{"href":"https:\/\/aliveandwellprogram.com\/es\/wp-json\/wp\/v2\/types\/page"}],"author":[{"embeddable":true,"href":"https:\/\/aliveandwellprogram.com\/es\/wp-json\/wp\/v2\/users\/1"}],"replies":[{"embeddable":true,"href":"https:\/\/aliveandwellprogram.com\/es\/wp-json\/wp\/v2\/comments?post=4224"}],"version-history":[{"count":2,"href":"https:\/\/aliveandwellprogram.com\/es\/wp-json\/wp\/v2\/pages\/4224\/revisions"}],"predecessor-version":[{"id":4578,"href":"https:\/\/aliveandwellprogram.com\/es\/wp-json\/wp\/v2\/pages\/4224\/revisions\/4578"}],"wp:attachment":[{"href":"https:\/\/aliveandwellprogram.com\/es\/wp-json\/wp\/v2\/media?parent=4224"}],"curies":[{"name":"wp","href":"https:\/\/api.w.org\/{rel}","templated":true}]}}