{"id":4220,"date":"2025-04-25T20:57:58","date_gmt":"2025-04-25T20:57:58","guid":{"rendered":"https:\/\/aliveandwellprogram.com\/instalaciones\/oficina-de-salud-y-bienestar-en-lauderhill-fl\/"},"modified":"2025-08-11T15:02:51","modified_gmt":"2025-08-11T15:02:51","slug":"oficina-de-salud-y-bienestar-en-lauderhill-fl","status":"publish","type":"page","link":"https:\/\/aliveandwellprogram.com\/es\/instalaciones\/oficina-de-salud-y-bienestar-en-lauderhill-fl\/","title":{"rendered":"Oficina de Salud y Bienestar en Lauderhill, FL"},"content":{"rendered":"\t\t<div data-elementor-type=\"wp-page\" data-elementor-id=\"4220\" class=\"elementor elementor-4220 elementor-1074\" data-elementor-post-type=\"page\">\n\t\t\t\t<div class=\"elementor-element elementor-element-0324896 e-con-full e-flex e-con e-parent\" data-id=\"0324896\" data-element_type=\"container\" data-e-type=\"container\" data-settings=\"{&quot;background_background&quot;:&quot;classic&quot;}\">\n\t\t<div class=\"elementor-element elementor-element-7be7911 e-con-full e-flex e-con e-child\" data-id=\"7be7911\" data-element_type=\"container\" data-e-type=\"container\" data-settings=\"{&quot;background_background&quot;:&quot;classic&quot;}\">\n\t\t\t\t<\/div>\n\t\t<div class=\"elementor-element elementor-element-4436f9b e-con-full e-flex e-con e-child\" data-id=\"4436f9b\" data-element_type=\"container\" data-e-type=\"container\" data-settings=\"{&quot;background_background&quot;:&quot;classic&quot;}\">\n\t\t\t\t<div class=\"elementor-element elementor-element-3c5f4f3 elementor-icon-list--layout-inline elementor-list-item-link-inline elementor-align-center elementor-widget elementor-widget-icon-list\" data-id=\"3c5f4f3\" data-element_type=\"widget\" data-e-type=\"widget\" data-widget_type=\"icon-list.default\">\n\t\t\t\t<div class=\"elementor-widget-container\">\n\t\t\t\t\t\t\t<ul class=\"elementor-icon-list-items elementor-inline-items\">\n\t\t\t\t\t\t\t<li class=\"elementor-icon-list-item elementor-inline-item\">\n\t\t\t\t\t\t\t\t\t\t<span class=\"elementor-icon-list-text\">Inicio <\/span>\n\t\t\t\t\t\t\t\t\t<\/li>\n\t\t\t\t\t\t\t\t<li class=\"elementor-icon-list-item elementor-inline-item\">\n\t\t\t\t\t\t\t\t\t\t<span class=\"elementor-icon-list-text\">Fort Lauderdale, Lauderhill y LMo<\/span>\n\t\t\t\t\t\t\t\t\t<\/li>\n\t\t\t\t\t\t<\/ul>\n\t\t\t\t\t\t<\/div>\n\t\t\t\t<\/div>\n\t\t\t\t<div class=\"elementor-element elementor-element-b61dcf9 elementor-widget__width-initial elementor-widget elementor-widget-heading\" data-id=\"b61dcf9\" data-element_type=\"widget\" data-e-type=\"widget\" data-widget_type=\"heading.default\">\n\t\t\t\t<div class=\"elementor-widget-container\">\n\t\t\t\t\t<h2 class=\"elementor-heading-title elementor-size-default\">Fort Lauderdale, Lauderhill y LMo <\/h2>\t\t\t\t<\/div>\n\t\t\t\t<\/div>\n\t\t\t\t<div class=\"elementor-element elementor-element-f64d3cf elementor-widget elementor-widget-icon-box\" data-id=\"f64d3cf\" data-element_type=\"widget\" data-e-type=\"widget\" data-widget_type=\"icon-box.default\">\n\t\t\t\t<div class=\"elementor-widget-container\">\n\t\t\t\t\t\t\t<div class=\"elementor-icon-box-wrapper\">\n\n\t\t\t\n\t\t\t\t\t\t<div class=\"elementor-icon-box-content\">\n\n\t\t\t\t\t\t\t\t\t<h3 class=\"elementor-icon-box-title\">\n\t\t\t\t\t\t<span  >\n\t\t\t\t\t\t\tSalud y Bienestar\t\t\t\t\t\t<\/span>\n\t\t\t\t\t<\/h3>\n\t\t\t\t\n\t\t\t\t\n\t\t\t<\/div>\n\t\t\t\n\t\t<\/div>\n\t\t\t\t\t\t<\/div>\n\t\t\t\t<\/div>\n\t\t\t\t<div class=\"elementor-element elementor-element-2e3494d elementor-widget elementor-widget-icon-box\" data-id=\"2e3494d\" data-element_type=\"widget\" data-e-type=\"widget\" data-widget_type=\"icon-box.default\">\n\t\t\t\t<div class=\"elementor-widget-container\">\n\t\t\t\t\t\t\t<div class=\"elementor-icon-box-wrapper\">\n\n\t\t\t\n\t\t\t\t\t\t<div class=\"elementor-icon-box-content\">\n\n\t\t\t\t\t\t\t\t\t<h3 class=\"elementor-icon-box-title\">\n\t\t\t\t\t\t<span  >\n\t\t\t\t\t\t\tCalificaci\u00f3n promedio de 5\t\t\t\t\t\t<\/span>\n\t\t\t\t\t<\/h3>\n\t\t\t\t\n\t\t\t\t\n\t\t\t<\/div>\n\t\t\t\n\t\t<\/div>\n\t\t\t\t\t\t<\/div>\n\t\t\t\t<\/div>\n\t\t\t\t<div class=\"elementor-element elementor-element-5ceb568 elementor-widget elementor-widget-html\" data-id=\"5ceb568\" data-element_type=\"widget\" data-e-type=\"widget\" data-widget_type=\"html.default\">\n\t\t\t\t<div class=\"elementor-widget-container\">\n\t\t\t\t\t<svg xmlns=\"http:\/\/www.w3.org\/2000\/svg\" viewbox=\"0 0 110 20\" width=\"110\" height=\"20\">\r\n  <defs>\r\n    <symbol id=\"star\" viewbox=\"0 0 20 20 0 0\" fill=\"#FFD700\">\r\n      <polygon points=\"10,1.5 12.9,7.2 19.2,7.6 14,12.1 15.5,18.3 10,14.8 4.5,18.3 6,12.1 0.8,7.6 7.1,7.2\"><\/polygon>\r\n    <\/symbol>\r\n  <\/defs>\r\n\r\n  <use class=\"ppp\" href=\"#star\" x=\"0\"><\/use>\r\n  <use class=\"ppp\" href=\"#star\" x=\"22\"><\/use>\r\n  <use class=\"ppp\" href=\"#star\" x=\"44\"><\/use>\r\n  <use class=\"ppp\" href=\"#star\" x=\"66\"><\/use>\r\n  <use class=\"ppp\" href=\"#star\" x=\"88\"><\/use>\r\n<\/svg>\t\t\t\t<\/div>\n\t\t\t\t<\/div>\n\t\t\t\t<div class=\"elementor-element elementor-element-051f07c elementor-align-left my-main-btn elementor-invisible elementor-widget elementor-widget-button\" data-id=\"051f07c\" data-element_type=\"widget\" data-e-type=\"widget\" data-settings=\"{&quot;_animation&quot;:&quot;slideInRight&quot;}\" data-widget_type=\"button.default\">\n\t\t\t\t<div class=\"elementor-widget-container\">\n\t\t\t\t\t\t\t\t\t<div class=\"elementor-button-wrapper\">\n\t\t\t\t\t<a class=\"elementor-button elementor-button-link elementor-size-sm\" href=\"https:\/\/test.aliveandwellprogram.com\/contact-us\/\">\n\t\t\t\t\t\t<span class=\"elementor-button-content-wrapper\">\n\t\t\t\t\t\t\t\t\t<span class=\"elementor-button-text\">Ponte en contacto<\/span>\n\t\t\t\t\t<\/span>\n\t\t\t\t\t<\/a>\n\t\t\t\t<\/div>\n\t\t\t\t\t\t\t\t<\/div>\n\t\t\t\t<\/div>\n\t\t\t\t<\/div>\n\t\t\t\t<\/div>\n\t\t<div class=\"elementor-element elementor-element-9aa1415 e-flex e-con-boxed e-con e-parent\" data-id=\"9aa1415\" data-element_type=\"container\" data-e-type=\"container\">\n\t\t\t\t\t<div class=\"e-con-inner\">\n\t\t\t\t<div class=\"elementor-element elementor-element-1ec55ff elementor-widget elementor-widget-text-editor\" data-id=\"1ec55ff\" data-element_type=\"widget\" data-e-type=\"widget\" data-widget_type=\"text-editor.default\">\n\t\t\t\t<div class=\"elementor-widget-container\">\n\t\t\t\t\t\t\t\t\t<h1>Oficina de Salud y Bienestar en Lauderhill, FL<\/h1><p><span style=\"font-family: Terminal, Monaco;\">En Alive and Well Community Partners, nos enfocamos en brindar atenci\u00f3n primaria conveniente y pr\u00e1ctica que se adapte a tu agenda ocupada. Con sede en Miami Gardens, FL, nuestra cl\u00ednica atiende a pacientes de West Park, Miramar, Biscayne Gardens y \u00e1reas cercanas, ampliando el acceso a atenci\u00f3n m\u00e9dica de alta calidad en el sureste de Florida. Comenzamos con un proceso de registro eficiente que reduce los tiempos de espera, seguido de una consulta centrada en tus necesidades de salud, sin elementos innecesarios. Este enfoque directo permite crear un plan de tratamiento alineado con tu estilo de vida, asegurando que recibas una atenci\u00f3n pr\u00e1ctica sin complicaciones adicionales.   <\/span><\/p>\t\t\t\t\t\t\t\t<\/div>\n\t\t\t\t<\/div>\n\t\t\t\t\t<\/div>\n\t\t\t\t<\/div>\n\t\t<div class=\"elementor-element elementor-element-b6d6288 e-flex e-con-boxed e-con e-parent\" data-id=\"b6d6288\" data-element_type=\"container\" data-e-type=\"container\">\n\t\t\t\t\t<div class=\"e-con-inner\">\n\t\t<div class=\"elementor-element elementor-element-8adcb0e e-con-full e-flex e-con e-child\" data-id=\"8adcb0e\" data-element_type=\"container\" data-e-type=\"container\">\n\t\t\t\t<div class=\"elementor-element elementor-element-9a02254 elementor-widget elementor-widget-heading\" data-id=\"9a02254\" data-element_type=\"widget\" data-e-type=\"widget\" data-widget_type=\"heading.default\">\n\t\t\t\t<div class=\"elementor-widget-container\">\n\t\t\t\t\t<h2 class=\"elementor-heading-title elementor-size-default\">Nuestra Ubicaci\u00f3n<\/h2>\t\t\t\t<\/div>\n\t\t\t\t<\/div>\n\t\t\t\t<div class=\"elementor-element elementor-element-a776256 elementor-position-right elementor-vertical-align-middle elementor-widget__width-initial elementor-widget elementor-widget-image-box\" data-id=\"a776256\" data-element_type=\"widget\" data-e-type=\"widget\" data-widget_type=\"image-box.default\">\n\t\t\t\t<div class=\"elementor-widget-container\">\n\t\t\t\t\t<div class=\"elementor-image-box-wrapper\"><figure class=\"elementor-image-box-img\"><img fetchpriority=\"high\" decoding=\"async\" width=\"598\" height=\"448\" src=\"https:\/\/aliveandwellprogram.com\/wp-content\/uploads\/2025\/05\/IMG_3665.webp\" class=\"attachment-full size-full wp-image-2705\" alt=\"\" srcset=\"https:\/\/aliveandwellprogram.com\/wp-content\/uploads\/2025\/05\/IMG_3665.webp 598w, https:\/\/aliveandwellprogram.com\/wp-content\/uploads\/2025\/05\/IMG_3665-300x225.webp 300w\" sizes=\"(max-width: 598px) 100vw, 598px\" \/><\/figure><div class=\"elementor-image-box-content\"><h3 class=\"elementor-image-box-title\">Nuestra Oficina<\/h3><p class=\"elementor-image-box-description\">Fort Lauderdale LMo \/ Oficina<br>(Pr\u00f3ximamente)<br>1229 NW 40th Avenue, Lauderhill, FL 33313<br>800-434-1366<br>Pr\u00f3xima apertura a las 8 AM<span style=\"font-size: 1rem\"><\/span><\/p><\/div><\/div>\t\t\t\t<\/div>\n\t\t\t\t<\/div>\n\t\t\t\t<div class=\"elementor-element elementor-element-27072ed elementor-position-right elementor-vertical-align-middle elementor-widget__width-initial elementor-widget elementor-widget-image-box\" data-id=\"27072ed\" data-element_type=\"widget\" data-e-type=\"widget\" data-widget_type=\"image-box.default\">\n\t\t\t\t<div class=\"elementor-widget-container\">\n\t\t\t\t\t<div class=\"elementor-image-box-wrapper\"><figure class=\"elementor-image-box-img\"><img decoding=\"async\" width=\"598\" height=\"448\" src=\"https:\/\/aliveandwellprogram.com\/wp-content\/uploads\/2025\/05\/IMG_3656_1.webp\" class=\"attachment-full size-full wp-image-2706\" alt=\"\" srcset=\"https:\/\/aliveandwellprogram.com\/wp-content\/uploads\/2025\/05\/IMG_3656_1.webp 598w, https:\/\/aliveandwellprogram.com\/wp-content\/uploads\/2025\/05\/IMG_3656_1-300x225.webp 300w\" sizes=\"(max-width: 598px) 100vw, 598px\" \/><\/figure><div class=\"elementor-image-box-content\"><h3 class=\"elementor-image-box-title\">Nuestra Oficina<\/h3><p class=\"elementor-image-box-description\">Oficina de Havanna \/ MHO (Pr\u00f3ximamente)\n<br>800-434-1366\n<br>Apertura pr\u00f3ximamente a las 8 AM\n<div class=\"main-two-btn\">\n<a href=\"https:\/\/test.aliveandwellprogram.com\/team\/\">View Profile<\/a>\n<a href=\"mailto:Inf0@alivewellness.com\">Email us<\/a>\n<\/div><\/p><\/div><\/div>\t\t\t\t<\/div>\n\t\t\t\t<\/div>\n\t\t\t\t<\/div>\n\t\t<div class=\"elementor-element elementor-element-e5c5adb e-con-full e-flex e-con e-child\" data-id=\"e5c5adb\" data-element_type=\"container\" data-e-type=\"container\">\n\t\t\t\t<div class=\"elementor-element elementor-element-535f782 elementor-widget elementor-widget-heading\" data-id=\"535f782\" data-element_type=\"widget\" data-e-type=\"widget\" data-widget_type=\"heading.default\">\n\t\t\t\t<div class=\"elementor-widget-container\">\n\t\t\t\t\t<h2 class=\"elementor-heading-title elementor-size-default\">RListo para comenzar?<\/h2>\t\t\t\t<\/div>\n\t\t\t\t<\/div>\n\t\t\t\t<div class=\"elementor-element elementor-element-7a22319 elementor-widget__width-initial elementor-widget elementor-widget-shortcode\" data-id=\"7a22319\" data-element_type=\"widget\" data-e-type=\"widget\" data-widget_type=\"shortcode.default\">\n\t\t\t\t<div class=\"elementor-widget-container\">\n\t\t\t\t\t\t\t<div class=\"elementor-shortcode\"><p class=\"wpcf7-contact-form-not-found\"><strong>Error:<\/strong> Formulario de contacto no encontrado.<\/p><\/div>\n\t\t\t\t\t\t<\/div>\n\t\t\t\t<\/div>\n\t\t\t\t<\/div>\n\t\t\t\t\t<\/div>\n\t\t\t\t<\/div>\n\t\t<div class=\"elementor-element elementor-element-b454b3b e-flex e-con-boxed e-con e-parent\" data-id=\"b454b3b\" data-element_type=\"container\" data-e-type=\"container\" data-settings=\"{&quot;background_background&quot;:&quot;classic&quot;}\">\n\t\t\t\t\t<div class=\"e-con-inner\">\n\t\t<div class=\"elementor-element elementor-element-de00223 e-con-full e-flex e-con e-child\" data-id=\"de00223\" data-element_type=\"container\" data-e-type=\"container\">\n\t\t\t\t<div class=\"elementor-element elementor-element-0477d4d elementor-widget elementor-widget-heading\" data-id=\"0477d4d\" data-element_type=\"widget\" data-e-type=\"widget\" data-widget_type=\"heading.default\">\n\t\t\t\t<div class=\"elementor-widget-container\">\n\t\t\t\t\t<h2 class=\"elementor-heading-title elementor-size-default\">Contacto<\/h2>\t\t\t\t<\/div>\n\t\t\t\t<\/div>\n\t\t\t\t<div class=\"elementor-element elementor-element-cb3eac2 elementor-align-start elementor-widget__width-initial elementor-icon-list--layout-traditional elementor-list-item-link-full_width elementor-widget elementor-widget-icon-list\" data-id=\"cb3eac2\" data-element_type=\"widget\" data-e-type=\"widget\" data-widget_type=\"icon-list.default\">\n\t\t\t\t<div class=\"elementor-widget-container\">\n\t\t\t\t\t\t\t<ul class=\"elementor-icon-list-items\">\n\t\t\t\t\t\t\t<li class=\"elementor-icon-list-item\">\n\t\t\t\t\t\t\t\t\t\t\t<span class=\"elementor-icon-list-icon\">\n\t\t\t\t\t\t\t<svg aria-hidden=\"true\" class=\"e-font-icon-svg e-fas-phone\" viewBox=\"0 0 512 512\" xmlns=\"http:\/\/www.w3.org\/2000\/svg\"><path d=\"M493.4 24.6l-104-24c-11.3-2.6-22.9 3.3-27.5 13.9l-48 112c-4.2 9.8-1.4 21.3 6.9 28l60.6 49.6c-36 76.7-98.9 140.5-177.2 177.2l-49.6-60.6c-6.8-8.3-18.2-11.1-28-6.9l-112 48C3.9 366.5-2 378.1.6 389.4l24 104C27.1 504.2 36.7 512 48 512c256.1 0 464-207.5 464-464 0-11.2-7.7-20.9-18.6-23.4z\"><\/path><\/svg>\t\t\t\t\t\t<\/span>\n\t\t\t\t\t\t\t\t\t\t<span class=\"elementor-icon-list-text\">800-434-1366<\/span>\n\t\t\t\t\t\t\t\t\t<\/li>\n\t\t\t\t\t\t\t\t<li class=\"elementor-icon-list-item\">\n\t\t\t\t\t\t\t\t\t\t\t<span class=\"elementor-icon-list-icon\">\n\t\t\t\t\t\t\t<svg aria-hidden=\"true\" class=\"e-font-icon-svg e-fas-map-marker\" viewBox=\"0 0 384 512\" xmlns=\"http:\/\/www.w3.org\/2000\/svg\"><path d=\"M172.268 501.67C26.97 291.031 0 269.413 0 192 0 85.961 85.961 0 192 0s192 85.961 192 192c0 77.413-26.97 99.031-172.268 309.67-9.535 13.774-29.93 13.773-39.464 0z\"><\/path><\/svg>\t\t\t\t\t\t<\/span>\n\t\t\t\t\t\t\t\t\t\t<span class=\"elementor-icon-list-text\">18425 NW 2nd Ave, 5to piso \u2013 PH7, Miami Gardens, FL 33169<\/span>\n\t\t\t\t\t\t\t\t\t<\/li>\n\t\t\t\t\t\t<\/ul>\n\t\t\t\t\t\t<\/div>\n\t\t\t\t<\/div>\n\t\t\t\t<div class=\"elementor-element elementor-element-75cdd77 elementor-widget__width-initial elementor-widget elementor-widget-heading\" data-id=\"75cdd77\" data-element_type=\"widget\" data-e-type=\"widget\" data-widget_type=\"heading.default\">\n\t\t\t\t<div class=\"elementor-widget-container\">\n\t\t\t\t\t<h2 class=\"elementor-heading-title elementor-size-default\">Horas<\/h2>\t\t\t\t<\/div>\n\t\t\t\t<\/div>\n\t\t\t\t<div class=\"elementor-element elementor-element-49ecede elementor-widget__width-initial elementor-widget elementor-widget-text-editor\" data-id=\"49ecede\" data-element_type=\"widget\" data-e-type=\"widget\" data-widget_type=\"text-editor.default\">\n\t\t\t\t<div class=\"elementor-widget-container\">\n\t\t\t\t\t\t\t\t\t<div class=\"hour hour--10636\"><div class=\"contact_mini__hours-item\"><p class=\"contact_mini__hours-day\">Lunes: 8:00 AM &#8211; 5:00 PM<\/p><\/div><div class=\"contact_mini__hours-item\"><p class=\"contact_mini__hours-day\">Martes: 8:00 a. m. a 5:00 p. m.<\/p><p class=\"contact_mini__hours-day\">Mi\u00e9rcoles: 8:00 AM &#8211; 5:00 PM<\/p><\/div><div class=\"contact_mini__hours-item\"><p class=\"contact_mini__hours-day\">Jueves: 8:00 a. m. a 5:00 p. m.<\/p><p class=\"contact_mini__hours-day\">Viernes: 8:00 a. m. a 5:00 p. m.<\/p><\/div><div class=\"contact_mini__hours-item\"><p class=\"contact_mini__hours-day\">S\u00e1bado: 9:00 AM &#8211; 2:00 PM<\/p><\/div><\/div>\t\t\t\t\t\t\t\t<\/div>\n\t\t\t\t<\/div>\n\t\t\t\t<\/div>\n\t\t<div class=\"elementor-element elementor-element-75afde9 e-con-full e-flex e-con e-child\" data-id=\"75afde9\" data-element_type=\"container\" data-e-type=\"container\">\n\t\t\t\t<div class=\"elementor-element elementor-element-a5b8b53 elementor-widget elementor-widget-google_maps\" data-id=\"a5b8b53\" data-element_type=\"widget\" data-e-type=\"widget\" data-widget_type=\"google_maps.default\">\n\t\t\t\t<div class=\"elementor-widget-container\">\n\t\t\t\t\t\t\t<div class=\"elementor-custom-embed\">\n\t\t\t<iframe loading=\"lazy\"\n\t\t\t\t\tsrc=\"https:\/\/maps.google.com\/maps?q=18425%20NW%202nd%20Ave%205th%20Floor%2C%20Miami%20Gardens%2C%20FL%2033169%2C%20United%20States&#038;t=m&#038;z=10&#038;output=embed&#038;iwloc=near\"\n\t\t\t\t\ttitle=\"18425 NW 2nd Ave 5th Floor, Miami Gardens, FL 33169, United States\"\n\t\t\t\t\taria-label=\"18425 NW 2nd Ave 5th Floor, Miami Gardens, FL 33169, United States\"\n\t\t\t><\/iframe>\n\t\t<\/div>\n\t\t\t\t\t\t<\/div>\n\t\t\t\t<\/div>\n\t\t\t\t<\/div>\n\t\t\t\t\t<\/div>\n\t\t\t\t<\/div>\n\t\t\t\t<\/div>\n\t\t","protected":false},"excerpt":{"rendered":"<p>Inicio Fort Lauderdale, Lauderhill y LMo Fort Lauderdale, Lauderhill y LMo Salud y Bienestar Calificaci\u00f3n promedio de 5 Ponte en contacto Oficina de Salud y Bienestar en Lauderhill, FL En Alive and Well Community Partners, nos enfocamos en brindar atenci\u00f3n primaria conveniente y pr\u00e1ctica que se adapte a tu agenda ocupada. Con sede en Miami [&hellip;]<\/p>\n","protected":false},"author":1,"featured_media":0,"parent":4218,"menu_order":0,"comment_status":"open","ping_status":"closed","template":"elementor_header_footer","meta":{"footnotes":""},"class_list":["post-4220","page","type-page","status-publish","hentry"],"_links":{"self":[{"href":"https:\/\/aliveandwellprogram.com\/es\/wp-json\/wp\/v2\/pages\/4220","targetHints":{"allow":["GET"]}}],"collection":[{"href":"https:\/\/aliveandwellprogram.com\/es\/wp-json\/wp\/v2\/pages"}],"about":[{"href":"https:\/\/aliveandwellprogram.com\/es\/wp-json\/wp\/v2\/types\/page"}],"author":[{"embeddable":true,"href":"https:\/\/aliveandwellprogram.com\/es\/wp-json\/wp\/v2\/users\/1"}],"replies":[{"embeddable":true,"href":"https:\/\/aliveandwellprogram.com\/es\/wp-json\/wp\/v2\/comments?post=4220"}],"version-history":[{"count":1,"href":"https:\/\/aliveandwellprogram.com\/es\/wp-json\/wp\/v2\/pages\/4220\/revisions"}],"predecessor-version":[{"id":4221,"href":"https:\/\/aliveandwellprogram.com\/es\/wp-json\/wp\/v2\/pages\/4220\/revisions\/4221"}],"up":[{"embeddable":true,"href":"https:\/\/aliveandwellprogram.com\/es\/wp-json\/wp\/v2\/pages\/4218"}],"wp:attachment":[{"href":"https:\/\/aliveandwellprogram.com\/es\/wp-json\/wp\/v2\/media?parent=4220"}],"curies":[{"name":"wp","href":"https:\/\/api.w.org\/{rel}","templated":true}]}}