{"id":4218,"date":"2025-04-25T11:18:12","date_gmt":"2025-04-25T11:18:12","guid":{"rendered":"https:\/\/aliveandwellprogram.com\/instalaciones\/"},"modified":"2025-08-11T14:59:36","modified_gmt":"2025-08-11T14:59:36","slug":"instalaciones","status":"publish","type":"page","link":"https:\/\/aliveandwellprogram.com\/es\/instalaciones\/","title":{"rendered":"Instalaciones"},"content":{"rendered":"\t\t<div data-elementor-type=\"wp-page\" data-elementor-id=\"4218\" class=\"elementor elementor-4218 elementor-567\" data-elementor-post-type=\"page\">\n\t\t\t\t<div class=\"elementor-element elementor-element-5afe6ed e-flex e-con-boxed e-con e-parent\" data-id=\"5afe6ed\" data-element_type=\"container\" data-e-type=\"container\" data-settings=\"{&quot;background_background&quot;:&quot;classic&quot;}\">\n\t\t\t\t\t<div class=\"e-con-inner\">\n\t\t<div class=\"elementor-element elementor-element-aca1256 e-con-full e-flex e-con e-child\" data-id=\"aca1256\" data-element_type=\"container\" data-e-type=\"container\">\n\t\t\t\t<div class=\"elementor-element elementor-element-72c18d5 elementor-icon-list--layout-inline elementor-list-item-link-inline elementor-align-center elementor-widget elementor-widget-icon-list\" data-id=\"72c18d5\" data-element_type=\"widget\" data-e-type=\"widget\" data-widget_type=\"icon-list.default\">\n\t\t\t\t<div class=\"elementor-widget-container\">\n\t\t\t\t\t\t\t<ul class=\"elementor-icon-list-items elementor-inline-items\">\n\t\t\t\t\t\t\t<li class=\"elementor-icon-list-item elementor-inline-item\">\n\t\t\t\t\t\t\t\t\t\t<span class=\"elementor-icon-list-text\">Inicio <\/span>\n\t\t\t\t\t\t\t\t\t<\/li>\n\t\t\t\t\t\t\t\t<li class=\"elementor-icon-list-item elementor-inline-item\">\n\t\t\t\t\t\t\t\t\t\t<span class=\"elementor-icon-list-text\">Instalaciones<\/span>\n\t\t\t\t\t\t\t\t\t<\/li>\n\t\t\t\t\t\t<\/ul>\n\t\t\t\t\t\t<\/div>\n\t\t\t\t<\/div>\n\t\t\t\t<div class=\"elementor-element elementor-element-952bb09 elementor-widget elementor-widget-heading\" data-id=\"952bb09\" data-element_type=\"widget\" data-e-type=\"widget\" data-widget_type=\"heading.default\">\n\t\t\t\t<div class=\"elementor-widget-container\">\n\t\t\t\t\t<h2 class=\"elementor-heading-title elementor-size-default\">Nuestras oficinas de Alive and Well Partners<\/h2>\t\t\t\t<\/div>\n\t\t\t\t<\/div>\n\t\t\t\t<\/div>\n\t\t\t\t\t<\/div>\n\t\t\t\t<\/div>\n\t\t<div class=\"elementor-element elementor-element-27cd657 e-flex e-con-boxed e-con e-parent\" data-id=\"27cd657\" data-element_type=\"container\" data-e-type=\"container\">\n\t\t\t\t\t<div class=\"e-con-inner\">\n\t\t<div class=\"elementor-element elementor-element-041267d e-con-full animated-slow e-transform e-flex elementor-invisible e-con e-child\" data-id=\"041267d\" data-element_type=\"container\" data-e-type=\"container\" data-settings=\"{&quot;animation&quot;:&quot;fadeInRight&quot;,&quot;_transform_scale_effect_hover&quot;:{&quot;unit&quot;:&quot;px&quot;,&quot;size&quot;:0.9,&quot;sizes&quot;:[]},&quot;_transform_scale_effect_hover_tablet&quot;:{&quot;unit&quot;:&quot;px&quot;,&quot;size&quot;:&quot;&quot;,&quot;sizes&quot;:[]},&quot;_transform_scale_effect_hover_mobile&quot;:{&quot;unit&quot;:&quot;px&quot;,&quot;size&quot;:&quot;&quot;,&quot;sizes&quot;:[]}}\">\n\t\t\t\t<div class=\"elementor-element elementor-element-99f462a elementor-widget__width-initial elementor-widget elementor-widget-image\" data-id=\"99f462a\" data-element_type=\"widget\" data-e-type=\"widget\" data-widget_type=\"image.default\">\n\t\t\t\t<div class=\"elementor-widget-container\">\n\t\t\t\t\t\t\t\t\t\t\t\t\t\t\t<img fetchpriority=\"high\" decoding=\"async\" width=\"300\" height=\"225\" src=\"https:\/\/aliveandwellprogram.com\/wp-content\/uploads\/2025\/04\/1472324-removebg-preview-300x225.png\" class=\"attachment-medium size-medium wp-image-3881\" alt=\"\" srcset=\"https:\/\/aliveandwellprogram.com\/wp-content\/uploads\/2025\/04\/1472324-removebg-preview-300x225.png 300w, https:\/\/aliveandwellprogram.com\/wp-content\/uploads\/2025\/04\/1472324-removebg-preview.png 577w\" sizes=\"(max-width: 300px) 100vw, 300px\" \/>\t\t\t\t\t\t\t\t\t\t\t\t\t\t\t<\/div>\n\t\t\t\t<\/div>\n\t\t\t\t<div class=\"elementor-element elementor-element-1a13638 elementor-widget__width-initial elementor-widget elementor-widget-text-editor\" data-id=\"1a13638\" data-element_type=\"widget\" data-e-type=\"widget\" data-widget_type=\"text-editor.default\">\n\t\t\t\t<div class=\"elementor-widget-container\">\n\t\t\t\t\t\t\t\t\t<h5><span style=\"color: #000000; font-family: tarjan-pro;\"><strong>Miami\/NMO<\/strong><\/span><\/h5><p>Alive and Well Community Partners es una cl\u00ednica de atenci\u00f3n primaria que ofrece tratamientos y ex\u00e1menes personalizados para pacientes en Miami Gardens, FL.<\/p><div class=\"faclityt\"><a href=\"\/alivewell-community-partners\/\">View Facility<\/a><\/div>\t\t\t\t\t\t\t\t<\/div>\n\t\t\t\t<\/div>\n\t\t\t\t<\/div>\n\t\t<div class=\"elementor-element elementor-element-a9fdb23 e-con-full e-transform e-flex e-con e-child\" data-id=\"a9fdb23\" data-element_type=\"container\" data-e-type=\"container\" data-settings=\"{&quot;_transform_scale_effect_hover&quot;:{&quot;unit&quot;:&quot;px&quot;,&quot;size&quot;:0.9,&quot;sizes&quot;:[]},&quot;_transform_scale_effect_hover_tablet&quot;:{&quot;unit&quot;:&quot;px&quot;,&quot;size&quot;:&quot;&quot;,&quot;sizes&quot;:[]},&quot;_transform_scale_effect_hover_mobile&quot;:{&quot;unit&quot;:&quot;px&quot;,&quot;size&quot;:&quot;&quot;,&quot;sizes&quot;:[]}}\">\n\t\t\t\t<div class=\"elementor-element elementor-element-a4c92b4 elementor-widget__width-initial elementor-widget elementor-widget-image\" data-id=\"a4c92b4\" data-element_type=\"widget\" data-e-type=\"widget\" data-widget_type=\"image.default\">\n\t\t\t\t<div class=\"elementor-widget-container\">\n\t\t\t\t\t\t\t\t\t\t\t\t\t\t\t<img fetchpriority=\"high\" decoding=\"async\" width=\"300\" height=\"225\" src=\"https:\/\/aliveandwellprogram.com\/wp-content\/uploads\/2025\/04\/1472324-removebg-preview-300x225.png\" class=\"attachment-medium size-medium wp-image-3881\" alt=\"\" srcset=\"https:\/\/aliveandwellprogram.com\/wp-content\/uploads\/2025\/04\/1472324-removebg-preview-300x225.png 300w, https:\/\/aliveandwellprogram.com\/wp-content\/uploads\/2025\/04\/1472324-removebg-preview.png 577w\" sizes=\"(max-width: 300px) 100vw, 300px\" \/>\t\t\t\t\t\t\t\t\t\t\t\t\t\t\t<\/div>\n\t\t\t\t<\/div>\n\t\t\t\t<div class=\"elementor-element elementor-element-d12a541 elementor-widget__width-initial elementor-widget elementor-widget-text-editor\" data-id=\"d12a541\" data-element_type=\"widget\" data-e-type=\"widget\" data-widget_type=\"text-editor.default\">\n\t\t\t\t<div class=\"elementor-widget-container\">\n\t\t\t\t\t\t\t\t\t<h5><span style=\"color: #000000; font-size: 19px;\"><strong>Ubicaciones en Fort Lauderdale, Lauderhill y LMo<\/strong><\/span><\/h5>\nLa oficina de Alive and Well Community Partners en Fort Lauderdale, FL, ofrece servicios de atenci\u00f3n primaria personalizados en un entorno moderno y acogedor.\n<div class=\"faclityt\"><a href=\"\/alive%20and-Well-broward\">Ver instalaci\u00f3n<\/a><\/div>\t\t\t\t\t\t\t\t<\/div>\n\t\t\t\t<\/div>\n\t\t\t\t<\/div>\n\t\t<div class=\"elementor-element elementor-element-aa7e050 e-con-full e-transform e-flex e-con e-child\" data-id=\"aa7e050\" data-element_type=\"container\" data-e-type=\"container\" data-settings=\"{&quot;_transform_scale_effect_hover&quot;:{&quot;unit&quot;:&quot;px&quot;,&quot;size&quot;:0.9,&quot;sizes&quot;:[]},&quot;_transform_scale_effect_hover_tablet&quot;:{&quot;unit&quot;:&quot;px&quot;,&quot;size&quot;:&quot;&quot;,&quot;sizes&quot;:[]},&quot;_transform_scale_effect_hover_mobile&quot;:{&quot;unit&quot;:&quot;px&quot;,&quot;size&quot;:&quot;&quot;,&quot;sizes&quot;:[]}}\">\n\t\t\t\t<div class=\"elementor-element elementor-element-389b163 elementor-widget__width-initial elementor-widget elementor-widget-image\" data-id=\"389b163\" data-element_type=\"widget\" data-e-type=\"widget\" data-widget_type=\"image.default\">\n\t\t\t\t<div class=\"elementor-widget-container\">\n\t\t\t\t\t\t\t\t\t\t\t\t\t\t\t<img fetchpriority=\"high\" decoding=\"async\" width=\"300\" height=\"225\" src=\"https:\/\/aliveandwellprogram.com\/wp-content\/uploads\/2025\/04\/1472324-removebg-preview-300x225.png\" class=\"attachment-medium size-medium wp-image-3881\" alt=\"\" srcset=\"https:\/\/aliveandwellprogram.com\/wp-content\/uploads\/2025\/04\/1472324-removebg-preview-300x225.png 300w, https:\/\/aliveandwellprogram.com\/wp-content\/uploads\/2025\/04\/1472324-removebg-preview.png 577w\" sizes=\"(max-width: 300px) 100vw, 300px\" \/>\t\t\t\t\t\t\t\t\t\t\t\t\t\t\t<\/div>\n\t\t\t\t<\/div>\n\t\t\t\t<div class=\"elementor-element elementor-element-5574e38 elementor-widget__width-initial elementor-widget elementor-widget-text-editor\" data-id=\"5574e38\" data-element_type=\"widget\" data-e-type=\"widget\" data-widget_type=\"text-editor.default\">\n\t\t\t\t<div class=\"elementor-widget-container\">\n\t\t\t\t\t\t\t\t\t<div class=\"location-box\">\n    <h3>Atenci\u00f3n urgente<\/h3>\n    <p>18405 NW. 2nd Ave. Suite 100<br>Miami Gardens, FL 33169<\/p>\n    <p style=\"color: red; font-style: italic;\">Coming Soon<\/p>\n  <\/div>\n<\/div>\t\t\t\t\t\t\t\t<\/div>\n\t\t\t\t<\/div>\n\t\t\t\t<\/div>\n\t\t\t\t\t<\/div>\n\t\t\t\t<\/div>\n\t\t\t\t<\/div>\n\t\t","protected":false},"excerpt":{"rendered":"<p>Inicio Instalaciones Nuestras oficinas de Alive and Well Partners Miami\/NMO Alive and Well Community Partners es una cl\u00ednica de atenci\u00f3n primaria que ofrece tratamientos y ex\u00e1menes personalizados para pacientes en Miami Gardens, FL. View Facility Ubicaciones en Fort Lauderdale, Lauderhill y LMo La oficina de Alive and Well Community Partners en Fort Lauderdale, FL, ofrece [&hellip;]<\/p>\n","protected":false},"author":1,"featured_media":0,"parent":0,"menu_order":0,"comment_status":"closed","ping_status":"closed","template":"","meta":{"footnotes":""},"class_list":["post-4218","page","type-page","status-publish","hentry"],"_links":{"self":[{"href":"https:\/\/aliveandwellprogram.com\/es\/wp-json\/wp\/v2\/pages\/4218","targetHints":{"allow":["GET"]}}],"collection":[{"href":"https:\/\/aliveandwellprogram.com\/es\/wp-json\/wp\/v2\/pages"}],"about":[{"href":"https:\/\/aliveandwellprogram.com\/es\/wp-json\/wp\/v2\/types\/page"}],"author":[{"embeddable":true,"href":"https:\/\/aliveandwellprogram.com\/es\/wp-json\/wp\/v2\/users\/1"}],"replies":[{"embeddable":true,"href":"https:\/\/aliveandwellprogram.com\/es\/wp-json\/wp\/v2\/comments?post=4218"}],"version-history":[{"count":1,"href":"https:\/\/aliveandwellprogram.com\/es\/wp-json\/wp\/v2\/pages\/4218\/revisions"}],"predecessor-version":[{"id":4219,"href":"https:\/\/aliveandwellprogram.com\/es\/wp-json\/wp\/v2\/pages\/4218\/revisions\/4219"}],"wp:attachment":[{"href":"https:\/\/aliveandwellprogram.com\/es\/wp-json\/wp\/v2\/media?parent=4218"}],"curies":[{"name":"wp","href":"https:\/\/api.w.org\/{rel}","templated":true}]}}