{"id":4209,"date":"2025-04-25T19:59:06","date_gmt":"2025-04-25T19:59:06","guid":{"rendered":"https:\/\/aliveandwellprogram.com\/sobre-nosotros\/"},"modified":"2025-08-08T15:17:58","modified_gmt":"2025-08-08T15:17:58","slug":"sobre-nosotros","status":"publish","type":"page","link":"https:\/\/aliveandwellprogram.com\/es\/sobre-nosotros\/","title":{"rendered":"Sobre nosotros"},"content":{"rendered":"\t\t<div data-elementor-type=\"wp-page\" data-elementor-id=\"4209\" class=\"elementor elementor-4209 elementor-1044\" data-elementor-post-type=\"page\">\n\t\t\t\t<div class=\"elementor-element elementor-element-36fd3fc1 e-con-full e-flex e-con e-parent\" data-id=\"36fd3fc1\" data-element_type=\"container\" data-e-type=\"container\">\n\t\t<div class=\"elementor-element elementor-element-53b4d4bb e-con-full e-flex e-con e-child\" data-id=\"53b4d4bb\" data-element_type=\"container\" data-e-type=\"container\">\n\t\t\t\t<div class=\"elementor-element elementor-element-301e02c4 elementor-widget__width-initial elementor-widget elementor-widget-image\" data-id=\"301e02c4\" data-element_type=\"widget\" data-e-type=\"widget\" data-widget_type=\"image.default\">\n\t\t\t\t<div class=\"elementor-widget-container\">\n\t\t\t\t\t\t\t\t\t\t\t\t\t\t\t<img fetchpriority=\"high\" decoding=\"async\" width=\"612\" height=\"408\" src=\"https:\/\/aliveandwellprogram.com\/wp-content\/uploads\/2025\/05\/e945399e-7428-4a14-9440-27d26b9ded2c.png\" class=\"attachment-full size-full wp-image-4052\" alt=\"\" srcset=\"https:\/\/aliveandwellprogram.com\/wp-content\/uploads\/2025\/05\/e945399e-7428-4a14-9440-27d26b9ded2c.png 612w, https:\/\/aliveandwellprogram.com\/wp-content\/uploads\/2025\/05\/e945399e-7428-4a14-9440-27d26b9ded2c-300x200.png 300w\" sizes=\"(max-width: 612px) 100vw, 612px\" \/>\t\t\t\t\t\t\t\t\t\t\t\t\t\t\t<\/div>\n\t\t\t\t<\/div>\n\t\t\t\t<\/div>\n\t\t<div class=\"elementor-element elementor-element-11d1227a e-con-full e-flex e-con e-child\" data-id=\"11d1227a\" data-element_type=\"container\" data-e-type=\"container\" data-settings=\"{&quot;background_background&quot;:&quot;classic&quot;}\">\n\t\t\t\t<div class=\"elementor-element elementor-element-60cbee1 elementor-icon-list--layout-inline elementor-list-item-link-inline elementor-align-center elementor-mobile-align-start elementor-widget elementor-widget-icon-list\" data-id=\"60cbee1\" data-element_type=\"widget\" data-e-type=\"widget\" data-widget_type=\"icon-list.default\">\n\t\t\t\t<div class=\"elementor-widget-container\">\n\t\t\t\t\t\t\t<ul class=\"elementor-icon-list-items elementor-inline-items\">\n\t\t\t\t\t\t\t<li class=\"elementor-icon-list-item elementor-inline-item\">\n\t\t\t\t\t\t\t\t\t\t<span class=\"elementor-icon-list-text\">Inicio <\/span>\n\t\t\t\t\t\t\t\t\t<\/li>\n\t\t\t\t\t\t\t\t<li class=\"elementor-icon-list-item elementor-inline-item\">\n\t\t\t\t\t\t\t\t\t\t<span class=\"elementor-icon-list-text\">Acerca de Alive and Well Partners<\/span>\n\t\t\t\t\t\t\t\t\t<\/li>\n\t\t\t\t\t\t<\/ul>\n\t\t\t\t\t\t<\/div>\n\t\t\t\t<\/div>\n\t\t\t\t<div class=\"elementor-element elementor-element-7fefbef5 elementor-widget elementor-widget-heading\" data-id=\"7fefbef5\" data-element_type=\"widget\" data-e-type=\"widget\" data-widget_type=\"heading.default\">\n\t\t\t\t<div class=\"elementor-widget-container\">\n\t\t\t\t\t<h2 class=\"elementor-heading-title elementor-size-default\">Sobre nosotros<\/h2>\t\t\t\t<\/div>\n\t\t\t\t<\/div>\n\t\t\t\t<\/div>\n\t\t\t\t<\/div>\n\t\t<div class=\"elementor-element elementor-element-6af22361 e-flex e-con-boxed e-con e-parent\" data-id=\"6af22361\" data-element_type=\"container\" data-e-type=\"container\">\n\t\t\t\t\t<div class=\"e-con-inner\">\n\t\t\t\t<div class=\"elementor-element elementor-element-78c90bec elementor-widget elementor-widget-heading\" data-id=\"78c90bec\" data-element_type=\"widget\" data-e-type=\"widget\" data-widget_type=\"heading.default\">\n\t\t\t\t<div class=\"elementor-widget-container\">\n\t\t\t\t\t<h2 class=\"elementor-heading-title elementor-size-default\">Sobre nosotros<\/h2>\t\t\t\t<\/div>\n\t\t\t\t<\/div>\n\t\t\t\t<div class=\"elementor-element elementor-element-6fef5023 elementor-widget elementor-widget-text-editor\" data-id=\"6fef5023\" data-element_type=\"widget\" data-e-type=\"widget\" data-widget_type=\"text-editor.default\">\n\t\t\t\t<div class=\"elementor-widget-container\">\n\t\t\t\t\t\t\t\t\t<p>En Alive and Well Community Partners, creemos que su salud merece una atenci\u00f3n que sea tan \u00fanica como usted. Al servicio de Miami Gardens y Fort Lauderdale, FL, nuestro enfoque de la atenci\u00f3n primaria es simple: escuche con atenci\u00f3n, responda con apoyo genuino y utilice nuestros recursos internos avanzados para que cada visita sea clara y c\u00f3moda. Valoramos la conversaci\u00f3n honesta en lugar de un enfoque \u00fanico para todos, asegurando que cada interacci\u00f3n se sienta personal y respetuosa. Nuestro objetivo es generar una confianza duradera trat\u00e1ndolo como un vecino con preocupaciones reales, no solo como otra cita en el calendario.   <\/p>\t\t\t\t\t\t\t\t<\/div>\n\t\t\t\t<\/div>\n\t\t\t\t\t<\/div>\n\t\t\t\t<\/div>\n\t\t<div class=\"elementor-element elementor-element-38307d3f e-flex e-con-boxed e-con e-parent\" data-id=\"38307d3f\" data-element_type=\"container\" data-e-type=\"container\" data-settings=\"{&quot;background_background&quot;:&quot;classic&quot;}\">\n\t\t\t\t\t<div class=\"e-con-inner\">\n\t\t<div class=\"elementor-element elementor-element-7d1fa5c6 e-con-full e-flex e-con e-child\" data-id=\"7d1fa5c6\" data-element_type=\"container\" data-e-type=\"container\">\n\t\t\t\t<div class=\"elementor-element elementor-element-23c68fc5 elementor-widget__width-inherit elementor-widget elementor-widget-heading\" data-id=\"23c68fc5\" data-element_type=\"widget\" data-e-type=\"widget\" data-widget_type=\"heading.default\">\n\t\t\t\t<div class=\"elementor-widget-container\">\n\t\t\t\t\t<h2 class=\"elementor-heading-title elementor-size-default\">Transformando la atenci\u00f3n primaria en Miami Gardens, FL<\/h2>\t\t\t\t<\/div>\n\t\t\t\t<\/div>\n\t\t\t\t<div class=\"elementor-element elementor-element-60f516ca elementor-widget elementor-widget-text-editor\" data-id=\"60f516ca\" data-element_type=\"widget\" data-e-type=\"widget\" data-widget_type=\"text-editor.default\">\n\t\t\t\t<div class=\"elementor-widget-container\">\n\t\t\t\t\t\t\t\t\t<div class=\"section__text \"><div class=\"section__text-block\"><div class=\"homepage__headline\">Cuidar de tu salud no tiene por qu\u00e9 ser complicado. En Alive and Well Community Partners en Miami Gardens y Fort Lauderdale, FL, nos esforzamos por hacer que la atenci\u00f3n m\u00e9dica de alta calidad sea accesible y sencilla para nuestros pacientes. Dirigido por un equipo de proveedores compasivos, estamos orgullosos de servir a nuestras comunidades con soluciones de bienestar personalizadas para una variedad de necesidades.  <\/div><\/div><\/div>\t\t\t\t\t\t\t\t<\/div>\n\t\t\t\t<\/div>\n\t\t\t\t<div class=\"elementor-element elementor-element-6db21f0a elementor-align-left my-main-btn elementor-invisible elementor-widget elementor-widget-button\" data-id=\"6db21f0a\" data-element_type=\"widget\" data-e-type=\"widget\" data-settings=\"{&quot;_animation&quot;:&quot;slideInRight&quot;}\" data-widget_type=\"button.default\">\n\t\t\t\t<div class=\"elementor-widget-container\">\n\t\t\t\t\t\t\t\t\t<div class=\"elementor-button-wrapper\">\n\t\t\t\t\t<a class=\"elementor-button elementor-button-link elementor-size-sm\" href=\"https:\/\/test.aliveandwellprogram.com\/contact-us\/\">\n\t\t\t\t\t\t<span class=\"elementor-button-content-wrapper\">\n\t\t\t\t\t\t\t\t\t<span class=\"elementor-button-text\">Cont\u00e1ctenos<\/span>\n\t\t\t\t\t<\/span>\n\t\t\t\t\t<\/a>\n\t\t\t\t<\/div>\n\t\t\t\t\t\t\t\t<\/div>\n\t\t\t\t<\/div>\n\t\t\t\t<\/div>\n\t\t<div class=\"elementor-element elementor-element-4722492a e-con-full e-flex e-con e-child\" data-id=\"4722492a\" data-element_type=\"container\" data-e-type=\"container\">\n\t\t\t\t<div class=\"elementor-element elementor-element-6ec6fdfc elementor-widget elementor-widget-image\" data-id=\"6ec6fdfc\" data-element_type=\"widget\" data-e-type=\"widget\" data-widget_type=\"image.default\">\n\t\t\t\t<div class=\"elementor-widget-container\">\n\t\t\t\t\t\t\t\t\t\t\t\t\t\t\t<img decoding=\"async\" width=\"612\" height=\"386\" src=\"https:\/\/aliveandwellprogram.com\/wp-content\/uploads\/2025\/05\/image-1.png\" class=\"attachment-large size-large wp-image-4053\" alt=\"\" srcset=\"https:\/\/aliveandwellprogram.com\/wp-content\/uploads\/2025\/05\/image-1.png 612w, https:\/\/aliveandwellprogram.com\/wp-content\/uploads\/2025\/05\/image-1-300x189.png 300w\" sizes=\"(max-width: 612px) 100vw, 612px\" \/>\t\t\t\t\t\t\t\t\t\t\t\t\t\t\t<\/div>\n\t\t\t\t<\/div>\n\t\t\t\t<\/div>\n\t\t\t\t\t<\/div>\n\t\t\t\t<\/div>\n\t\t<div class=\"elementor-element elementor-element-b335bc7 e-flex e-con-boxed e-con e-parent\" data-id=\"b335bc7\" data-element_type=\"container\" data-e-type=\"container\">\n\t\t\t\t\t<div class=\"e-con-inner\">\n\t\t\t\t<div class=\"elementor-element elementor-element-3144af00 elementor-widget elementor-widget-heading\" data-id=\"3144af00\" data-element_type=\"widget\" data-e-type=\"widget\" data-widget_type=\"heading.default\">\n\t\t\t\t<div class=\"elementor-widget-container\">\n\t\t\t\t\t<h2 class=\"elementor-heading-title elementor-size-default\">Aprende m\u00e1s<\/h2>\t\t\t\t<\/div>\n\t\t\t\t<\/div>\n\t\t\t\t\t<\/div>\n\t\t\t\t<\/div>\n\t\t<div class=\"elementor-element elementor-element-4d43e8ac e-flex e-con-boxed e-con e-parent\" data-id=\"4d43e8ac\" data-element_type=\"container\" data-e-type=\"container\" data-settings=\"{&quot;background_background&quot;:&quot;classic&quot;}\">\n\t\t\t\t\t<div class=\"e-con-inner\">\n\t\t<div class=\"elementor-element elementor-element-672c47d5 e-con-full e-flex e-con e-child\" data-id=\"672c47d5\" data-element_type=\"container\" data-e-type=\"container\" data-settings=\"{&quot;background_background&quot;:&quot;classic&quot;}\">\n\t\t\t\t<div class=\"elementor-element elementor-element-2b94940b elementor-align-center elementor-widget__width-inherit elementor-icon-list--layout-traditional elementor-list-item-link-full_width elementor-widget elementor-widget-icon-list\" data-id=\"2b94940b\" data-element_type=\"widget\" data-e-type=\"widget\" data-widget_type=\"icon-list.default\">\n\t\t\t\t<div class=\"elementor-widget-container\">\n\t\t\t\t\t\t\t<ul class=\"elementor-icon-list-items\">\n\t\t\t\t\t\t\t<li class=\"elementor-icon-list-item\">\n\t\t\t\t\t\t\t\t\t\t\t<a href=\"https:\/\/test.aliveandwellprogram.com\/services\/\">\n\n\t\t\t\t\t\t\t\t\t\t\t\t<span class=\"elementor-icon-list-icon\">\n\t\t\t\t\t\t\t<svg xmlns=\"http:\/\/www.w3.org\/2000\/svg\" width=\"27\" height=\"35\" viewBox=\"0 0 53 70\"><path d=\"M0 0 C0.684 -0.001 1.369 -0.002 2.074 -0.003 C3.523 -0.004 4.972 -0.002 6.421 0.002 C8.647 0.008 10.872 0.002 13.098 -0.004 C14.503 -0.003 15.908 -0.002 17.312 0 C18.6 0.001 19.887 0.002 21.213 0.003 C24.156 0.133 24.156 0.133 25.156 1.133 C24.837 6.556 23.66 9.965 20.156 14.133 C15.394 17.202 10.565 18.737 4.887 17.73 C-0.812 16.133 -3.529 14.002 -6.844 9.133 C-8.21 6.4 -7.972 4.151 -7.844 1.133 C-5.935 -0.776 -2.529 0.002 0 0Z\" fill=\"#F8DA47\" transform=\"translate(27.844,51.867)\"><\/path><path d=\"M0 0 C0 10.89 0 21.78 0 33 C-6.257 33 -7.384 32.713 -12 29 C-16.623 23.752 -17.353 20.652 -17.281 13.762 C-16.759 8.635 -14.124 6.015 -10.438 2.687 C-6.633 0.054 -4.767 0 0 0Z\" fill=\"#3B8523\" transform=\"translate(18,18)\"><\/path><path d=\"M0 0 C4.327 2.121 6.218 5.197 8.172 9.383 C8.801 11.383 8.801 11.383 8.801 15.383 C-2.089 15.383 -12.979 15.383 -24.199 15.383 C-23.04 6.111 -23.04 6.111 -18.199 1.383 C-12.951 -1.934 -5.837 -1.638 0 0Z\" fill=\"#2A525B\" transform=\"translate(44.199,0.617)\"><\/path><path d=\"M0 0 C0.684 -0.001 1.369 -0.002 2.074 -0.003 C3.523 -0.004 4.972 -0.002 6.421 0.002 C8.647 0.008 10.872 0.002 13.098 -0.004 C14.503 -0.003 15.908 -0.002 17.312 0 C18.6 0.001 19.887 0.002 21.213 0.003 C24.156 0.133 24.156 0.133 25.156 1.133 C24.811 5.704 24.3 8.716 21.156 12.133 C20.936 8.162 21.273 6.9 23.156 3.133 C13.586 3.133 4.016 3.133 -5.844 3.133 C-5.514 4.453 -5.184 5.773 -4.844 7.133 C-4.184 7.463 -3.524 7.793 -2.844 8.133 C-1.79 10.443 -0.786 12.776 0.156 15.133 C-4.073 13.622 -5.756 11.01 -7.844 7.133 C-8.156 3.82 -8.156 3.82 -7.844 1.133 C-5.935 -0.776 -2.529 0.002 0 0Z\" fill=\"#F5E58D\" transform=\"translate(27.844,51.867)\"><\/path><path d=\"M0 0 C0 10.89 0 21.78 0 33 C-6.75 33 -6.75 33 -10 30 C-7.69 30 -5.38 30 -3 30 C-2.971 25.854 -2.953 21.708 -2.938 17.562 C-2.929 16.378 -2.921 15.194 -2.912 13.975 C-2.909 12.85 -2.906 11.725 -2.902 10.566 C-2.897 9.524 -2.892 8.482 -2.886 7.408 C-2.727 5.049 -2.727 5.049 -4 4 C-5.532 4.252 -7.053 4.576 -8.562 4.938 C-9.802 5.229 -9.802 5.229 -11.066 5.527 C-11.704 5.683 -12.343 5.839 -13 6 C-8.47 1.225 -6.763 0 0 0Z\" fill=\"#86B179\" transform=\"translate(18,18)\"><\/path><path d=\"M0 0 C1.623 3.246 0.547 6.638 0.063 10.125 C-0.037 10.879 -0.137 11.633 -0.24 12.41 C-0.488 14.274 -0.743 16.137 -1 18 C-3.582 15.418 -3.298 14.273 -3.312 10.688 C-3.249 6.32 -2.874 3.473 0 0Z\" fill=\"#669555\" transform=\"translate(4,24)\"><\/path><path d=\"M0 0 C2.008 0.014 4.015 0.134 6.02 0.266 C5.69 1.256 5.36 2.246 5.02 3.266 C4.69 2.936 4.36 2.606 4.02 2.266 C2.488 2.518 0.967 2.842 -0.543 3.203 C-1.369 3.398 -2.196 3.592 -3.047 3.793 C-4.004 4.027 -4.004 4.027 -4.98 4.266 C-3.722 1.748 -2.885 0.387 0 0Z\" fill=\"#5B934B\" transform=\"translate(9.98,19.734)\"><\/path><path d=\"M0 0 C1.812 0.062 1.812 0.062 4 1 C5.75 4.563 5.75 4.563 7 8 C3.644 6.611 1.927 5.083 0 2 C0 1.34 0 0.68 0 0Z\" fill=\"#F7E786\" transform=\"translate(21,59)\"><\/path><\/svg>\t\t\t\t\t\t<\/span>\n\t\t\t\t\t\t\t\t\t\t<span class=\"elementor-icon-list-text\">  Servicios<\/span>\n\t\t\t\t\t\t\t\t\t\t\t<\/a>\n\t\t\t\t\t\t\t\t\t<\/li>\n\t\t\t\t\t\t<\/ul>\n\t\t\t\t\t\t<\/div>\n\t\t\t\t<\/div>\n\t\t\t\t<\/div>\n\t\t<div class=\"elementor-element elementor-element-39a1d3fa e-con-full e-flex e-con e-child\" data-id=\"39a1d3fa\" data-element_type=\"container\" data-e-type=\"container\" data-settings=\"{&quot;background_background&quot;:&quot;classic&quot;}\">\n\t\t\t\t<div class=\"elementor-element elementor-element-61324a24 elementor-align-start elementor-widget__width-initial elementor-icon-list--layout-traditional elementor-list-item-link-full_width elementor-widget elementor-widget-icon-list\" data-id=\"61324a24\" data-element_type=\"widget\" data-e-type=\"widget\" data-widget_type=\"icon-list.default\">\n\t\t\t\t<div class=\"elementor-widget-container\">\n\t\t\t\t\t\t\t<ul class=\"elementor-icon-list-items\">\n\t\t\t\t\t\t\t<li class=\"elementor-icon-list-item\">\n\t\t\t\t\t\t\t\t\t\t\t<a href=\"https:\/\/test.aliveandwellprogram.com\/book-now\/\">\n\n\t\t\t\t\t\t\t\t\t\t\t\t<span class=\"elementor-icon-list-icon\">\n\t\t\t\t\t\t\t<svg xmlns=\"http:\/\/www.w3.org\/2000\/svg\" width=\"27\" height=\"35\" viewBox=\"0 0 53 70\"><path d=\"M0 0 C0.684 -0.001 1.369 -0.002 2.074 -0.003 C3.523 -0.004 4.972 -0.002 6.421 0.002 C8.647 0.008 10.872 0.002 13.098 -0.004 C14.503 -0.003 15.908 -0.002 17.312 0 C18.6 0.001 19.887 0.002 21.213 0.003 C24.156 0.133 24.156 0.133 25.156 1.133 C24.837 6.556 23.66 9.965 20.156 14.133 C15.394 17.202 10.565 18.737 4.887 17.73 C-0.812 16.133 -3.529 14.002 -6.844 9.133 C-8.21 6.4 -7.972 4.151 -7.844 1.133 C-5.935 -0.776 -2.529 0.002 0 0Z\" fill=\"#F8DA47\" transform=\"translate(27.844,51.867)\"><\/path><path d=\"M0 0 C0 10.89 0 21.78 0 33 C-6.257 33 -7.384 32.713 -12 29 C-16.623 23.752 -17.353 20.652 -17.281 13.762 C-16.759 8.635 -14.124 6.015 -10.438 2.687 C-6.633 0.054 -4.767 0 0 0Z\" fill=\"#3B8523\" transform=\"translate(18,18)\"><\/path><path d=\"M0 0 C4.327 2.121 6.218 5.197 8.172 9.383 C8.801 11.383 8.801 11.383 8.801 15.383 C-2.089 15.383 -12.979 15.383 -24.199 15.383 C-23.04 6.111 -23.04 6.111 -18.199 1.383 C-12.951 -1.934 -5.837 -1.638 0 0Z\" fill=\"#2A525B\" transform=\"translate(44.199,0.617)\"><\/path><path d=\"M0 0 C0.684 -0.001 1.369 -0.002 2.074 -0.003 C3.523 -0.004 4.972 -0.002 6.421 0.002 C8.647 0.008 10.872 0.002 13.098 -0.004 C14.503 -0.003 15.908 -0.002 17.312 0 C18.6 0.001 19.887 0.002 21.213 0.003 C24.156 0.133 24.156 0.133 25.156 1.133 C24.811 5.704 24.3 8.716 21.156 12.133 C20.936 8.162 21.273 6.9 23.156 3.133 C13.586 3.133 4.016 3.133 -5.844 3.133 C-5.514 4.453 -5.184 5.773 -4.844 7.133 C-4.184 7.463 -3.524 7.793 -2.844 8.133 C-1.79 10.443 -0.786 12.776 0.156 15.133 C-4.073 13.622 -5.756 11.01 -7.844 7.133 C-8.156 3.82 -8.156 3.82 -7.844 1.133 C-5.935 -0.776 -2.529 0.002 0 0Z\" fill=\"#F5E58D\" transform=\"translate(27.844,51.867)\"><\/path><path d=\"M0 0 C0 10.89 0 21.78 0 33 C-6.75 33 -6.75 33 -10 30 C-7.69 30 -5.38 30 -3 30 C-2.971 25.854 -2.953 21.708 -2.938 17.562 C-2.929 16.378 -2.921 15.194 -2.912 13.975 C-2.909 12.85 -2.906 11.725 -2.902 10.566 C-2.897 9.524 -2.892 8.482 -2.886 7.408 C-2.727 5.049 -2.727 5.049 -4 4 C-5.532 4.252 -7.053 4.576 -8.562 4.938 C-9.802 5.229 -9.802 5.229 -11.066 5.527 C-11.704 5.683 -12.343 5.839 -13 6 C-8.47 1.225 -6.763 0 0 0Z\" fill=\"#86B179\" transform=\"translate(18,18)\"><\/path><path d=\"M0 0 C1.623 3.246 0.547 6.638 0.063 10.125 C-0.037 10.879 -0.137 11.633 -0.24 12.41 C-0.488 14.274 -0.743 16.137 -1 18 C-3.582 15.418 -3.298 14.273 -3.312 10.688 C-3.249 6.32 -2.874 3.473 0 0Z\" fill=\"#669555\" transform=\"translate(4,24)\"><\/path><path d=\"M0 0 C2.008 0.014 4.015 0.134 6.02 0.266 C5.69 1.256 5.36 2.246 5.02 3.266 C4.69 2.936 4.36 2.606 4.02 2.266 C2.488 2.518 0.967 2.842 -0.543 3.203 C-1.369 3.398 -2.196 3.592 -3.047 3.793 C-4.004 4.027 -4.004 4.027 -4.98 4.266 C-3.722 1.748 -2.885 0.387 0 0Z\" fill=\"#5B934B\" transform=\"translate(9.98,19.734)\"><\/path><path d=\"M0 0 C1.812 0.062 1.812 0.062 4 1 C5.75 4.563 5.75 4.563 7 8 C3.644 6.611 1.927 5.083 0 2 C0 1.34 0 0.68 0 0Z\" fill=\"#F7E786\" transform=\"translate(21,59)\"><\/path><\/svg>\t\t\t\t\t\t<\/span>\n\t\t\t\t\t\t\t\t\t\t<span class=\"elementor-icon-list-text\">Probar ahora<\/span>\n\t\t\t\t\t\t\t\t\t\t\t<\/a>\n\t\t\t\t\t\t\t\t\t<\/li>\n\t\t\t\t\t\t<\/ul>\n\t\t\t\t\t\t<\/div>\n\t\t\t\t<\/div>\n\t\t\t\t<\/div>\n\t\t<div class=\"elementor-element elementor-element-2eb79b67 e-con-full e-flex e-con e-child\" data-id=\"2eb79b67\" data-element_type=\"container\" data-e-type=\"container\" data-settings=\"{&quot;background_background&quot;:&quot;classic&quot;}\">\n\t\t\t\t<div class=\"elementor-element elementor-element-6a3ef9c3 elementor-align-start elementor-widget__width-initial elementor-icon-list--layout-traditional elementor-list-item-link-full_width elementor-widget elementor-widget-icon-list\" data-id=\"6a3ef9c3\" data-element_type=\"widget\" data-e-type=\"widget\" data-widget_type=\"icon-list.default\">\n\t\t\t\t<div class=\"elementor-widget-container\">\n\t\t\t\t\t\t\t<ul class=\"elementor-icon-list-items\">\n\t\t\t\t\t\t\t<li class=\"elementor-icon-list-item\">\n\t\t\t\t\t\t\t\t\t\t\t<a href=\"https:\/\/test.aliveandwellprogram.com\/contact-us\/\">\n\n\t\t\t\t\t\t\t\t\t\t\t\t<span class=\"elementor-icon-list-icon\">\n\t\t\t\t\t\t\t<svg xmlns=\"http:\/\/www.w3.org\/2000\/svg\" width=\"27\" height=\"35\" viewBox=\"0 0 53 70\"><path d=\"M0 0 C0.684 -0.001 1.369 -0.002 2.074 -0.003 C3.523 -0.004 4.972 -0.002 6.421 0.002 C8.647 0.008 10.872 0.002 13.098 -0.004 C14.503 -0.003 15.908 -0.002 17.312 0 C18.6 0.001 19.887 0.002 21.213 0.003 C24.156 0.133 24.156 0.133 25.156 1.133 C24.837 6.556 23.66 9.965 20.156 14.133 C15.394 17.202 10.565 18.737 4.887 17.73 C-0.812 16.133 -3.529 14.002 -6.844 9.133 C-8.21 6.4 -7.972 4.151 -7.844 1.133 C-5.935 -0.776 -2.529 0.002 0 0Z\" fill=\"#F8DA47\" transform=\"translate(27.844,51.867)\"><\/path><path d=\"M0 0 C0 10.89 0 21.78 0 33 C-6.257 33 -7.384 32.713 -12 29 C-16.623 23.752 -17.353 20.652 -17.281 13.762 C-16.759 8.635 -14.124 6.015 -10.438 2.687 C-6.633 0.054 -4.767 0 0 0Z\" fill=\"#3B8523\" transform=\"translate(18,18)\"><\/path><path d=\"M0 0 C4.327 2.121 6.218 5.197 8.172 9.383 C8.801 11.383 8.801 11.383 8.801 15.383 C-2.089 15.383 -12.979 15.383 -24.199 15.383 C-23.04 6.111 -23.04 6.111 -18.199 1.383 C-12.951 -1.934 -5.837 -1.638 0 0Z\" fill=\"#2A525B\" transform=\"translate(44.199,0.617)\"><\/path><path d=\"M0 0 C0.684 -0.001 1.369 -0.002 2.074 -0.003 C3.523 -0.004 4.972 -0.002 6.421 0.002 C8.647 0.008 10.872 0.002 13.098 -0.004 C14.503 -0.003 15.908 -0.002 17.312 0 C18.6 0.001 19.887 0.002 21.213 0.003 C24.156 0.133 24.156 0.133 25.156 1.133 C24.811 5.704 24.3 8.716 21.156 12.133 C20.936 8.162 21.273 6.9 23.156 3.133 C13.586 3.133 4.016 3.133 -5.844 3.133 C-5.514 4.453 -5.184 5.773 -4.844 7.133 C-4.184 7.463 -3.524 7.793 -2.844 8.133 C-1.79 10.443 -0.786 12.776 0.156 15.133 C-4.073 13.622 -5.756 11.01 -7.844 7.133 C-8.156 3.82 -8.156 3.82 -7.844 1.133 C-5.935 -0.776 -2.529 0.002 0 0Z\" fill=\"#F5E58D\" transform=\"translate(27.844,51.867)\"><\/path><path d=\"M0 0 C0 10.89 0 21.78 0 33 C-6.75 33 -6.75 33 -10 30 C-7.69 30 -5.38 30 -3 30 C-2.971 25.854 -2.953 21.708 -2.938 17.562 C-2.929 16.378 -2.921 15.194 -2.912 13.975 C-2.909 12.85 -2.906 11.725 -2.902 10.566 C-2.897 9.524 -2.892 8.482 -2.886 7.408 C-2.727 5.049 -2.727 5.049 -4 4 C-5.532 4.252 -7.053 4.576 -8.562 4.938 C-9.802 5.229 -9.802 5.229 -11.066 5.527 C-11.704 5.683 -12.343 5.839 -13 6 C-8.47 1.225 -6.763 0 0 0Z\" fill=\"#86B179\" transform=\"translate(18,18)\"><\/path><path d=\"M0 0 C1.623 3.246 0.547 6.638 0.063 10.125 C-0.037 10.879 -0.137 11.633 -0.24 12.41 C-0.488 14.274 -0.743 16.137 -1 18 C-3.582 15.418 -3.298 14.273 -3.312 10.688 C-3.249 6.32 -2.874 3.473 0 0Z\" fill=\"#669555\" transform=\"translate(4,24)\"><\/path><path d=\"M0 0 C2.008 0.014 4.015 0.134 6.02 0.266 C5.69 1.256 5.36 2.246 5.02 3.266 C4.69 2.936 4.36 2.606 4.02 2.266 C2.488 2.518 0.967 2.842 -0.543 3.203 C-1.369 3.398 -2.196 3.592 -3.047 3.793 C-4.004 4.027 -4.004 4.027 -4.98 4.266 C-3.722 1.748 -2.885 0.387 0 0Z\" fill=\"#5B934B\" transform=\"translate(9.98,19.734)\"><\/path><path d=\"M0 0 C1.812 0.062 1.812 0.062 4 1 C5.75 4.563 5.75 4.563 7 8 C3.644 6.611 1.927 5.083 0 2 C0 1.34 0 0.68 0 0Z\" fill=\"#F7E786\" transform=\"translate(21,59)\"><\/path><\/svg>\t\t\t\t\t\t<\/span>\n\t\t\t\t\t\t\t\t\t\t<span class=\"elementor-icon-list-text\">Cont\u00e1ctenos<\/span>\n\t\t\t\t\t\t\t\t\t\t\t<\/a>\n\t\t\t\t\t\t\t\t\t<\/li>\n\t\t\t\t\t\t<\/ul>\n\t\t\t\t\t\t<\/div>\n\t\t\t\t<\/div>\n\t\t\t\t<\/div>\n\t\t\t\t\t<\/div>\n\t\t\t\t<\/div>\n\t\t\t\t<\/div>\n\t\t","protected":false},"excerpt":{"rendered":"<p>Inicio Acerca de Alive and Well Partners Sobre nosotros Sobre nosotros En Alive and Well Community Partners, creemos que su salud merece una atenci\u00f3n que sea tan \u00fanica como usted. Al servicio de Miami Gardens y Fort Lauderdale, FL, nuestro enfoque de la atenci\u00f3n primaria es simple: escuche con atenci\u00f3n, responda con apoyo genuino y [&hellip;]<\/p>\n","protected":false},"author":1,"featured_media":0,"parent":0,"menu_order":0,"comment_status":"open","ping_status":"closed","template":"elementor_header_footer","meta":{"footnotes":""},"class_list":["post-4209","page","type-page","status-publish","hentry"],"_links":{"self":[{"href":"https:\/\/aliveandwellprogram.com\/es\/wp-json\/wp\/v2\/pages\/4209","targetHints":{"allow":["GET"]}}],"collection":[{"href":"https:\/\/aliveandwellprogram.com\/es\/wp-json\/wp\/v2\/pages"}],"about":[{"href":"https:\/\/aliveandwellprogram.com\/es\/wp-json\/wp\/v2\/types\/page"}],"author":[{"embeddable":true,"href":"https:\/\/aliveandwellprogram.com\/es\/wp-json\/wp\/v2\/users\/1"}],"replies":[{"embeddable":true,"href":"https:\/\/aliveandwellprogram.com\/es\/wp-json\/wp\/v2\/comments?post=4209"}],"version-history":[{"count":1,"href":"https:\/\/aliveandwellprogram.com\/es\/wp-json\/wp\/v2\/pages\/4209\/revisions"}],"predecessor-version":[{"id":4210,"href":"https:\/\/aliveandwellprogram.com\/es\/wp-json\/wp\/v2\/pages\/4209\/revisions\/4210"}],"wp:attachment":[{"href":"https:\/\/aliveandwellprogram.com\/es\/wp-json\/wp\/v2\/media?parent=4209"}],"curies":[{"name":"wp","href":"https:\/\/api.w.org\/{rel}","templated":true}]}}