{"id":4163,"date":"2025-05-07T18:06:46","date_gmt":"2025-05-07T18:06:46","guid":{"rendered":"https:\/\/aliveandwellprogram.com\/servicios-para-mujeres\/perdida-de-peso\/"},"modified":"2025-10-16T17:29:03","modified_gmt":"2025-10-16T17:29:03","slug":"perdida-de-peso","status":"publish","type":"page","link":"https:\/\/aliveandwellprogram.com\/es\/servicios-para-mujeres\/perdida-de-peso\/","title":{"rendered":"P\u00e9rdida de peso"},"content":{"rendered":"\t\t<div data-elementor-type=\"wp-page\" data-elementor-id=\"4163\" class=\"elementor elementor-4163 elementor-2253\" data-elementor-post-type=\"page\">\n\t\t\t\t<div class=\"elementor-element elementor-element-0bbb633 e-con-full e-flex e-con e-parent\" data-id=\"0bbb633\" data-element_type=\"container\" data-e-type=\"container\" data-settings=\"{&quot;background_background&quot;:&quot;video&quot;}\">\n\t\t<div class=\"elementor-element elementor-element-ea7ac57 e-con-full e-flex e-con e-child\" data-id=\"ea7ac57\" data-element_type=\"container\" data-e-type=\"container\" data-settings=\"{&quot;background_video_link&quot;:&quot;\\\/wp-content\\\\\\\\\\\/uploads\\\\\\\\\\\/2025\\\\\\\\\\\/05\\\\\\\\\\\/iStock-508119633.mov&quot;,&quot;background_background&quot;:&quot;video&quot;}\">\n\t\t<div class=\"elementor-background-video-container elementor-hidden-mobile\">\n\t\t\t\t\t\t\t<video class=\"elementor-background-video-hosted\" role=\"presentation\" autoplay muted playsinline loop><\/video>\n\t\t\t\t\t<\/div><div class=\"elementor-element elementor-element-73763f2 e-con-full e-flex e-con e-child\" data-id=\"73763f2\" data-element_type=\"container\" data-e-type=\"container\">\n\t\t\t\t<div class=\"elementor-element elementor-element-9006f01 link mb-0 elementor-widget elementor-widget-text-editor\" data-id=\"9006f01\" data-element_type=\"widget\" data-e-type=\"widget\" data-widget_type=\"text-editor.default\">\n\t\t\t\t<div class=\"elementor-widget-container\">\n\t\t\t\t\t\t\t\t\t<p><a href=\"\/\">Inicio<\/a> \/ mujer \/ p\u00e9rdida de peso para mujeres<\/p>\t\t\t\t\t\t\t\t<\/div>\n\t\t\t\t<\/div>\n\t\t\t\t<div class=\"elementor-element elementor-element-66ffe50 elementor-widget__width-initial elementor-widget elementor-widget-heading\" data-id=\"66ffe50\" data-element_type=\"widget\" data-e-type=\"widget\" data-widget_type=\"heading.default\">\n\t\t\t\t<div class=\"elementor-widget-container\">\n\t\t\t\t\t<h2 class=\"elementor-heading-title elementor-size-default\">P\u00e9rdida de peso para mujeres \n\nsalud hol\u00edstica. \n\nResultados duraderos.<\/h2>\t\t\t\t<\/div>\n\t\t\t\t<\/div>\n\t\t\t\t<div class=\"elementor-element elementor-element-a44750a elementor-widget elementor-widget-button\" data-id=\"a44750a\" data-element_type=\"widget\" data-e-type=\"widget\" data-widget_type=\"button.default\">\n\t\t\t\t<div class=\"elementor-widget-container\">\n\t\t\t\t\t\t\t\t\t<div class=\"elementor-button-wrapper\">\n\t\t\t\t\t<a class=\"elementor-button elementor-button-link elementor-size-sm\" href=\"#getInTouch\">\n\t\t\t\t\t\t<span class=\"elementor-button-content-wrapper\">\n\t\t\t\t\t\t\t\t\t<span class=\"elementor-button-text\">EMPEZAR<\/span>\n\t\t\t\t\t<\/span>\n\t\t\t\t\t<\/a>\n\t\t\t\t<\/div>\n\t\t\t\t\t\t\t\t<\/div>\n\t\t\t\t<\/div>\n\t\t\t\t<\/div>\n\t\t\t\t<\/div>\n\t\t<div class=\"elementor-element elementor-element-7aef2d7 e-flex e-con-boxed e-con e-child\" data-id=\"7aef2d7\" data-element_type=\"container\" data-e-type=\"container\">\n\t\t\t\t\t<div class=\"e-con-inner\">\n\t\t<div class=\"elementor-element elementor-element-1357179 e-con-full e-flex e-con e-child\" data-id=\"1357179\" data-element_type=\"container\" data-e-type=\"container\">\n\t\t\t\t<div class=\"elementor-element elementor-element-2e361c8 elementor-widget elementor-widget-heading\" data-id=\"2e361c8\" data-element_type=\"widget\" data-e-type=\"widget\" data-widget_type=\"heading.default\">\n\t\t\t\t<div class=\"elementor-widget-container\">\n\t\t\t\t\t<h2 class=\"elementor-heading-title elementor-size-default\">P\u00e9rdida de peso para mujeres<\/h2>\t\t\t\t<\/div>\n\t\t\t\t<\/div>\n\t\t\t\t<div class=\"elementor-element elementor-element-02cdaa7 elementor-widget elementor-widget-text-editor\" data-id=\"02cdaa7\" data-element_type=\"widget\" data-e-type=\"widget\" data-widget_type=\"text-editor.default\">\n\t\t\t\t<div class=\"elementor-widget-container\">\n\t\t\t\t\t\t\t\t\t<div id=\"section_712932\" class=\"section section--text pushup section__1 pushed\"><div class=\"section__container\"><div class=\"section__text\"><div class=\"section__text-block\"><div id=\"section_712917\" class=\"section section--text pushup section__1 pushed\"><div class=\"section__container\"><div class=\"section__text\"><div class=\"section__text-block\"><div id=\"section_712912\" class=\"section section--text pushup section__1 pushed\"><div class=\"section__container\"><div class=\"section__text\"><div class=\"section__text-block\"><div id=\"section_712922\" class=\"section section--text pushup section__1 pushed\"><div class=\"section__container\"><div class=\"section__text\"><div class=\"section__text-block\"><div id=\"section_712927\" class=\"section section--text pushup section__1 pushed\"><div class=\"section__container\"><div class=\"section__text\"><div class=\"section__text-block\"><div id=\"section_712967\" class=\"section section--text pushup section__1 pushed\"><div class=\"section__container\"><div class=\"section__text\"><div class=\"section__text-block\"><div id=\"section_712977\" class=\"section section--text pushup section__1 pushed\"><div class=\"section__container\"><div class=\"section__text\"><div class=\"section__text-block\"><div id=\"section_712982\" class=\"section section--text pushup section__1 pushed\"><div class=\"section__container\"><div class=\"section__text\"><div class=\"section__text-block\"><div id=\"section_712972\" class=\"section section--text pushup section__1 pushed\"><div class=\"section__container\"><div class=\"section__text\"><div class=\"section__text-block\"><div id=\"section_712972\" class=\"section section--text pushup section__1 pushed\"><div class=\"section__container\"><div class=\"section__text\"><div class=\"section__text-block\"><p>Nuestros programas de p\u00e9rdida de peso para mujeres est\u00e1n supervisados m\u00e9dicamente, tienen en cuenta las hormonas y est\u00e1n orientados a resultados.<\/p><\/div><\/div><\/div><\/div><\/div><\/div><\/div><\/div><\/div><\/div><\/div><\/div><\/div><\/div><\/div><\/div><\/div><\/div><\/div><\/div><\/div><\/div><\/div><\/div><\/div><\/div><\/div><\/div><\/div><\/div><\/div><\/div><\/div><\/div><\/div><\/div><\/div><\/div><\/div><\/div>\t\t\t\t\t\t\t\t<\/div>\n\t\t\t\t<\/div>\n\t\t\t\t<\/div>\n\t\t\t\t\t<\/div>\n\t\t\t\t<\/div>\n\t\t<div class=\"elementor-element elementor-element-df425be e-flex e-con-boxed e-con e-child\" data-id=\"df425be\" data-element_type=\"container\" data-e-type=\"container\" data-settings=\"{&quot;background_background&quot;:&quot;classic&quot;}\">\n\t\t\t\t\t<div class=\"e-con-inner\">\n\t\t<div class=\"elementor-element elementor-element-8c23caa e-con-full e-flex e-con e-child\" data-id=\"8c23caa\" data-element_type=\"container\" data-e-type=\"container\">\n\t\t<div class=\"elementor-element elementor-element-3dcf1ad e-con-full e-flex e-con e-child\" data-id=\"3dcf1ad\" data-element_type=\"container\" data-e-type=\"container\" data-settings=\"{&quot;background_background&quot;:&quot;classic&quot;}\">\n\t\t\t\t<div class=\"elementor-element elementor-element-590afdd elementor-widget elementor-widget-heading\" data-id=\"590afdd\" data-element_type=\"widget\" data-e-type=\"widget\" data-widget_type=\"heading.default\">\n\t\t\t\t<div class=\"elementor-widget-container\">\n\t\t\t\t\t<h2 class=\"elementor-heading-title elementor-size-default\">Los beneficios del programa incluyen<\/h2>\t\t\t\t<\/div>\n\t\t\t\t<\/div>\n\t\t\t\t<div class=\"elementor-element elementor-element-acde439 elementor-widget elementor-widget-text-editor\" data-id=\"acde439\" data-element_type=\"widget\" data-e-type=\"widget\" data-widget_type=\"text-editor.default\">\n\t\t\t\t<div class=\"elementor-widget-container\">\n\t\t\t\t\t\t\t\t\t<div class=\"section__text \"><div class=\"section__text-block\"><div class=\"section__text \"><div class=\"section__text-block\"><div class=\"section__text \"><div class=\"section__text-block\"><div class=\"section__text \"><div class=\"section__text-block\"><div class=\"section__text \"><div class=\"section__text-block\"><div class=\"section__text \"><div class=\"section__text-block\"><div class=\"section__text \"><div class=\"section__text-block\"><div class=\"section__text \"><div class=\"section__text-block\"><ul><li>Consultas individualizadas para la p\u00e9rdida de peso<\/li><li>Supresores del apetito aprobados por la FDA (seg\u00fan sea necesario)<\/li><li>Inyecciones lipotr\u00f3picas (quema de grasa) e inyecciones de B12<\/li><li>Opciones de Semaglutida<\/li><li>Seguimiento y apoyo regulares del progreso<\/li><\/ul><\/div><\/div><\/div><\/div><\/div><\/div><\/div><\/div><\/div><\/div><\/div><\/div><\/div><\/div><\/div><\/div>\t\t\t\t\t\t\t\t<\/div>\n\t\t\t\t<\/div>\n\t\t\t\t<\/div>\n\t\t<div class=\"elementor-element elementor-element-463a4f6 e-con-full e-flex e-con e-child\" data-id=\"463a4f6\" data-element_type=\"container\" data-e-type=\"container\" data-settings=\"{&quot;background_background&quot;:&quot;classic&quot;}\">\n\t\t\t\t<\/div>\n\t\t\t\t<\/div>\n\t\t\t\t\t<\/div>\n\t\t\t\t<\/div>\n\t\t<div class=\"elementor-element elementor-element-da07086 e-flex e-con-boxed e-con e-child\" data-id=\"da07086\" data-element_type=\"container\" data-e-type=\"container\" data-settings=\"{&quot;background_background&quot;:&quot;classic&quot;,&quot;position&quot;:&quot;fixed&quot;}\">\n\t\t\t\t\t<div class=\"e-con-inner\">\n\t\t\t\t<div class=\"elementor-element elementor-element-478cd9b elementor-widget elementor-widget-heading\" data-id=\"478cd9b\" data-element_type=\"widget\" data-e-type=\"widget\" data-widget_type=\"heading.default\">\n\t\t\t\t<div class=\"elementor-widget-container\">\n\t\t\t\t\t<h2 class=\"elementor-heading-title elementor-size-default\">\u00a1Comience su viaje hoy mismo!<\/h2>\t\t\t\t<\/div>\n\t\t\t\t<\/div>\n\t\t\t\t<div class=\"elementor-element elementor-element-60f625f fancy-button elementor-widget elementor-widget-button\" data-id=\"60f625f\" data-element_type=\"widget\" data-e-type=\"widget\" data-widget_type=\"button.default\">\n\t\t\t\t<div class=\"elementor-widget-container\">\n\t\t\t\t\t\t\t\t\t<div class=\"elementor-button-wrapper\">\n\t\t\t\t\t<a class=\"elementor-button elementor-button-link elementor-size-sm\" href=\"#getInTouch\">\n\t\t\t\t\t\t<span class=\"elementor-button-content-wrapper\">\n\t\t\t\t\t\t\t\t\t<span class=\"elementor-button-text\">Empezar<\/span>\n\t\t\t\t\t<\/span>\n\t\t\t\t\t<\/a>\n\t\t\t\t<\/div>\n\t\t\t\t\t\t\t\t<\/div>\n\t\t\t\t<\/div>\n\t\t\t\t\t<\/div>\n\t\t\t\t<\/div>\n\t\t\t\t<\/div>\n\t\t\t\t<\/div>\n\t\t","protected":false},"excerpt":{"rendered":"<p>Inicio \/ mujer \/ p\u00e9rdida de peso para mujeres P\u00e9rdida de peso para mujeres salud hol\u00edstica. Resultados duraderos. EMPEZAR P\u00e9rdida de peso para mujeres Nuestros programas de p\u00e9rdida de peso para mujeres est\u00e1n supervisados m\u00e9dicamente, tienen en cuenta las hormonas y est\u00e1n orientados a resultados. Los beneficios del programa incluyen Consultas individualizadas para la p\u00e9rdida [&hellip;]<\/p>\n","protected":false},"author":1,"featured_media":0,"parent":4150,"menu_order":0,"comment_status":"closed","ping_status":"closed","template":"","meta":{"footnotes":""},"class_list":["post-4163","page","type-page","status-publish","hentry"],"_links":{"self":[{"href":"https:\/\/aliveandwellprogram.com\/es\/wp-json\/wp\/v2\/pages\/4163","targetHints":{"allow":["GET"]}}],"collection":[{"href":"https:\/\/aliveandwellprogram.com\/es\/wp-json\/wp\/v2\/pages"}],"about":[{"href":"https:\/\/aliveandwellprogram.com\/es\/wp-json\/wp\/v2\/types\/page"}],"author":[{"embeddable":true,"href":"https:\/\/aliveandwellprogram.com\/es\/wp-json\/wp\/v2\/users\/1"}],"replies":[{"embeddable":true,"href":"https:\/\/aliveandwellprogram.com\/es\/wp-json\/wp\/v2\/comments?post=4163"}],"version-history":[{"count":8,"href":"https:\/\/aliveandwellprogram.com\/es\/wp-json\/wp\/v2\/pages\/4163\/revisions"}],"predecessor-version":[{"id":4529,"href":"https:\/\/aliveandwellprogram.com\/es\/wp-json\/wp\/v2\/pages\/4163\/revisions\/4529"}],"up":[{"embeddable":true,"href":"https:\/\/aliveandwellprogram.com\/es\/wp-json\/wp\/v2\/pages\/4150"}],"wp:attachment":[{"href":"https:\/\/aliveandwellprogram.com\/es\/wp-json\/wp\/v2\/media?parent=4163"}],"curies":[{"name":"wp","href":"https:\/\/api.w.org\/{rel}","templated":true}]}}