{"id":4157,"date":"2025-05-07T18:08:34","date_gmt":"2025-05-07T18:08:34","guid":{"rendered":"https:\/\/aliveandwellprogram.com\/servicios-para-hombres\/atencion-primaria-para-hombres\/"},"modified":"2025-08-08T07:11:25","modified_gmt":"2025-08-08T07:11:25","slug":"atencion-primaria-para-hombres","status":"publish","type":"page","link":"https:\/\/aliveandwellprogram.com\/es\/servicios-para-hombres\/atencion-primaria-para-hombres\/","title":{"rendered":"Atenci\u00f3n primaria para hombres"},"content":{"rendered":"\t\t<div data-elementor-type=\"wp-page\" data-elementor-id=\"4157\" class=\"elementor elementor-4157 elementor-2259\" data-elementor-post-type=\"page\">\n\t\t\t\t<div class=\"elementor-element elementor-element-c8e5d6a e-con-full e-flex e-con e-child\" data-id=\"c8e5d6a\" data-element_type=\"container\" data-e-type=\"container\" data-settings=\"{&quot;background_background&quot;:&quot;video&quot;,&quot;background_video_link&quot;:&quot;https:\\\/\\\/test.aliveandwellprogram.com\\\/wp-content\\\/uploads\\\/2025\\\/05\\\/iStock-1572294847.mov&quot;}\">\n\t\t<div class=\"elementor-background-video-container elementor-hidden-mobile\">\n\t\t\t\t\t\t\t<video class=\"elementor-background-video-hosted\" role=\"presentation\" autoplay muted playsinline loop><\/video>\n\t\t\t\t\t<\/div>\t\t<div class=\"elementor-element elementor-element-48d7671 link mb-0 elementor-widget elementor-widget-text-editor\" data-id=\"48d7671\" data-element_type=\"widget\" data-e-type=\"widget\" data-widget_type=\"text-editor.default\">\n\t\t\t\t<div class=\"elementor-widget-container\">\n\t\t\t\t\t\t\t\t\t<a href=\"\/\">Inicio<\/a> \/ men primary care\t\t\t\t\t\t\t\t<\/div>\n\t\t\t\t<\/div>\n\t\t\t\t<div class=\"elementor-element elementor-element-b8aae67 elementor-widget__width-initial elementor-widget elementor-widget-heading\" data-id=\"b8aae67\" data-element_type=\"widget\" data-e-type=\"widget\" data-widget_type=\"heading.default\">\n\t\t\t\t<div class=\"elementor-widget-container\">\n\t\t\t\t\t<h2 class=\"elementor-heading-title elementor-size-default\">\nTu salud. \nTu horario.\nTu equipo.<\/h2>\t\t\t\t<\/div>\n\t\t\t\t<\/div>\n\t\t\t\t<div class=\"elementor-element elementor-element-3144a58 elementor-widget elementor-widget-button\" data-id=\"3144a58\" data-element_type=\"widget\" data-e-type=\"widget\" data-widget_type=\"button.default\">\n\t\t\t\t<div class=\"elementor-widget-container\">\n\t\t\t\t\t\t\t\t\t<div class=\"elementor-button-wrapper\">\n\t\t\t\t\t<a class=\"elementor-button elementor-button-link elementor-size-sm\" href=\"#getInTouch\">\n\t\t\t\t\t\t<span class=\"elementor-button-content-wrapper\">\n\t\t\t\t\t\t\t\t\t<span class=\"elementor-button-text\">EMPEZAR<\/span>\n\t\t\t\t\t<\/span>\n\t\t\t\t\t<\/a>\n\t\t\t\t<\/div>\n\t\t\t\t\t\t\t\t<\/div>\n\t\t\t\t<\/div>\n\t\t\t\t<\/div>\n\t\t<div class=\"elementor-element elementor-element-53fdb01 e-flex e-con-boxed e-con e-parent\" data-id=\"53fdb01\" data-element_type=\"container\" data-e-type=\"container\">\n\t\t\t\t\t<div class=\"e-con-inner\">\n\t\t\t\t<div class=\"elementor-element elementor-element-d28a39a elementor-widget elementor-widget-heading\" data-id=\"d28a39a\" data-element_type=\"widget\" data-e-type=\"widget\" data-widget_type=\"heading.default\">\n\t\t\t\t<div class=\"elementor-widget-container\">\n\t\t\t\t\t<h2 class=\"elementor-heading-title elementor-size-default\">Atenci\u00f3n primaria para hombres en Alive and Well Community Partners<\/h2>\t\t\t\t<\/div>\n\t\t\t\t<\/div>\n\t\t\t\t<div class=\"elementor-element elementor-element-0f4440a elementor-widget elementor-widget-video\" data-id=\"0f4440a\" data-element_type=\"widget\" data-e-type=\"widget\" data-settings=\"{&quot;video_type&quot;:&quot;hosted&quot;,&quot;start&quot;:0,&quot;end&quot;:17,&quot;autoplay&quot;:&quot;yes&quot;,&quot;play_on_mobile&quot;:&quot;yes&quot;}\" data-widget_type=\"video.default\">\n\t\t\t\t<div class=\"elementor-widget-container\">\n\t\t\t\t\t\t\t<div class=\"e-hosted-video elementor-wrapper elementor-open-inline\">\n\t\t\t\t\t<video class=\"elementor-video\" src=\"https:\/\/test.aliveandwellprogram.com\/wp-content\/uploads\/2025\/06\/Photos-and-UNDER-the-words-Mens-Wellness-in-men-primary-care-page.mov#t=,17\" autoplay=\"\" playsinline=\"\" controlsList=\"nodownload\"><\/video>\n\t\t\t\t<\/div>\n\t\t\t\t\t\t<\/div>\n\t\t\t\t<\/div>\n\t\t\t\t<div class=\"elementor-element elementor-element-07d46e6 elementor-widget elementor-widget-text-editor\" data-id=\"07d46e6\" data-element_type=\"widget\" data-e-type=\"widget\" data-widget_type=\"text-editor.default\">\n\t\t\t\t<div class=\"elementor-widget-container\">\n\t\t\t\t\t\t\t\t\t<p><strong>Proactivo.<\/strong> <strong>Personalizado.<\/strong> <strong>Preventivo.<\/strong><\/p><p>En Alive and Well Community Partners, entendemos que las necesidades de salud de los hombres son \u00fanicas y, a menudo, se pasan por alto. Nuestros servicios integrales de atenci\u00f3n primaria para hombres est\u00e1n dise\u00f1ados para proporcionar atenci\u00f3n m\u00e9dica constante, compasiva y personalizada que respalde su salud hoy y en el futuro.<\/p><p><strong>Por qu\u00e9 la atenci\u00f3n primaria es importante para los hombres<\/strong><br>Tener un proveedor de atenci\u00f3n primaria dedicado es uno de los pasos m\u00e1s importantes que un hombre puede dar por su salud a largo plazo. Los chequeos regulares hacen m\u00e1s que tratar la enfermedad: ayudan a prevenirla. Nuestro equipo construye una relaci\u00f3n de confianza y continua con cada paciente, asegurando que la atenci\u00f3n se adapte a sus necesidades y evolucione a medida que usted lo hace.<br>Beneficios de las visitas regulares de atenci\u00f3n primaria<br>Cuando establece la atenci\u00f3n con nuestro equipo m\u00e9dico, obtiene acceso a una amplia gama de beneficios que van m\u00e1s all\u00e1 de una visita b\u00e1sica al consultorio:<\/p><ul><li><strong>Ex\u00e1menes preventivos y detecci\u00f3n temprana<\/strong><br>Identifique y aborde los problemas de salud antes de que se vuelvan graves: los ex\u00e1menes de presi\u00f3n arterial alta, colesterol, c\u00e1ncer y m\u00e1s son parte de nuestra atenci\u00f3n de rutina.<\/li><li><strong>Manejo de enfermedades cr\u00f3nicas<\/strong><br>Apoyo personalizado para afecciones como diabetes, hipertensi\u00f3n y enfermedades card\u00edacas, con planes de atenci\u00f3n creados en torno a su estilo de vida y objetivos espec\u00edficos.<\/li><li><strong>Asesoramiento sobre estilo de vida y bienestar<\/strong><br>Orientaci\u00f3n experta para mejorar su nutrici\u00f3n, h\u00e1bitos de ejercicio, salud mental y manejo del estr\u00e9s, todo adaptado a las necesidades de salud de los hombres.<\/li><li><strong>Atenci\u00f3n especializada coordinada<\/strong><br>Si necesita un tratamiento avanzado, nos aseguramos de que las derivaciones a especialistas de confianza sean perfectas, manteniendo al mismo tiempo la supervisi\u00f3n de su plan de atenci\u00f3n general.<\/li><li><strong>Monitoreo de la salud a lo largo del tiempo<\/strong><br>Mantenemos registros de salud detallados, monitoreamos las tendencias y realizamos ajustes proactivos para optimizar su salud a\u00f1o tras a\u00f1o.<\/li><\/ul>\t\t\t\t\t\t\t\t<\/div>\n\t\t\t\t<\/div>\n\t\t\t\t\t<\/div>\n\t\t\t\t<\/div>\n\t\t<div class=\"elementor-element elementor-element-a9e54f1 e-flex e-con-boxed e-con e-parent\" data-id=\"a9e54f1\" data-element_type=\"container\" data-e-type=\"container\">\n\t\t\t\t\t<div class=\"e-con-inner\">\n\t\t<div class=\"elementor-element elementor-element-a25bbdc e-con-full e-flex e-con e-child\" data-id=\"a25bbdc\" data-element_type=\"container\" data-e-type=\"container\">\n\t\t\t\t<div class=\"elementor-element elementor-element-a67c397 elementor-widget elementor-widget-heading\" data-id=\"a67c397\" data-element_type=\"widget\" data-e-type=\"widget\" data-widget_type=\"heading.default\">\n\t\t\t\t<div class=\"elementor-widget-container\">\n\t\t\t\t\t<h2 class=\"elementor-heading-title elementor-size-default\">Los servicios de atenci\u00f3n primaria incluyen<\/h2>\t\t\t\t<\/div>\n\t\t\t\t<\/div>\n\t\t\t\t<div class=\"elementor-element elementor-element-51e6aee elementor-widget elementor-widget-text-editor\" data-id=\"51e6aee\" data-element_type=\"widget\" data-e-type=\"widget\" data-widget_type=\"text-editor.default\">\n\t\t\t\t<div class=\"elementor-widget-container\">\n\t\t\t\t\t\t\t\t\t<div class=\"section__text \"><div class=\"section__text-block\"><div class=\"section__text \"><div class=\"section__text-block\"><div class=\"section__text \"><div class=\"section__text-block\"><div class=\"section__text \"><div class=\"section__text-block\"><div class=\"section__text \"><div class=\"section__text-block\"><div class=\"section__text \"><div class=\"section__text-block\"><div class=\"section__text \"><div class=\"section__text-block\"><div class=\"section__text \"><div class=\"section__text-block\"><ul><li>Ex\u00e1menes anuales de bienestar<\/li><li>Control de la presi\u00f3n arterial y el colesterol<\/li><li>Control de la diabetes<\/li><li>Pruebas y tratamiento de ETS\/VIH<\/li><li>Vacunaciones preventivas<\/li><li>Asesoramiento sobre estilo de vida y nutrici\u00f3n<\/li><\/ul><\/div><\/div><\/div><\/div><\/div><\/div><\/div><\/div><\/div><\/div><\/div><\/div><\/div><\/div><\/div><\/div>\t\t\t\t\t\t\t\t<\/div>\n\t\t\t\t<\/div>\n\t\t\t\t<\/div>\n\t\t<div class=\"elementor-element elementor-element-a7f7e15 e-con-full e-flex e-con e-child\" data-id=\"a7f7e15\" data-element_type=\"container\" data-e-type=\"container\" data-settings=\"{&quot;background_background&quot;:&quot;classic&quot;}\">\n\t\t\t\t<\/div>\n\t\t\t\t\t<\/div>\n\t\t\t\t<\/div>\n\t\t<div class=\"elementor-element elementor-element-dfef504 e-flex e-con-boxed e-con e-parent\" data-id=\"dfef504\" data-element_type=\"container\" data-e-type=\"container\">\n\t\t\t\t\t<div class=\"e-con-inner\">\n\t\t\t\t<div class=\"elementor-element elementor-element-6f7dff9 elementor-widget elementor-widget-heading\" data-id=\"6f7dff9\" data-element_type=\"widget\" data-e-type=\"widget\" data-widget_type=\"heading.default\">\n\t\t\t\t<div class=\"elementor-widget-container\">\n\t\t\t\t\t<h2 class=\"elementor-heading-title elementor-size-default\">\u00a1Vale la pena estar vivo y bien!<\/h2>\t\t\t\t<\/div>\n\t\t\t\t<\/div>\n\t\t\t\t<div class=\"elementor-element elementor-element-5278f62 elementor-widget__width-initial elementor-widget elementor-widget-text-editor\" data-id=\"5278f62\" data-element_type=\"widget\" data-e-type=\"widget\" data-widget_type=\"text-editor.default\">\n\t\t\t\t<div class=\"elementor-widget-container\">\n\t\t\t\t\t\t\t\t\t<p><span style=\"font-weight: 400;\">Programe su cita hoy mismo y tome el control de su salud con el apoyo de un equipo de atenci\u00f3n que comprende lo que le importa.<\/span><\/p>\t\t\t\t\t\t\t\t<\/div>\n\t\t\t\t<\/div>\n\t\t\t\t<div class=\"elementor-element elementor-element-c84bfec elementor-widget elementor-widget-heading\" data-id=\"c84bfec\" data-element_type=\"widget\" data-e-type=\"widget\" data-widget_type=\"heading.default\">\n\t\t\t\t<div class=\"elementor-widget-container\">\n\t\t\t\t\t<h2 class=\"elementor-heading-title elementor-size-default\"><span id=\"docs-internal-guid-382ba6b0-7fff-55b9-e3de-28bfe6c9e4ee\"><span style=\"font-size: 11pt;font-family: Arial, sans-serif;background-color: transparent;font-weight: 700;vertical-align: baseline\">Reserve su visita ahora<\/span><span style=\"font-size: 11pt;font-family: Arial, sans-serif;background-color: transparent;vertical-align: baseline\"> | ll\u00e1menos: (800) 434-1366 <\/span> <\/span><\/h2>\t\t\t\t<\/div>\n\t\t\t\t<\/div>\n\t\t\t\t\t<\/div>\n\t\t\t\t<\/div>\n\t\t\t\t<\/div>\n\t\t","protected":false},"excerpt":{"rendered":"<p>Inicio \/ men primary care Tu salud. Tu horario. Tu equipo. EMPEZAR Atenci\u00f3n primaria para hombres en Alive and Well Community Partners https:\/\/aliveandwellprogram.com\/wp-content\/uploads\/2025\/06\/Photos-and-UNDER-the-words-Mens-Wellness-in-men-primary-care-page.mov#t=,17 Proactivo. Personalizado. Preventivo. En Alive and Well Community Partners, entendemos que las necesidades de salud de los hombres son \u00fanicas y, a menudo, se pasan por alto. Nuestros servicios integrales de atenci\u00f3n [&hellip;]<\/p>\n","protected":false},"author":1,"featured_media":0,"parent":4152,"menu_order":0,"comment_status":"closed","ping_status":"closed","template":"","meta":{"footnotes":""},"class_list":["post-4157","page","type-page","status-publish","hentry"],"_links":{"self":[{"href":"https:\/\/aliveandwellprogram.com\/es\/wp-json\/wp\/v2\/pages\/4157","targetHints":{"allow":["GET"]}}],"collection":[{"href":"https:\/\/aliveandwellprogram.com\/es\/wp-json\/wp\/v2\/pages"}],"about":[{"href":"https:\/\/aliveandwellprogram.com\/es\/wp-json\/wp\/v2\/types\/page"}],"author":[{"embeddable":true,"href":"https:\/\/aliveandwellprogram.com\/es\/wp-json\/wp\/v2\/users\/1"}],"replies":[{"embeddable":true,"href":"https:\/\/aliveandwellprogram.com\/es\/wp-json\/wp\/v2\/comments?post=4157"}],"version-history":[{"count":1,"href":"https:\/\/aliveandwellprogram.com\/es\/wp-json\/wp\/v2\/pages\/4157\/revisions"}],"predecessor-version":[{"id":4160,"href":"https:\/\/aliveandwellprogram.com\/es\/wp-json\/wp\/v2\/pages\/4157\/revisions\/4160"}],"up":[{"embeddable":true,"href":"https:\/\/aliveandwellprogram.com\/es\/wp-json\/wp\/v2\/pages\/4152"}],"wp:attachment":[{"href":"https:\/\/aliveandwellprogram.com\/es\/wp-json\/wp\/v2\/media?parent=4157"}],"curies":[{"name":"wp","href":"https:\/\/api.w.org\/{rel}","templated":true}]}}