{"id":4156,"date":"2025-05-07T18:06:09","date_gmt":"2025-05-07T18:06:09","guid":{"rendered":"https:\/\/aliveandwellprogram.com\/servicios-para-mujeres\/ginecologia-y-obstetricia-y-citologia-vaginal\/"},"modified":"2025-10-16T18:19:37","modified_gmt":"2025-10-16T18:19:37","slug":"ginecologia-y-obstetricia-y-citologia-vaginal","status":"publish","type":"page","link":"https:\/\/aliveandwellprogram.com\/es\/servicios-para-mujeres\/ginecologia-y-obstetricia-y-citologia-vaginal\/","title":{"rendered":"Ginecolog\u00eda y obstetricia y citolog\u00eda vaginal"},"content":{"rendered":"\t\t<div data-elementor-type=\"wp-page\" data-elementor-id=\"4156\" class=\"elementor elementor-4156 elementor-2249\" data-elementor-post-type=\"page\">\n\t\t\t\t<div class=\"elementor-element elementor-element-723288c e-con-full e-flex e-con e-parent\" data-id=\"723288c\" data-element_type=\"container\" data-e-type=\"container\">\n\t\t<div class=\"elementor-element elementor-element-6c40ada e-con-full e-flex e-con e-child\" data-id=\"6c40ada\" data-element_type=\"container\" data-e-type=\"container\" data-settings=\"{&quot;background_background&quot;:&quot;video&quot;,&quot;background_video_link&quot;:&quot;\\\/wp-content\\\/uploads\\\/2025\\\/05\\\/iStock-2174208388.mov&quot;}\">\n\t\t<div class=\"elementor-background-video-container elementor-hidden-mobile\">\n\t\t\t\t\t\t\t<video class=\"elementor-background-video-hosted\" role=\"presentation\" autoplay muted playsinline loop><\/video>\n\t\t\t\t\t<\/div><div class=\"elementor-element elementor-element-c5d761b e-con-full e-flex e-con e-child\" data-id=\"c5d761b\" data-element_type=\"container\" data-e-type=\"container\">\n\t\t\t\t<div class=\"elementor-element elementor-element-9400867 link mb-0 elementor-widget elementor-widget-text-editor\" data-id=\"9400867\" data-element_type=\"widget\" data-e-type=\"widget\" data-widget_type=\"text-editor.default\">\n\t\t\t\t<div class=\"elementor-widget-container\">\n\t\t\t\t\t\t\t\t\t<p><a href=\"\/\">Inicio<\/a> \/ atenci\u00f3n primaria para hombres \/ <strong>p\u00e9rdida de peso para hombres<\/strong><\/p>\t\t\t\t\t\t\t\t<\/div>\n\t\t\t\t<\/div>\n\t\t\t\t<div class=\"elementor-element elementor-element-5480ca0 elementor-widget__width-initial elementor-widget elementor-widget-heading\" data-id=\"5480ca0\" data-element_type=\"widget\" data-e-type=\"widget\" data-widget_type=\"heading.default\">\n\t\t\t\t<div class=\"elementor-widget-container\">\n\t\t\t\t\t<h2 class=\"elementor-heading-title elementor-size-default\">Ofrecemos servicios especializados de ginecolog\u00eda y obstetricia para las primeras etapas del embarazo y atenci\u00f3n ginecol\u00f3gica rutinaria.<\/h2>\t\t\t\t<\/div>\n\t\t\t\t<\/div>\n\t\t\t\t<div class=\"elementor-element elementor-element-2a2227d elementor-widget elementor-widget-button\" data-id=\"2a2227d\" data-element_type=\"widget\" data-e-type=\"widget\" data-widget_type=\"button.default\">\n\t\t\t\t<div class=\"elementor-widget-container\">\n\t\t\t\t\t\t\t\t\t<div class=\"elementor-button-wrapper\">\n\t\t\t\t\t<a class=\"elementor-button elementor-button-link elementor-size-sm\" href=\"#getInTouch\">\n\t\t\t\t\t\t<span class=\"elementor-button-content-wrapper\">\n\t\t\t\t\t\t\t\t\t<span class=\"elementor-button-text\">EMPEZAR<\/span>\n\t\t\t\t\t<\/span>\n\t\t\t\t\t<\/a>\n\t\t\t\t<\/div>\n\t\t\t\t\t\t\t\t<\/div>\n\t\t\t\t<\/div>\n\t\t\t\t<\/div>\n\t\t\t\t<\/div>\n\t\t<div class=\"elementor-element elementor-element-bc66398 e-flex e-con-boxed e-con e-child\" data-id=\"bc66398\" data-element_type=\"container\" data-e-type=\"container\">\n\t\t\t\t\t<div class=\"e-con-inner\">\n\t\t<div class=\"elementor-element elementor-element-6707a5e e-con-full e-flex e-con e-child\" data-id=\"6707a5e\" data-element_type=\"container\" data-e-type=\"container\">\n\t\t\t\t<div class=\"elementor-element elementor-element-7bc8ad4 elementor-widget elementor-widget-heading\" data-id=\"7bc8ad4\" data-element_type=\"widget\" data-e-type=\"widget\" data-widget_type=\"heading.default\">\n\t\t\t\t<div class=\"elementor-widget-container\">\n\t\t\t\t\t<h2 class=\"elementor-heading-title elementor-size-default\">Pruebas de rutina para su tranquilidad<\/h2>\t\t\t\t<\/div>\n\t\t\t\t<\/div>\n\t\t\t\t<div class=\"elementor-element elementor-element-e90589e elementor-widget elementor-widget-text-editor\" data-id=\"e90589e\" data-element_type=\"widget\" data-e-type=\"widget\" data-widget_type=\"text-editor.default\">\n\t\t\t\t<div class=\"elementor-widget-container\">\n\t\t\t\t\t\t\t\t\t<div id=\"section_712932\" class=\"section section--text pushup section__1 pushed\"><div class=\"section__container\"><div class=\"section__text\"><div class=\"section__text-block\"><div id=\"section_712917\" class=\"section section--text pushup section__1 pushed\"><div class=\"section__container\"><div class=\"section__text\"><div class=\"section__text-block\"><div id=\"section_712912\" class=\"section section--text pushup section__1 pushed\"><div class=\"section__container\"><div class=\"section__text\"><div class=\"section__text-block\"><div id=\"section_712922\" class=\"section section--text pushup section__1 pushed\"><div class=\"section__container\"><div class=\"section__text\"><div class=\"section__text-block\"><div id=\"section_712927\" class=\"section section--text pushup section__1 pushed\"><div class=\"section__container\"><div class=\"section__text\"><div class=\"section__text-block\"><div id=\"section_712967\" class=\"section section--text pushup section__1 pushed\"><div class=\"section__container\"><div class=\"section__text\"><div class=\"section__text-block\"><div id=\"section_712977\" class=\"section section--text pushup section__1 pushed\"><div class=\"section__container\"><div class=\"section__text\"><div class=\"section__text-block\"><div id=\"section_712982\" class=\"section section--text pushup section__1 pushed\"><div class=\"section__container\"><div class=\"section__text\"><div class=\"section__text-block\"><div id=\"section_712972\" class=\"section section--text pushup section__1 pushed\"><div class=\"section__container\"><div class=\"section__text\"><div class=\"section__text-block\"><div id=\"section_712972\" class=\"section section--text pushup section__1 pushed\"><div class=\"section__container\"><div class=\"section__text\"><div class=\"section__text-block\"><p>Ofrecemos servicios especializados de ginecolog\u00eda y obstetricia para las primeras etapas del embarazo y atenci\u00f3n ginecol\u00f3gica rutinaria.<\/p><\/div><\/div><\/div><\/div><\/div><\/div><\/div><\/div><\/div><\/div><\/div><\/div><\/div><\/div><\/div><\/div><\/div><\/div><\/div><\/div><\/div><\/div><\/div><\/div><\/div><\/div><\/div><\/div><\/div><\/div><\/div><\/div><\/div><\/div><\/div><\/div><\/div><\/div><\/div><\/div>\t\t\t\t\t\t\t\t<\/div>\n\t\t\t\t<\/div>\n\t\t\t\t<\/div>\n\t\t\t\t\t<\/div>\n\t\t\t\t<\/div>\n\t\t<div class=\"elementor-element elementor-element-ee41b2f e-flex e-con-boxed e-con e-child\" data-id=\"ee41b2f\" data-element_type=\"container\" data-e-type=\"container\" data-settings=\"{&quot;background_background&quot;:&quot;classic&quot;}\">\n\t\t\t\t\t<div class=\"e-con-inner\">\n\t\t<div class=\"elementor-element elementor-element-1248bc2 e-con-full e-flex e-con e-child\" data-id=\"1248bc2\" data-element_type=\"container\" data-e-type=\"container\">\n\t\t<div class=\"elementor-element elementor-element-e57b883 e-con-full e-flex e-con e-child\" data-id=\"e57b883\" data-element_type=\"container\" data-e-type=\"container\" data-settings=\"{&quot;background_background&quot;:&quot;classic&quot;}\">\n\t\t\t\t<div class=\"elementor-element elementor-element-88cc6cf elementor-widget elementor-widget-heading\" data-id=\"88cc6cf\" data-element_type=\"widget\" data-e-type=\"widget\" data-widget_type=\"heading.default\">\n\t\t\t\t<div class=\"elementor-widget-container\">\n\t\t\t\t\t<h2 class=\"elementor-heading-title elementor-size-default\">Los servicios incluyen<\/h2>\t\t\t\t<\/div>\n\t\t\t\t<\/div>\n\t\t\t\t<div class=\"elementor-element elementor-element-f304493 elementor-widget elementor-widget-text-editor\" data-id=\"f304493\" data-element_type=\"widget\" data-e-type=\"widget\" data-widget_type=\"text-editor.default\">\n\t\t\t\t<div class=\"elementor-widget-container\">\n\t\t\t\t\t\t\t\t\t<div class=\"section__text \"><div class=\"section__text-block\"><div class=\"section__text \"><div class=\"section__text-block\"><div class=\"section__text \"><div class=\"section__text-block\"><div class=\"section__text \"><div class=\"section__text-block\"><div class=\"section__text \"><div class=\"section__text-block\"><div class=\"section__text \"><div class=\"section__text-block\"><div class=\"section__text \"><div class=\"section__text-block\"><div class=\"section__text \"><div class=\"section__text-block\"><ul><li>Citolog\u00edas vaginales y pruebas de detecci\u00f3n del c\u00e1ncer de cuello uterino<\/li><li>Ex\u00e1menes p\u00e9lvicos y de mama<\/li><li>Visitas prenatales y derivaciones durante el primer trimestre<\/li><li>Confirmaci\u00f3n del embarazo y an\u00e1lisis de laboratorio<\/li><li>Pruebas de ITS y asesoramiento sobre m\u00e9todos anticonceptivos<\/li><\/ul><\/div><\/div><\/div><\/div><\/div><\/div><\/div><\/div><\/div><\/div><\/div><\/div><\/div><\/div><\/div><\/div>\t\t\t\t\t\t\t\t<\/div>\n\t\t\t\t<\/div>\n\t\t\t\t<\/div>\n\t\t<div class=\"elementor-element elementor-element-88972fe e-con-full e-flex e-con e-child\" data-id=\"88972fe\" data-element_type=\"container\" data-e-type=\"container\" data-settings=\"{&quot;background_background&quot;:&quot;classic&quot;}\">\n\t\t\t\t<\/div>\n\t\t\t\t<\/div>\n\t\t\t\t\t<\/div>\n\t\t\t\t<\/div>\n\t\t<div class=\"elementor-element elementor-element-6d571e2 e-flex e-con-boxed e-con e-child\" data-id=\"6d571e2\" data-element_type=\"container\" data-e-type=\"container\" data-settings=\"{&quot;background_background&quot;:&quot;classic&quot;,&quot;position&quot;:&quot;fixed&quot;}\">\n\t\t\t\t\t<div class=\"e-con-inner\">\n\t\t\t\t<div class=\"elementor-element elementor-element-e7f71e0 elementor-widget elementor-widget-heading\" data-id=\"e7f71e0\" data-element_type=\"widget\" data-e-type=\"widget\" data-widget_type=\"heading.default\">\n\t\t\t\t<div class=\"elementor-widget-container\">\n\t\t\t\t\t<h2 class=\"elementor-heading-title elementor-size-default\">\u00a1Comience su viaje hoy mismo!<\/h2>\t\t\t\t<\/div>\n\t\t\t\t<\/div>\n\t\t\t\t<div class=\"elementor-element elementor-element-d92a2ea fancy-button elementor-widget elementor-widget-button\" data-id=\"d92a2ea\" data-element_type=\"widget\" data-e-type=\"widget\" data-widget_type=\"button.default\">\n\t\t\t\t<div class=\"elementor-widget-container\">\n\t\t\t\t\t\t\t\t\t<div class=\"elementor-button-wrapper\">\n\t\t\t\t\t<a class=\"elementor-button elementor-button-link elementor-size-sm\" href=\"#getInTouch\">\n\t\t\t\t\t\t<span class=\"elementor-button-content-wrapper\">\n\t\t\t\t\t\t\t\t\t<span class=\"elementor-button-text\">Empezar<\/span>\n\t\t\t\t\t<\/span>\n\t\t\t\t\t<\/a>\n\t\t\t\t<\/div>\n\t\t\t\t\t\t\t\t<\/div>\n\t\t\t\t<\/div>\n\t\t\t\t\t<\/div>\n\t\t\t\t<\/div>\n\t\t\t\t<\/div>\n\t\t\t\t<\/div>\n\t\t","protected":false},"excerpt":{"rendered":"<p>Inicio \/ atenci\u00f3n primaria para hombres \/ p\u00e9rdida de peso para hombres Ofrecemos servicios especializados de ginecolog\u00eda y obstetricia para las primeras etapas del embarazo y atenci\u00f3n ginecol\u00f3gica rutinaria. EMPEZAR Pruebas de rutina para su tranquilidad Ofrecemos servicios especializados de ginecolog\u00eda y obstetricia para las primeras etapas del embarazo y atenci\u00f3n ginecol\u00f3gica rutinaria. Los servicios [&hellip;]<\/p>\n","protected":false},"author":1,"featured_media":0,"parent":4150,"menu_order":0,"comment_status":"closed","ping_status":"closed","template":"","meta":{"footnotes":""},"class_list":["post-4156","page","type-page","status-publish","hentry"],"_links":{"self":[{"href":"https:\/\/aliveandwellprogram.com\/es\/wp-json\/wp\/v2\/pages\/4156","targetHints":{"allow":["GET"]}}],"collection":[{"href":"https:\/\/aliveandwellprogram.com\/es\/wp-json\/wp\/v2\/pages"}],"about":[{"href":"https:\/\/aliveandwellprogram.com\/es\/wp-json\/wp\/v2\/types\/page"}],"author":[{"embeddable":true,"href":"https:\/\/aliveandwellprogram.com\/es\/wp-json\/wp\/v2\/users\/1"}],"replies":[{"embeddable":true,"href":"https:\/\/aliveandwellprogram.com\/es\/wp-json\/wp\/v2\/comments?post=4156"}],"version-history":[{"count":2,"href":"https:\/\/aliveandwellprogram.com\/es\/wp-json\/wp\/v2\/pages\/4156\/revisions"}],"predecessor-version":[{"id":4545,"href":"https:\/\/aliveandwellprogram.com\/es\/wp-json\/wp\/v2\/pages\/4156\/revisions\/4545"}],"up":[{"embeddable":true,"href":"https:\/\/aliveandwellprogram.com\/es\/wp-json\/wp\/v2\/pages\/4150"}],"wp:attachment":[{"href":"https:\/\/aliveandwellprogram.com\/es\/wp-json\/wp\/v2\/media?parent=4156"}],"curies":[{"name":"wp","href":"https:\/\/api.w.org\/{rel}","templated":true}]}}