{"id":4147,"date":"2025-05-07T17:53:56","date_gmt":"2025-05-07T17:53:56","guid":{"rendered":"https:\/\/aliveandwellprogram.com\/panel-completo-de-ets\/"},"modified":"2025-10-15T15:25:57","modified_gmt":"2025-10-15T15:25:57","slug":"panel-completo-de-ets","status":"publish","type":"page","link":"https:\/\/aliveandwellprogram.com\/es\/servicios-de-ets\/panel-completo-de-ets\/","title":{"rendered":"Panel completo de ETS"},"content":{"rendered":"\t\t<div data-elementor-type=\"wp-page\" data-elementor-id=\"4147\" class=\"elementor elementor-4147 elementor-2235\" data-elementor-post-type=\"page\">\n\t\t\t\t<div class=\"elementor-element elementor-element-617ac22 e-con-full e-flex e-con e-child\" data-id=\"617ac22\" data-element_type=\"container\" data-e-type=\"container\" data-settings=\"{&quot;background_background&quot;:&quot;video&quot;,&quot;background_video_link&quot;:&quot;\\\/wp-content\\\/uploads\\\/2025\\\/05\\\/6687849-hd_1080_1920_25fps.mp4&quot;}\">\n\t\t<div class=\"elementor-background-video-container elementor-hidden-mobile\">\n\t\t\t\t\t\t\t<video class=\"elementor-background-video-hosted\" role=\"presentation\" autoplay muted playsinline loop><\/video>\n\t\t\t\t\t<\/div>\t\t<div class=\"elementor-element elementor-element-ef690bf link mb-0 elementor-widget elementor-widget-text-editor\" data-id=\"ef690bf\" data-element_type=\"widget\" data-e-type=\"widget\" data-widget_type=\"text-editor.default\">\n\t\t\t\t<div class=\"elementor-widget-container\">\n\t\t\t\t\t\t\t\t\t<p><a href=\"\/\">Inicio<\/a> \/ men primary care<\/p>\t\t\t\t\t\t\t\t<\/div>\n\t\t\t\t<\/div>\n\t\t\t\t<div class=\"elementor-element elementor-element-7af4e0e elementor-widget__width-initial elementor-widget elementor-widget-heading\" data-id=\"7af4e0e\" data-element_type=\"widget\" data-e-type=\"widget\" data-widget_type=\"heading.default\">\n\t\t\t\t<div class=\"elementor-widget-container\">\n\t\t\t\t\t<h2 class=\"elementor-heading-title elementor-size-default\">Tu salud. \nTu horario.\nTu equipo.<\/h2>\t\t\t\t<\/div>\n\t\t\t\t<\/div>\n\t\t\t\t<div class=\"elementor-element elementor-element-10cac03 elementor-widget elementor-widget-button\" data-id=\"10cac03\" data-element_type=\"widget\" data-e-type=\"widget\" data-widget_type=\"button.default\">\n\t\t\t\t<div class=\"elementor-widget-container\">\n\t\t\t\t\t\t\t\t\t<div class=\"elementor-button-wrapper\">\n\t\t\t\t\t<a class=\"elementor-button elementor-button-link elementor-size-sm\" href=\"#getInTouch\">\n\t\t\t\t\t\t<span class=\"elementor-button-content-wrapper\">\n\t\t\t\t\t\t\t\t\t<span class=\"elementor-button-text\">EMPEZAR<\/span>\n\t\t\t\t\t<\/span>\n\t\t\t\t\t<\/a>\n\t\t\t\t<\/div>\n\t\t\t\t\t\t\t\t<\/div>\n\t\t\t\t<\/div>\n\t\t\t\t<\/div>\n\t\t<div class=\"elementor-element elementor-element-ff5532d e-flex e-con-boxed e-con e-parent\" data-id=\"ff5532d\" data-element_type=\"container\" data-e-type=\"container\">\n\t\t\t\t\t<div class=\"e-con-inner\">\n\t\t\t\t<div class=\"elementor-element elementor-element-c4d0884 elementor-widget elementor-widget-heading\" data-id=\"c4d0884\" data-element_type=\"widget\" data-e-type=\"widget\" data-widget_type=\"heading.default\">\n\t\t\t\t<div class=\"elementor-widget-container\">\n\t\t\t\t\t<h2 class=\"elementor-heading-title elementor-size-default\">Panel completo de ETS<\/h2>\t\t\t\t<\/div>\n\t\t\t\t<\/div>\n\t\t\t\t<div class=\"elementor-element elementor-element-a7aff93 elementor-widget elementor-widget-text-editor\" data-id=\"a7aff93\" data-element_type=\"widget\" data-e-type=\"widget\" data-widget_type=\"text-editor.default\">\n\t\t\t\t<div class=\"elementor-widget-container\">\n\t\t\t\t\t\t\t\t\t<p>Nuestro panel completo de ETS ofrece la detecci\u00f3n m\u00e1s exhaustiva disponible, con pruebas para m\u00e1s de 10 infecciones, incluyendo VIH, clamidia, gonorrea, s\u00edfilis, herpes (VHS-1 y VHS-2), tricomoniasis y hepatitis, a partir de una sola muestra. Este enfoque eficiente significa menos hisopos o extracciones de sangre, a la vez que proporciona la m\u00e1xima informaci\u00f3n sobre su salud sexual. Recibir\u00e1 resultados discretos a trav\u00e9s de nuestro portal seguro para pacientes o una consulta telef\u00f3nica privada. Si alg\u00fan resultado requiere tratamiento, le guiaremos a trav\u00e9s de los siguientes pasos o le proporcionaremos referencias de especialistas. Muchos pacientes eligen este panel para revisiones anuales o antes de comenzar nuevas relaciones.<\/p>\t\t\t\t\t\t\t\t<\/div>\n\t\t\t\t<\/div>\n\t\t\t\t\t<\/div>\n\t\t\t\t<\/div>\n\t\t<div class=\"elementor-element elementor-element-79a9044 e-flex e-con-boxed e-con e-parent\" data-id=\"79a9044\" data-element_type=\"container\" data-e-type=\"container\">\n\t\t\t\t\t<div class=\"e-con-inner\">\n\t\t<div class=\"elementor-element elementor-element-280a55c e-con-full e-flex e-con e-child\" data-id=\"280a55c\" data-element_type=\"container\" data-e-type=\"container\">\n\t\t\t\t<div class=\"elementor-element elementor-element-87d3d1a elementor-widget elementor-widget-heading\" data-id=\"87d3d1a\" data-element_type=\"widget\" data-e-type=\"widget\" data-widget_type=\"heading.default\">\n\t\t\t\t<div class=\"elementor-widget-container\">\n\t\t\t\t\t<h2 class=\"elementor-heading-title elementor-size-default\">Panel completo de ETS<\/h2>\t\t\t\t<\/div>\n\t\t\t\t<\/div>\n\t\t\t\t<div class=\"elementor-element elementor-element-a28a3c1 elementor-widget elementor-widget-text-editor\" data-id=\"a28a3c1\" data-element_type=\"widget\" data-e-type=\"widget\" data-widget_type=\"text-editor.default\">\n\t\t\t\t<div class=\"elementor-widget-container\">\n\t\t\t\t\t\t\t\t\t<ul><li><p class=\"ds-markdown-paragraph\">Detecci\u00f3n completa de m\u00e1s de 10 ETS comunes, incluyendo:<\/p><ul><li><p class=\"ds-markdown-paragraph\">VIH \u2022 clamidia \u2022 gonorrea<\/p><\/li><li><p class=\"ds-markdown-paragraph\">S\u00edfilis \u2022 herpes \u2022 tricomoniasis<\/p><\/li><li><p class=\"ds-markdown-paragraph\">Hepatitis \u2022 VPH (cuando corresponda)<\/p><\/li><\/ul><\/li><li><p class=\"ds-markdown-paragraph\">Recogida de una sola muestra para m\u00faltiples pruebas<\/p><\/li><\/ul>\t\t\t\t\t\t\t\t<\/div>\n\t\t\t\t<\/div>\n\t\t\t\t<\/div>\n\t\t<div class=\"elementor-element elementor-element-9d2a737 e-con-full e-flex e-con e-child\" data-id=\"9d2a737\" data-element_type=\"container\" data-e-type=\"container\" data-settings=\"{&quot;background_background&quot;:&quot;classic&quot;}\">\n\t\t\t\t<\/div>\n\t\t\t\t\t<\/div>\n\t\t\t\t<\/div>\n\t\t\t\t<\/div>\n\t\t","protected":false},"excerpt":{"rendered":"<p>Inicio \/ men primary care Tu salud. Tu horario. Tu equipo. EMPEZAR Panel completo de ETS Nuestro panel completo de ETS ofrece la detecci\u00f3n m\u00e1s exhaustiva disponible, con pruebas para m\u00e1s de 10 infecciones, incluyendo VIH, clamidia, gonorrea, s\u00edfilis, herpes (VHS-1 y VHS-2), tricomoniasis y hepatitis, a partir de una sola muestra. Este enfoque eficiente [&hellip;]<\/p>\n","protected":false},"author":1,"featured_media":0,"parent":4258,"menu_order":0,"comment_status":"closed","ping_status":"closed","template":"","meta":{"footnotes":""},"class_list":["post-4147","page","type-page","status-publish","hentry"],"_links":{"self":[{"href":"https:\/\/aliveandwellprogram.com\/es\/wp-json\/wp\/v2\/pages\/4147","targetHints":{"allow":["GET"]}}],"collection":[{"href":"https:\/\/aliveandwellprogram.com\/es\/wp-json\/wp\/v2\/pages"}],"about":[{"href":"https:\/\/aliveandwellprogram.com\/es\/wp-json\/wp\/v2\/types\/page"}],"author":[{"embeddable":true,"href":"https:\/\/aliveandwellprogram.com\/es\/wp-json\/wp\/v2\/users\/1"}],"replies":[{"embeddable":true,"href":"https:\/\/aliveandwellprogram.com\/es\/wp-json\/wp\/v2\/comments?post=4147"}],"version-history":[{"count":3,"href":"https:\/\/aliveandwellprogram.com\/es\/wp-json\/wp\/v2\/pages\/4147\/revisions"}],"predecessor-version":[{"id":4427,"href":"https:\/\/aliveandwellprogram.com\/es\/wp-json\/wp\/v2\/pages\/4147\/revisions\/4427"}],"up":[{"embeddable":true,"href":"https:\/\/aliveandwellprogram.com\/es\/wp-json\/wp\/v2\/pages\/4258"}],"wp:attachment":[{"href":"https:\/\/aliveandwellprogram.com\/es\/wp-json\/wp\/v2\/media?parent=4147"}],"curies":[{"name":"wp","href":"https:\/\/api.w.org\/{rel}","templated":true}]}}