{"id":4131,"date":"2025-05-07T18:49:43","date_gmt":"2025-05-07T18:49:43","guid":{"rendered":"https:\/\/aliveandwellprogram.com\/perdida-de-peso-para-hombres\/"},"modified":"2025-10-16T17:31:27","modified_gmt":"2025-10-16T17:31:27","slug":"perdida-de-peso-para-hombres","status":"publish","type":"page","link":"https:\/\/aliveandwellprogram.com\/es\/servicios-para-hombres\/perdida-de-peso-para-hombres\/","title":{"rendered":"P\u00e9rdida de peso para hombres"},"content":{"rendered":"\t\t<div data-elementor-type=\"wp-page\" data-elementor-id=\"4131\" class=\"elementor elementor-4131 elementor-2261\" data-elementor-post-type=\"page\">\n\t\t\t\t<div class=\"elementor-element elementor-element-6862246 e-con-full e-flex e-con e-parent\" data-id=\"6862246\" data-element_type=\"container\" data-e-type=\"container\" data-settings=\"{&quot;background_background&quot;:&quot;video&quot;}\">\n\t\t<div class=\"elementor-element elementor-element-9c14875 e-con-full e-flex e-con e-child\" data-id=\"9c14875\" data-element_type=\"container\" data-e-type=\"container\" data-settings=\"{&quot;background_background&quot;:&quot;video&quot;,&quot;background_video_link&quot;:&quot;\\\/wp-content\\\/uploads\\\/2025\\\/05\\\/iStock-2213507869.mov&quot;}\">\n\t\t<div class=\"elementor-background-video-container elementor-hidden-mobile\">\n\t\t\t\t\t\t\t<video class=\"elementor-background-video-hosted\" role=\"presentation\" autoplay muted playsinline loop><\/video>\n\t\t\t\t\t<\/div><div class=\"elementor-element elementor-element-7038090 e-con-full e-flex e-con e-child\" data-id=\"7038090\" data-element_type=\"container\" data-e-type=\"container\">\n\t\t\t\t<div class=\"elementor-element elementor-element-588a436 link mb-0 elementor-widget elementor-widget-text-editor\" data-id=\"588a436\" data-element_type=\"widget\" data-e-type=\"widget\" data-widget_type=\"text-editor.default\">\n\t\t\t\t<div class=\"elementor-widget-container\">\n\t\t\t\t\t\t\t\t\t<p><a href=\"\/\">Inicio<\/a> \/ atenci\u00f3n primaria para hombres \/ <strong>p\u00e9rdida de peso para hombres<\/strong><\/p>\t\t\t\t\t\t\t\t<\/div>\n\t\t\t\t<\/div>\n\t\t\t\t<div class=\"elementor-element elementor-element-5d5076e elementor-widget__width-initial elementor-widget elementor-widget-heading\" data-id=\"5d5076e\" data-element_type=\"widget\" data-e-type=\"widget\" data-widget_type=\"heading.default\">\n\t\t\t\t<div class=\"elementor-widget-container\">\n\t\t\t\t\t<h2 class=\"elementor-heading-title elementor-size-default\">P\u00e9rdida de peso para hombres\n\nsegura y centrada.\n\n Sostenible.\n<\/h2>\t\t\t\t<\/div>\n\t\t\t\t<\/div>\n\t\t\t\t<div class=\"elementor-element elementor-element-3069f46 elementor-widget elementor-widget-button\" data-id=\"3069f46\" data-element_type=\"widget\" data-e-type=\"widget\" data-widget_type=\"button.default\">\n\t\t\t\t<div class=\"elementor-widget-container\">\n\t\t\t\t\t\t\t\t\t<div class=\"elementor-button-wrapper\">\n\t\t\t\t\t<a class=\"elementor-button elementor-button-link elementor-size-sm\" href=\"#getInTouch\">\n\t\t\t\t\t\t<span class=\"elementor-button-content-wrapper\">\n\t\t\t\t\t\t\t\t\t<span class=\"elementor-button-text\">EMPEZAR<\/span>\n\t\t\t\t\t<\/span>\n\t\t\t\t\t<\/a>\n\t\t\t\t<\/div>\n\t\t\t\t\t\t\t\t<\/div>\n\t\t\t\t<\/div>\n\t\t\t\t<\/div>\n\t\t\t\t<\/div>\n\t\t<div class=\"elementor-element elementor-element-c496655 e-flex e-con-boxed e-con e-child\" data-id=\"c496655\" data-element_type=\"container\" data-e-type=\"container\">\n\t\t\t\t\t<div class=\"e-con-inner\">\n\t\t<div class=\"elementor-element elementor-element-eff0683 e-con-full e-flex e-con e-child\" data-id=\"eff0683\" data-element_type=\"container\" data-e-type=\"container\">\n\t\t\t\t<div class=\"elementor-element elementor-element-69233c8 elementor-widget elementor-widget-heading\" data-id=\"69233c8\" data-element_type=\"widget\" data-e-type=\"widget\" data-widget_type=\"heading.default\">\n\t\t\t\t<div class=\"elementor-widget-container\">\n\t\t\t\t\t<h2 class=\"elementor-heading-title elementor-size-default\">P\u00e9rdida de peso para hombres<\/h2>\t\t\t\t<\/div>\n\t\t\t\t<\/div>\n\t\t\t\t<div class=\"elementor-element elementor-element-101a672 elementor-widget elementor-widget-text-editor\" data-id=\"101a672\" data-element_type=\"widget\" data-e-type=\"widget\" data-widget_type=\"text-editor.default\">\n\t\t\t\t<div class=\"elementor-widget-container\">\n\t\t\t\t\t\t\t\t\t<div id=\"section_712932\" class=\"section section--text pushup section__1 pushed\"><div class=\"section__container\"><div class=\"section__text\"><div class=\"section__text-block\"><div id=\"section_712917\" class=\"section section--text pushup section__1 pushed\"><div class=\"section__container\"><div class=\"section__text\"><div class=\"section__text-block\"><div id=\"section_712912\" class=\"section section--text pushup section__1 pushed\"><div class=\"section__container\"><div class=\"section__text\"><div class=\"section__text-block\"><div id=\"section_712922\" class=\"section section--text pushup section__1 pushed\"><div class=\"section__container\"><div class=\"section__text\"><div class=\"section__text-block\"><div id=\"section_712927\" class=\"section section--text pushup section__1 pushed\"><div class=\"section__container\"><div class=\"section__text\"><div class=\"section__text-block\"><div id=\"section_712967\" class=\"section section--text pushup section__1 pushed\"><div class=\"section__container\"><div class=\"section__text\"><div class=\"section__text-block\"><div id=\"section_712977\" class=\"section section--text pushup section__1 pushed\"><div class=\"section__container\"><div class=\"section__text\"><div class=\"section__text-block\"><div id=\"section_712982\" class=\"section section--text pushup section__1 pushed\"><div class=\"section__container\"><div class=\"section__text\"><div class=\"section__text-block\"><div id=\"section_712972\" class=\"section section--text pushup section__1 pushed\"><div class=\"section__container\"><div class=\"section__text\"><div class=\"section__text-block\"><div id=\"section_712972\" class=\"section section--text pushup section__1 pushed\"><div class=\"section__container\"><div class=\"section__text\"><div class=\"section__text-block\"><p>Nuestro programa de p\u00e9rdida de peso para hombres est\u00e1 supervisado m\u00e9dicamente y dise\u00f1ado para ofrecer resultados medibles. Entendemos que el cuerpo y el estilo de vida de cada hombre son diferentes. Por eso ofrecemos planes personalizados de control de peso que incluyen apoyo nutricional, medicaci\u00f3n (cuando sea necesario) y asesoramiento de responsabilidad para ayudarle a alcanzar sus objetivos, ya sea perder 5 kg o transformar su salud por completo.<\/p><\/div><\/div><\/div><\/div><\/div><\/div><\/div><\/div><\/div><\/div><\/div><\/div><\/div><\/div><\/div><\/div><\/div><\/div><\/div><\/div><\/div><\/div><\/div><\/div><\/div><\/div><\/div><\/div><\/div><\/div><\/div><\/div><\/div><\/div><\/div><\/div><\/div><\/div><\/div><\/div>\t\t\t\t\t\t\t\t<\/div>\n\t\t\t\t<\/div>\n\t\t\t\t<\/div>\n\t\t\t\t\t<\/div>\n\t\t\t\t<\/div>\n\t\t<div class=\"elementor-element elementor-element-e47cb33 e-flex e-con-boxed e-con e-child\" data-id=\"e47cb33\" data-element_type=\"container\" data-e-type=\"container\" data-settings=\"{&quot;background_background&quot;:&quot;classic&quot;}\">\n\t\t\t\t\t<div class=\"e-con-inner\">\n\t\t<div class=\"elementor-element elementor-element-10ba9bc e-con-full e-flex e-con e-child\" data-id=\"10ba9bc\" data-element_type=\"container\" data-e-type=\"container\">\n\t\t<div class=\"elementor-element elementor-element-6b25853 e-con-full e-flex e-con e-child\" data-id=\"6b25853\" data-element_type=\"container\" data-e-type=\"container\" data-settings=\"{&quot;background_background&quot;:&quot;classic&quot;}\">\n\t\t\t\t<div class=\"elementor-element elementor-element-e29b393 elementor-widget elementor-widget-heading\" data-id=\"e29b393\" data-element_type=\"widget\" data-e-type=\"widget\" data-widget_type=\"heading.default\">\n\t\t\t\t<div class=\"elementor-widget-container\">\n\t\t\t\t\t<h2 class=\"elementor-heading-title elementor-size-default\">Los beneficios del programa incluyen<\/h2>\t\t\t\t<\/div>\n\t\t\t\t<\/div>\n\t\t\t\t<div class=\"elementor-element elementor-element-f05ea8f elementor-widget elementor-widget-text-editor\" data-id=\"f05ea8f\" data-element_type=\"widget\" data-e-type=\"widget\" data-widget_type=\"text-editor.default\">\n\t\t\t\t<div class=\"elementor-widget-container\">\n\t\t\t\t\t\t\t\t\t<div class=\"section__text \"><div class=\"section__text-block\"><div class=\"section__text \"><div class=\"section__text-block\"><div class=\"section__text \"><div class=\"section__text-block\"><div class=\"section__text \"><div class=\"section__text-block\"><div class=\"section__text \"><div class=\"section__text-block\"><div class=\"section__text \"><div class=\"section__text-block\"><div class=\"section__text \"><div class=\"section__text-block\"><div class=\"section__text \"><div class=\"section__text-block\"><ul><li>Consultas individualizadas para la p\u00e9rdida de peso<\/li><li>Supresores del apetito aprobados por la FDA (seg\u00fan sea necesario)<\/li><li>Inyecciones lipotr\u00f3picas (quema de grasa) e inyecciones de B12<\/li><li>Opciones de Semaglutida<\/li><li>Seguimiento y apoyo regulares del progreso<\/li><\/ul><\/div><\/div><\/div><\/div><\/div><\/div><\/div><\/div><\/div><\/div><\/div><\/div><\/div><\/div><\/div><\/div>\t\t\t\t\t\t\t\t<\/div>\n\t\t\t\t<\/div>\n\t\t\t\t<\/div>\n\t\t<div class=\"elementor-element elementor-element-3463604 e-con-full e-flex e-con e-child\" data-id=\"3463604\" data-element_type=\"container\" data-e-type=\"container\" data-settings=\"{&quot;background_background&quot;:&quot;classic&quot;}\">\n\t\t\t\t<\/div>\n\t\t\t\t<\/div>\n\t\t\t\t\t<\/div>\n\t\t\t\t<\/div>\n\t\t<div class=\"elementor-element elementor-element-5b97453 e-flex e-con-boxed e-con e-child\" data-id=\"5b97453\" data-element_type=\"container\" data-e-type=\"container\" data-settings=\"{&quot;background_background&quot;:&quot;classic&quot;,&quot;position&quot;:&quot;fixed&quot;}\">\n\t\t\t\t\t<div class=\"e-con-inner\">\n\t\t\t\t<div class=\"elementor-element elementor-element-0dc8cac elementor-widget elementor-widget-heading\" data-id=\"0dc8cac\" data-element_type=\"widget\" data-e-type=\"widget\" data-widget_type=\"heading.default\">\n\t\t\t\t<div class=\"elementor-widget-container\">\n\t\t\t\t\t<h2 class=\"elementor-heading-title elementor-size-default\">\u00a1Comience su viaje hoy mismo!<\/h2>\t\t\t\t<\/div>\n\t\t\t\t<\/div>\n\t\t\t\t<div class=\"elementor-element elementor-element-8414ffa fancy-button elementor-widget elementor-widget-button\" data-id=\"8414ffa\" data-element_type=\"widget\" data-e-type=\"widget\" data-widget_type=\"button.default\">\n\t\t\t\t<div class=\"elementor-widget-container\">\n\t\t\t\t\t\t\t\t\t<div class=\"elementor-button-wrapper\">\n\t\t\t\t\t<a class=\"elementor-button elementor-button-link elementor-size-sm\" href=\"#getInTouch\">\n\t\t\t\t\t\t<span class=\"elementor-button-content-wrapper\">\n\t\t\t\t\t\t\t\t\t<span class=\"elementor-button-text\">Empezar<\/span>\n\t\t\t\t\t<\/span>\n\t\t\t\t\t<\/a>\n\t\t\t\t<\/div>\n\t\t\t\t\t\t\t\t<\/div>\n\t\t\t\t<\/div>\n\t\t\t\t\t<\/div>\n\t\t\t\t<\/div>\n\t\t\t\t<\/div>\n\t\t\t\t<\/div>\n\t\t","protected":false},"excerpt":{"rendered":"<p>Inicio \/ atenci\u00f3n primaria para hombres \/ p\u00e9rdida de peso para hombres P\u00e9rdida de peso para hombres segura y centrada. Sostenible. EMPEZAR P\u00e9rdida de peso para hombres Nuestro programa de p\u00e9rdida de peso para hombres est\u00e1 supervisado m\u00e9dicamente y dise\u00f1ado para ofrecer resultados medibles. Entendemos que el cuerpo y el estilo de vida de cada [&hellip;]<\/p>\n","protected":false},"author":1,"featured_media":0,"parent":4152,"menu_order":0,"comment_status":"closed","ping_status":"closed","template":"","meta":{"footnotes":""},"class_list":["post-4131","page","type-page","status-publish","hentry"],"_links":{"self":[{"href":"https:\/\/aliveandwellprogram.com\/es\/wp-json\/wp\/v2\/pages\/4131","targetHints":{"allow":["GET"]}}],"collection":[{"href":"https:\/\/aliveandwellprogram.com\/es\/wp-json\/wp\/v2\/pages"}],"about":[{"href":"https:\/\/aliveandwellprogram.com\/es\/wp-json\/wp\/v2\/types\/page"}],"author":[{"embeddable":true,"href":"https:\/\/aliveandwellprogram.com\/es\/wp-json\/wp\/v2\/users\/1"}],"replies":[{"embeddable":true,"href":"https:\/\/aliveandwellprogram.com\/es\/wp-json\/wp\/v2\/comments?post=4131"}],"version-history":[{"count":2,"href":"https:\/\/aliveandwellprogram.com\/es\/wp-json\/wp\/v2\/pages\/4131\/revisions"}],"predecessor-version":[{"id":4533,"href":"https:\/\/aliveandwellprogram.com\/es\/wp-json\/wp\/v2\/pages\/4131\/revisions\/4533"}],"up":[{"embeddable":true,"href":"https:\/\/aliveandwellprogram.com\/es\/wp-json\/wp\/v2\/pages\/4152"}],"wp:attachment":[{"href":"https:\/\/aliveandwellprogram.com\/es\/wp-json\/wp\/v2\/media?parent=4131"}],"curies":[{"name":"wp","href":"https:\/\/api.w.org\/{rel}","templated":true}]}}