{"id":4129,"date":"2025-05-12T18:04:37","date_gmt":"2025-05-12T18:04:37","guid":{"rendered":"https:\/\/aliveandwellprogram.com\/tratamientos-boxtox\/"},"modified":"2025-08-08T07:11:17","modified_gmt":"2025-08-08T07:11:17","slug":"tratamientos-boxtox","status":"publish","type":"page","link":"https:\/\/aliveandwellprogram.com\/es\/servicios-para-mujeres\/tratamientos-boxtox\/","title":{"rendered":"Tratamientos Boxtox"},"content":{"rendered":"\t\t<div data-elementor-type=\"wp-page\" data-elementor-id=\"4129\" class=\"elementor elementor-4129 elementor-2438\" data-elementor-post-type=\"page\">\n\t\t\t\t<div class=\"elementor-element elementor-element-71d6f80 e-con-full e-flex e-con e-parent\" data-id=\"71d6f80\" data-element_type=\"container\" data-e-type=\"container\">\n\t\t\t\t<div class=\"elementor-element elementor-element-1673827 elementor-widget elementor-widget-html\" data-id=\"1673827\" data-element_type=\"widget\" data-e-type=\"widget\" data-widget_type=\"html.default\">\n\t\t\t\t<div class=\"elementor-widget-container\">\n\t\t\t\t\t<div class=\"video-background-container\"><video autoplay muted loop playsinline id=\"bg-video\"><source src=\"https:\/\/test.aliveandwellprogram.com\/wp-content\/uploads\/2025\/06\/iStock-2192304578.mov\" type=\"video\/mp4\">Your browser does not support the video tag.\r\n  <\/video><!-- Overlay Color Layer --><div class=\"video-overlay-color\"><\/div><!-- Content on Top --><div class=\"video-overlay-content\"><h1>Feel Fresh.\r\n    <br\/>Look Renewed.<\/h1><p><a href=\"\">Get Started<\/a><\/p><\/div><\/div><style>.video-overlay-content h1{\r\n    font-size: 52px;\r\n    font-weight: 600;\r\n}\r\n.video-overlay-content {\r\n    text-align: left;\r\n}\r\n\r\n.video-overlay-content a {\r\n    padding: 15px 40px 15px 40px;\r\n    background-color: #1b4753;\r\n    color: #fff;\r\n    margin: 20px 0 20px 0;\r\n    font-size: 16px;\r\n    text-transform: capitalize;\r\n    font-family: 'tarjan-pro';\r\n    border-radius: 3px;\r\n}\r\n.video-background-container {\r\n  position: relative;\r\n  width: 100%;\r\n  height: 100vh;\r\n  overflow: hidden;\r\n}\r\n\r\n\/* Background Video Styling *\/\r\n#bg-video {\r\n  position: absolute;\r\n  top:0%;\r\n  left: 50%;\r\n  min-width: 100%;\r\n  min-height: 100%;\r\n  width: auto;\r\n  height: auto;\r\n  z-index: -2;\r\n  transform: translate(-50%, -50%);\r\n  object-fit: cover;\r\n}\r\n\r\n\/* Overlay Color *\/\r\n.video-overlay-color {\r\n  position: absolute;\r\n  top: 50;\r\n  left: 0;\r\n  width: 100%;\r\n  height: 100%;\r\n  background: rgba(0, 0, 0, 0.5); \/* Change to your preferred color *\/\r\n  z-index: -1;\r\n}\r\n\r\n\/* Overlay Content *\/\r\n.video-overlay-content {\r\n  position: relative;\r\n  z-index: 1;\r\n  text-align: left;\r\n  color: white;\r\n  padding: 5rem;\r\n  padding-top:30vh;\r\n}\r\n<\/style>\t\t\t\t<\/div>\n\t\t\t\t<\/div>\n\t\t\t\t<\/div>\n\t\t<div class=\"elementor-element elementor-element-22db3a3 e-con-full e-flex e-con e-parent\" data-id=\"22db3a3\" data-element_type=\"container\" data-e-type=\"container\" data-settings=\"{&quot;background_background&quot;:&quot;video&quot;}\">\n\t\t<div class=\"elementor-element elementor-element-f42bb89 e-flex e-con-boxed e-con e-child\" data-id=\"f42bb89\" data-element_type=\"container\" data-e-type=\"container\">\n\t\t\t\t\t<div class=\"e-con-inner\">\n\t\t<div class=\"elementor-element elementor-element-02759bb e-con-full e-flex e-con e-child\" data-id=\"02759bb\" data-element_type=\"container\" data-e-type=\"container\">\n\t\t\t\t<div class=\"elementor-element elementor-element-fe62b21 elementor-widget elementor-widget-heading\" data-id=\"fe62b21\" data-element_type=\"widget\" data-e-type=\"widget\" data-widget_type=\"heading.default\">\n\t\t\t\t<div class=\"elementor-widget-container\">\n\t\t\t\t\t<h2 class=\"elementor-heading-title elementor-size-default\">Tratamientos de b\u00f3tox<\/h2>\t\t\t\t<\/div>\n\t\t\t\t<\/div>\n\t\t\t\t<div class=\"elementor-element elementor-element-695cd52 elementor-widget elementor-widget-text-editor\" data-id=\"695cd52\" data-element_type=\"widget\" data-e-type=\"widget\" data-widget_type=\"text-editor.default\">\n\t\t\t\t<div class=\"elementor-widget-container\">\n\t\t\t\t\t\t\t\t\t<div id=\"section_712932\" class=\"section section--text pushup section__1 pushed\"><div class=\"section__container\"><div class=\"section__text\"><div class=\"section__text-block\"><div id=\"section_712917\" class=\"section section--text pushup section__1 pushed\"><div class=\"section__container\"><div class=\"section__text\"><div class=\"section__text-block\"><div id=\"section_712912\" class=\"section section--text pushup section__1 pushed\"><div class=\"section__container\"><div class=\"section__text\"><div class=\"section__text-block\"><div id=\"section_712922\" class=\"section section--text pushup section__1 pushed\"><div class=\"section__container\"><div class=\"section__text\"><div class=\"section__text-block\"><div id=\"section_712927\" class=\"section section--text pushup section__1 pushed\"><div class=\"section__container\"><div class=\"section__text\"><div class=\"section__text-block\"><div id=\"section_712967\" class=\"section section--text pushup section__1 pushed\"><div class=\"section__container\"><div class=\"section__text\"><div class=\"section__text-block\"><div id=\"section_712977\" class=\"section section--text pushup section__1 pushed\"><div class=\"section__container\"><div class=\"section__text\"><div class=\"section__text-block\"><div id=\"section_712982\" class=\"section section--text pushup section__1 pushed\"><div class=\"section__container\"><div class=\"section__text\"><div class=\"section__text-block\"><div id=\"section_712972\" class=\"section section--text pushup section__1 pushed\"><div class=\"section__container\"><div class=\"section__text\"><div class=\"section__text-block\"><div id=\"section_712972\" class=\"section section--text pushup section__1 pushed\"><div class=\"section__container\"><div class=\"section__text\"><div class=\"section__text-block\"><p>Alive and Well ofrece tratamientos de b\u00f3tox profesionales, seguros y administrados cl\u00ednicamente para reducir las l\u00edneas de expresi\u00f3n y las arrugas.<\/p><\/div><\/div><\/div><\/div><\/div><\/div><\/div><\/div><\/div><\/div><\/div><\/div><\/div><\/div><\/div><\/div><\/div><\/div><\/div><\/div><\/div><\/div><\/div><\/div><\/div><\/div><\/div><\/div><\/div><\/div><\/div><\/div><\/div><\/div><\/div><\/div><\/div><\/div><\/div><\/div>\t\t\t\t\t\t\t\t<\/div>\n\t\t\t\t<\/div>\n\t\t\t\t<\/div>\n\t\t\t\t\t<\/div>\n\t\t\t\t<\/div>\n\t\t<div class=\"elementor-element elementor-element-3c84715 e-flex e-con-boxed e-con e-child\" data-id=\"3c84715\" data-element_type=\"container\" data-e-type=\"container\" data-settings=\"{&quot;background_background&quot;:&quot;classic&quot;}\">\n\t\t\t\t\t<div class=\"e-con-inner\">\n\t\t<div class=\"elementor-element elementor-element-7584b84 e-con-full e-flex e-con e-child\" data-id=\"7584b84\" data-element_type=\"container\" data-e-type=\"container\">\n\t\t<div class=\"elementor-element elementor-element-c872330 e-con-full e-flex e-con e-child\" data-id=\"c872330\" data-element_type=\"container\" data-e-type=\"container\" data-settings=\"{&quot;background_background&quot;:&quot;classic&quot;}\">\n\t\t\t\t<div class=\"elementor-element elementor-element-063fd97 elementor-widget elementor-widget-heading\" data-id=\"063fd97\" data-element_type=\"widget\" data-e-type=\"widget\" data-widget_type=\"heading.default\">\n\t\t\t\t<div class=\"elementor-widget-container\">\n\t\t\t\t\t<h2 class=\"elementor-heading-title elementor-size-default\">Los servicios incluyen<\/h2>\t\t\t\t<\/div>\n\t\t\t\t<\/div>\n\t\t\t\t<div class=\"elementor-element elementor-element-8db7308 elementor-widget elementor-widget-text-editor\" data-id=\"8db7308\" data-element_type=\"widget\" data-e-type=\"widget\" data-widget_type=\"text-editor.default\">\n\t\t\t\t<div class=\"elementor-widget-container\">\n\t\t\t\t\t\t\t\t\t<div class=\"section__text \"><div class=\"section__text-block\"><div class=\"section__text \"><div class=\"section__text-block\"><div class=\"section__text \"><div class=\"section__text-block\"><div class=\"section__text \"><div class=\"section__text-block\"><div class=\"section__text \"><div class=\"section__text-block\"><div class=\"section__text \"><div class=\"section__text-block\"><div class=\"section__text \"><div class=\"section__text-block\"><div class=\"section__text \"><div class=\"section__text-block\"><ul><li>L\u00edneas de la frente y l\u00edneas de expresi\u00f3n<\/li><li>Patas de gallo alrededor de los ojos<\/li><li>Consulta y evaluaci\u00f3n facial<\/li><li>Administrado por profesionales capacitados en un entorno cl\u00ednico<\/li><li>M\u00ednimo tiempo de inactividad y resultados duraderos<\/li><\/ul><\/div><\/div><\/div><\/div><\/div><\/div><\/div><\/div><\/div><\/div><\/div><\/div><\/div><\/div><\/div><\/div>\t\t\t\t\t\t\t\t<\/div>\n\t\t\t\t<\/div>\n\t\t\t\t<\/div>\n\t\t<div class=\"elementor-element elementor-element-f7743ef e-con-full e-flex e-con e-child\" data-id=\"f7743ef\" data-element_type=\"container\" data-e-type=\"container\" data-settings=\"{&quot;background_background&quot;:&quot;classic&quot;}\">\n\t\t\t\t<\/div>\n\t\t\t\t<\/div>\n\t\t\t\t\t<\/div>\n\t\t\t\t<\/div>\n\t\t<div class=\"elementor-element elementor-element-d0d7d35 e-flex e-con-boxed e-con e-child\" data-id=\"d0d7d35\" data-element_type=\"container\" data-e-type=\"container\" data-settings=\"{&quot;background_background&quot;:&quot;classic&quot;,&quot;position&quot;:&quot;fixed&quot;}\">\n\t\t\t\t\t<div class=\"e-con-inner\">\n\t\t\t\t<div class=\"elementor-element elementor-element-79c8a4b elementor-widget elementor-widget-heading\" data-id=\"79c8a4b\" data-element_type=\"widget\" data-e-type=\"widget\" data-widget_type=\"heading.default\">\n\t\t\t\t<div class=\"elementor-widget-container\">\n\t\t\t\t\t<h2 class=\"elementor-heading-title elementor-size-default\">\u00a1Comience su viaje hoy mismo!<\/h2>\t\t\t\t<\/div>\n\t\t\t\t<\/div>\n\t\t\t\t<div class=\"elementor-element elementor-element-3c96d32 fancy-button elementor-widget elementor-widget-button\" data-id=\"3c96d32\" data-element_type=\"widget\" data-e-type=\"widget\" data-widget_type=\"button.default\">\n\t\t\t\t<div class=\"elementor-widget-container\">\n\t\t\t\t\t\t\t\t\t<div class=\"elementor-button-wrapper\">\n\t\t\t\t\t<a class=\"elementor-button elementor-button-link elementor-size-sm\" href=\"#getInTouch\">\n\t\t\t\t\t\t<span class=\"elementor-button-content-wrapper\">\n\t\t\t\t\t\t\t\t\t<span class=\"elementor-button-text\">Empezar<\/span>\n\t\t\t\t\t<\/span>\n\t\t\t\t\t<\/a>\n\t\t\t\t<\/div>\n\t\t\t\t\t\t\t\t<\/div>\n\t\t\t\t<\/div>\n\t\t\t\t\t<\/div>\n\t\t\t\t<\/div>\n\t\t\t\t<\/div>\n\t\t\t\t<\/div>\n\t\t","protected":false},"excerpt":{"rendered":"<p>Your browser does not support the video tag. Feel Fresh. Look Renewed. Get Started Tratamientos de b\u00f3tox Alive and Well ofrece tratamientos de b\u00f3tox profesionales, seguros y administrados cl\u00ednicamente para reducir las l\u00edneas de expresi\u00f3n y las arrugas. Los servicios incluyen L\u00edneas de la frente y l\u00edneas de expresi\u00f3n Patas de gallo alrededor de los [&hellip;]<\/p>\n","protected":false},"author":1,"featured_media":0,"parent":4150,"menu_order":0,"comment_status":"closed","ping_status":"closed","template":"","meta":{"footnotes":""},"class_list":["post-4129","page","type-page","status-publish","hentry"],"_links":{"self":[{"href":"https:\/\/aliveandwellprogram.com\/es\/wp-json\/wp\/v2\/pages\/4129","targetHints":{"allow":["GET"]}}],"collection":[{"href":"https:\/\/aliveandwellprogram.com\/es\/wp-json\/wp\/v2\/pages"}],"about":[{"href":"https:\/\/aliveandwellprogram.com\/es\/wp-json\/wp\/v2\/types\/page"}],"author":[{"embeddable":true,"href":"https:\/\/aliveandwellprogram.com\/es\/wp-json\/wp\/v2\/users\/1"}],"replies":[{"embeddable":true,"href":"https:\/\/aliveandwellprogram.com\/es\/wp-json\/wp\/v2\/comments?post=4129"}],"version-history":[{"count":1,"href":"https:\/\/aliveandwellprogram.com\/es\/wp-json\/wp\/v2\/pages\/4129\/revisions"}],"predecessor-version":[{"id":4130,"href":"https:\/\/aliveandwellprogram.com\/es\/wp-json\/wp\/v2\/pages\/4129\/revisions\/4130"}],"up":[{"embeddable":true,"href":"https:\/\/aliveandwellprogram.com\/es\/wp-json\/wp\/v2\/pages\/4150"}],"wp:attachment":[{"href":"https:\/\/aliveandwellprogram.com\/es\/wp-json\/wp\/v2\/media?parent=4129"}],"curies":[{"name":"wp","href":"https:\/\/api.w.org\/{rel}","templated":true}]}}