{"id":4127,"date":"2025-05-29T14:30:11","date_gmt":"2025-05-29T14:30:11","guid":{"rendered":"https:\/\/aliveandwellprogram.com\/servicios-del-profesional\/"},"modified":"2025-08-08T07:10:42","modified_gmt":"2025-08-08T07:10:42","slug":"servicios-del-profesional","status":"publish","type":"page","link":"https:\/\/aliveandwellprogram.com\/es\/servicios-del-profesional\/","title":{"rendered":"Servicios del profesional"},"content":{"rendered":"\t\t<div data-elementor-type=\"wp-page\" data-elementor-id=\"4127\" class=\"elementor elementor-4127 elementor-2952\" data-elementor-post-type=\"page\">\n\t\t\t\t<div class=\"elementor-element elementor-element-5b91c6b e-con-full e-flex e-con e-child\" data-id=\"5b91c6b\" data-element_type=\"container\" data-e-type=\"container\" data-settings=\"{&quot;background_background&quot;:&quot;video&quot;,&quot;background_video_link&quot;:&quot;https:\\\/\\\/test.aliveandwellprogram.com\\\/wp-content\\\/uploads\\\/2025\\\/06\\\/Concierge-Services.mov&quot;}\">\n\t\t<div class=\"elementor-background-video-container elementor-hidden-mobile\">\n\t\t\t\t\t\t\t<video class=\"elementor-background-video-hosted\" role=\"presentation\" autoplay muted playsinline loop><\/video>\n\t\t\t\t\t<\/div>\t\t<div class=\"elementor-element elementor-element-2b54016 link mb-0 elementor-widget elementor-widget-text-editor\" data-id=\"2b54016\" data-element_type=\"widget\" data-e-type=\"widget\" data-widget_type=\"text-editor.default\">\n\t\t\t\t<div class=\"elementor-widget-container\">\n\t\t\t\t\t\t\t\t\t<a href=\"\/\">Inicio<\/a> \/ men primary care\t\t\t\t\t\t\t\t<\/div>\n\t\t\t\t<\/div>\n\t\t\t\t<div class=\"elementor-element elementor-element-4026f66 elementor-widget__width-initial elementor-widget elementor-widget-heading\" data-id=\"4026f66\" data-element_type=\"widget\" data-e-type=\"widget\" data-widget_type=\"heading.default\">\n\t\t\t\t<div class=\"elementor-widget-container\">\n\t\t\t\t\t<h2 class=\"elementor-heading-title elementor-size-default\">Atenci\u00f3n gestionada por las mismas manos que la proporcionan<\/h2>\t\t\t\t<\/div>\n\t\t\t\t<\/div>\n\t\t\t\t<div class=\"elementor-element elementor-element-ea1b950 elementor-widget elementor-widget-button\" data-id=\"ea1b950\" data-element_type=\"widget\" data-e-type=\"widget\" data-widget_type=\"button.default\">\n\t\t\t\t<div class=\"elementor-widget-container\">\n\t\t\t\t\t\t\t\t\t<div class=\"elementor-button-wrapper\">\n\t\t\t\t\t<a class=\"elementor-button elementor-button-link elementor-size-sm\" href=\"#getInTouch\">\n\t\t\t\t\t\t<span class=\"elementor-button-content-wrapper\">\n\t\t\t\t\t\t\t\t\t<span class=\"elementor-button-text\">EMPEZAR<\/span>\n\t\t\t\t\t<\/span>\n\t\t\t\t\t<\/a>\n\t\t\t\t<\/div>\n\t\t\t\t\t\t\t\t<\/div>\n\t\t\t\t<\/div>\n\t\t\t\t<\/div>\n\t\t<div class=\"elementor-element elementor-element-8ee6fc4 e-flex e-con-boxed e-con e-parent\" data-id=\"8ee6fc4\" data-element_type=\"container\" data-e-type=\"container\">\n\t\t\t\t\t<div class=\"e-con-inner\">\n\t\t\t\t<div class=\"elementor-element elementor-element-871edb1 elementor-widget elementor-widget-heading\" data-id=\"871edb1\" data-element_type=\"widget\" data-e-type=\"widget\" data-widget_type=\"heading.default\">\n\t\t\t\t<div class=\"elementor-widget-container\">\n\t\t\t\t\t<h2 class=\"elementor-heading-title elementor-size-default\">Servicios del profesional en Alive and Well Community Partners<\/h2>\t\t\t\t<\/div>\n\t\t\t\t<\/div>\n\t\t\t\t<div class=\"elementor-element elementor-element-3983e06 elementor-widget elementor-widget-text-editor\" data-id=\"3983e06\" data-element_type=\"widget\" data-e-type=\"widget\" data-widget_type=\"text-editor.default\">\n\t\t\t\t<div class=\"elementor-widget-container\">\n\t\t\t\t\t\t\t\t\t<p data-start=\"149\" data-end=\"459\">En Alive and Well Community Partners, nuestro modelo liderado por profesionales significa que cada aspecto de la atenci\u00f3n, desde los servicios cl\u00ednicos hasta los sistemas administrativos, es gestionado directamente por nuestro propio equipo. No subcontratamos ni dependemos de consultores externos para gestionar nuestras operaciones. En cambio, hemos construido una pr\u00e1ctica eficiente y centrada en el cliente que refleja nuestros valores, nuestra experiencia y nuestro compromiso con el bienestar hol\u00edstico.<br>Nuestros servicios est\u00e1n cuidadosamente estructurados para garantizar que podamos centrarnos plenamente en las personas y familias a las que servimos, manteniendo al mismo tiempo los est\u00e1ndares profesionales, la confidencialidad y la prestaci\u00f3n eficaz de la atenci\u00f3n. Al gestionar nuestras propias herramientas, sistemas y procesos de comunicaci\u00f3n, nos mantenemos estrechamente conectados con cada parte del proceso de atenci\u00f3n.<\/p>\t\t\t\t\t\t\t\t<\/div>\n\t\t\t\t<\/div>\n\t\t\t\t\t<\/div>\n\t\t\t\t<\/div>\n\t\t<div class=\"elementor-element elementor-element-d20e12e e-flex e-con-boxed e-con e-parent\" data-id=\"d20e12e\" data-element_type=\"container\" data-e-type=\"container\">\n\t\t\t\t\t<div class=\"e-con-inner\">\n\t\t<div class=\"elementor-element elementor-element-f814f07 e-con-full e-flex e-con e-child\" data-id=\"f814f07\" data-element_type=\"container\" data-e-type=\"container\">\n\t\t\t\t<div class=\"elementor-element elementor-element-fa9313a elementor-widget elementor-widget-heading\" data-id=\"fa9313a\" data-element_type=\"widget\" data-e-type=\"widget\" data-widget_type=\"heading.default\">\n\t\t\t\t<div class=\"elementor-widget-container\">\n\t\t\t\t\t<h2 class=\"elementor-heading-title elementor-size-default\">C\u00f3mo apoyamos su experiencia en Alive and Well<\/h2>\t\t\t\t<\/div>\n\t\t\t\t<\/div>\n\t\t\t\t<div class=\"elementor-element elementor-element-079fc80 elementor-widget elementor-widget-text-editor\" data-id=\"079fc80\" data-element_type=\"widget\" data-e-type=\"widget\" data-widget_type=\"text-editor.default\">\n\t\t\t\t<div class=\"elementor-widget-container\">\n\t\t\t\t\t\t\t\t\t<ul><li>Atenci\u00f3n eficiente y compasiva: los servicios son prestados por profesionales experimentados que tambi\u00e9n gestionan el flujo de la atenci\u00f3n.<\/li><li>Sistemas optimizados: nuestras herramientas, formularios y recursos internos est\u00e1n dise\u00f1ados para satisfacer las necesidades directas de los clientes sin complejidades innecesarias.<\/li><li>Acceso digital seguro: los clientes se benefician de la programaci\u00f3n en l\u00ednea, las opciones de telesalud y los registros digitales privados, todo ello gestionado internamente.<\/li><li>Comunicaci\u00f3n centrada en el cliente: mantenemos una comunicaci\u00f3n directa y oportuna para garantizar que los clientes siempre se sientan informados y apoyados.<\/li><li>\u00c9tica y confidencialidad: todos los registros y servicios se gestionan de conformidad con las normas de privacidad y los est\u00e1ndares profesionales.<\/li><li>En Alive and Well, no solo proporcionamos atenci\u00f3n, sino que somos due\u00f1os del proceso, asegurando que cada paso est\u00e9 guiado por la integridad, la intenci\u00f3n y un profundo respeto por aquellos a quienes servimos.<\/li><\/ul>\t\t\t\t\t\t\t\t<\/div>\n\t\t\t\t<\/div>\n\t\t\t\t<\/div>\n\t\t<div class=\"elementor-element elementor-element-2f3fd9a e-con-full e-flex e-con e-child\" data-id=\"2f3fd9a\" data-element_type=\"container\" data-e-type=\"container\" data-settings=\"{&quot;background_background&quot;:&quot;classic&quot;}\">\n\t\t\t\t<\/div>\n\t\t\t\t\t<\/div>\n\t\t\t\t<\/div>\n\t\t<div class=\"elementor-element elementor-element-3e72125 e-flex e-con-boxed e-con e-parent\" data-id=\"3e72125\" data-element_type=\"container\" data-e-type=\"container\" data-settings=\"{&quot;background_background&quot;:&quot;classic&quot;}\">\n\t\t\t\t\t<div class=\"e-con-inner\">\n\t\t\t\t<div class=\"elementor-element elementor-element-cd74974 elementor-widget__width-inherit elementor-widget elementor-widget-text-editor\" data-id=\"cd74974\" data-element_type=\"widget\" data-e-type=\"widget\" data-widget_type=\"text-editor.default\">\n\t\t\t\t<div class=\"elementor-widget-container\">\n\t\t\t\t\t\t\t\t\t<h2 class=\"markup__cta-headline\">Comience su viaje hoy mismo<\/h2>\t\t\t\t\t\t\t\t<\/div>\n\t\t\t\t<\/div>\n\t\t\t\t<div class=\"elementor-element elementor-element-8b3b3be elementor-align-center my-main-btn elementor-invisible elementor-widget elementor-widget-button\" data-id=\"8b3b3be\" data-element_type=\"widget\" data-e-type=\"widget\" data-settings=\"{&quot;_animation&quot;:&quot;slideInRight&quot;}\" data-widget_type=\"button.default\">\n\t\t\t\t<div class=\"elementor-widget-container\">\n\t\t\t\t\t\t\t\t\t<div class=\"elementor-button-wrapper\">\n\t\t\t\t\t<a class=\"elementor-button elementor-button-link elementor-size-sm\" href=\"https:\/\/test.aliveandwellprogram.com\/book-now\/\">\n\t\t\t\t\t\t<span class=\"elementor-button-content-wrapper\">\n\t\t\t\t\t\t\t\t\t<span class=\"elementor-button-text\">Reservar ahora<\/span>\n\t\t\t\t\t<\/span>\n\t\t\t\t\t<\/a>\n\t\t\t\t<\/div>\n\t\t\t\t\t\t\t\t<\/div>\n\t\t\t\t<\/div>\n\t\t\t\t\t<\/div>\n\t\t\t\t<\/div>\n\t\t\t\t<\/div>\n\t\t","protected":false},"excerpt":{"rendered":"<p>Inicio \/ men primary care Atenci\u00f3n gestionada por las mismas manos que la proporcionan EMPEZAR Servicios del profesional en Alive and Well Community Partners En Alive and Well Community Partners, nuestro modelo liderado por profesionales significa que cada aspecto de la atenci\u00f3n, desde los servicios cl\u00ednicos hasta los sistemas administrativos, es gestionado directamente por nuestro [&hellip;]<\/p>\n","protected":false},"author":1,"featured_media":0,"parent":0,"menu_order":0,"comment_status":"closed","ping_status":"closed","template":"","meta":{"footnotes":""},"class_list":["post-4127","page","type-page","status-publish","hentry"],"_links":{"self":[{"href":"https:\/\/aliveandwellprogram.com\/es\/wp-json\/wp\/v2\/pages\/4127","targetHints":{"allow":["GET"]}}],"collection":[{"href":"https:\/\/aliveandwellprogram.com\/es\/wp-json\/wp\/v2\/pages"}],"about":[{"href":"https:\/\/aliveandwellprogram.com\/es\/wp-json\/wp\/v2\/types\/page"}],"author":[{"embeddable":true,"href":"https:\/\/aliveandwellprogram.com\/es\/wp-json\/wp\/v2\/users\/1"}],"replies":[{"embeddable":true,"href":"https:\/\/aliveandwellprogram.com\/es\/wp-json\/wp\/v2\/comments?post=4127"}],"version-history":[{"count":1,"href":"https:\/\/aliveandwellprogram.com\/es\/wp-json\/wp\/v2\/pages\/4127\/revisions"}],"predecessor-version":[{"id":4128,"href":"https:\/\/aliveandwellprogram.com\/es\/wp-json\/wp\/v2\/pages\/4127\/revisions\/4128"}],"wp:attachment":[{"href":"https:\/\/aliveandwellprogram.com\/es\/wp-json\/wp\/v2\/media?parent=4127"}],"curies":[{"name":"wp","href":"https:\/\/api.w.org\/{rel}","templated":true}]}}