{"id":4124,"date":"2025-05-29T14:53:17","date_gmt":"2025-05-29T14:53:17","guid":{"rendered":"https:\/\/aliveandwellprogram.com\/servicios-de-telemedicina\/"},"modified":"2025-10-15T16:47:49","modified_gmt":"2025-10-15T16:47:49","slug":"servicios-de-telemedicina","status":"publish","type":"page","link":"https:\/\/aliveandwellprogram.com\/es\/servicios-de-telemedicina\/","title":{"rendered":"Servicios de telemedicina"},"content":{"rendered":"\t\t<div data-elementor-type=\"wp-page\" data-elementor-id=\"4124\" class=\"elementor elementor-4124 elementor-2950\" data-elementor-post-type=\"page\">\n\t\t\t\t<div class=\"elementor-element elementor-element-09bdcf7 e-con-full e-flex e-con e-child\" data-id=\"09bdcf7\" data-element_type=\"container\" data-e-type=\"container\" data-settings=\"{&quot;background_background&quot;:&quot;video&quot;,&quot;background_video_link&quot;:&quot;\\\/wp-content\\\/uploads\\\/2025\\\/06\\\/Concierge-Services-Telemedicine.mov&quot;}\">\n\t\t<div class=\"elementor-background-video-container elementor-hidden-mobile\">\n\t\t\t\t\t\t\t<video class=\"elementor-background-video-hosted\" role=\"presentation\" autoplay muted playsinline loop><\/video>\n\t\t\t\t\t<\/div>\t\t<div class=\"elementor-element elementor-element-c37c012 link mb-0 elementor-widget elementor-widget-text-editor\" data-id=\"c37c012\" data-element_type=\"widget\" data-e-type=\"widget\" data-widget_type=\"text-editor.default\">\n\t\t\t\t<div class=\"elementor-widget-container\">\n\t\t\t\t\t\t\t\t\t<a href=\"\/\">Inicio<\/a> \/ atenci\u00f3n primaria para hombres\t\t\t\t\t\t\t\t<\/div>\n\t\t\t\t<\/div>\n\t\t\t\t<div class=\"elementor-element elementor-element-d230c03 elementor-widget__width-initial elementor-widget elementor-widget-heading\" data-id=\"d230c03\" data-element_type=\"widget\" data-e-type=\"widget\" data-widget_type=\"heading.default\">\n\t\t\t\t<div class=\"elementor-widget-container\">\n\t\t\t\t\t<h2 class=\"elementor-heading-title elementor-size-default\">Servicios de telemedicina<\/h2>\t\t\t\t<\/div>\n\t\t\t\t<\/div>\n\t\t\t\t<div class=\"elementor-element elementor-element-cd75ddb elementor-widget elementor-widget-button\" data-id=\"cd75ddb\" data-element_type=\"widget\" data-e-type=\"widget\" data-widget_type=\"button.default\">\n\t\t\t\t<div class=\"elementor-widget-container\">\n\t\t\t\t\t\t\t\t\t<div class=\"elementor-button-wrapper\">\n\t\t\t\t\t<a class=\"elementor-button elementor-button-link elementor-size-sm\" href=\"#getInTouch\">\n\t\t\t\t\t\t<span class=\"elementor-button-content-wrapper\">\n\t\t\t\t\t\t\t\t\t<span class=\"elementor-button-text\">EMPEZAR<\/span>\n\t\t\t\t\t<\/span>\n\t\t\t\t\t<\/a>\n\t\t\t\t<\/div>\n\t\t\t\t\t\t\t\t<\/div>\n\t\t\t\t<\/div>\n\t\t\t\t<\/div>\n\t\t<div class=\"elementor-element elementor-element-0b262af e-flex e-con-boxed e-con e-parent\" data-id=\"0b262af\" data-element_type=\"container\" data-e-type=\"container\">\n\t\t\t\t\t<div class=\"e-con-inner\">\n\t\t\t\t<div class=\"elementor-element elementor-element-8d41a7e elementor-widget elementor-widget-heading\" data-id=\"8d41a7e\" data-element_type=\"widget\" data-e-type=\"widget\" data-widget_type=\"heading.default\">\n\t\t\t\t<div class=\"elementor-widget-container\">\n\t\t\t\t\t<h2 class=\"elementor-heading-title elementor-size-default\">Servicios de telemedicina en Alive and Well Community Partners<\/h2>\t\t\t\t<\/div>\n\t\t\t\t<\/div>\n\t\t\t\t<div class=\"elementor-element elementor-element-549d35a elementor-widget elementor-widget-text-editor\" data-id=\"549d35a\" data-element_type=\"widget\" data-e-type=\"widget\" data-widget_type=\"text-editor.default\">\n\t\t\t\t<div class=\"elementor-widget-container\">\n\t\t\t\t\t\t\t\t\t<p data-start=\"149\" data-end=\"459\">Nuestros servicios de telemedicina proporcionan un acceso r\u00e1pido, seguro y c\u00f3modo a proveedores de atenci\u00f3n m\u00e9dica autorizados desde la comodidad de su hogar. Ya se trate de una consulta de rutina o de una atenci\u00f3n de seguimiento, nuestra plataforma virtual garantiza que reciba atenci\u00f3n m\u00e9dica profesional sin esperas.<\/p><p data-start=\"149\" data-end=\"459\">En Alive and Well Community Partners, acceda a una atenci\u00f3n m\u00e9dica profesional y fiable desde la comodidad de su hogar. Nuestros servicios de telemedicina le conectan con profesionales sanitarios autorizados para una atenci\u00f3n virtual segura y c\u00f3moda, ideal para consultas rutinarias, seguimientos y problemas de salud menores.<\/p>\t\t\t\t\t\t\t\t<\/div>\n\t\t\t\t<\/div>\n\t\t\t\t\t<\/div>\n\t\t\t\t<\/div>\n\t\t<div class=\"elementor-element elementor-element-1e8c5a0 e-flex e-con-boxed e-con e-parent\" data-id=\"1e8c5a0\" data-element_type=\"container\" data-e-type=\"container\">\n\t\t\t\t\t<div class=\"e-con-inner\">\n\t\t<div class=\"elementor-element elementor-element-1e09012 e-con-full e-flex e-con e-child\" data-id=\"1e09012\" data-element_type=\"container\" data-e-type=\"container\">\n\t\t\t\t<div class=\"elementor-element elementor-element-eaa1e9d elementor-widget elementor-widget-heading\" data-id=\"eaa1e9d\" data-element_type=\"widget\" data-e-type=\"widget\" data-widget_type=\"heading.default\">\n\t\t\t\t<div class=\"elementor-widget-container\">\n\t\t\t\t\t<h2 class=\"elementor-heading-title elementor-size-default\">Lo que ofrecemos<\/h2>\t\t\t\t<\/div>\n\t\t\t\t<\/div>\n\t\t\t\t<div class=\"elementor-element elementor-element-83f12ee elementor-widget elementor-widget-text-editor\" data-id=\"83f12ee\" data-element_type=\"widget\" data-e-type=\"widget\" data-widget_type=\"text-editor.default\">\n\t\t\t\t<div class=\"elementor-widget-container\">\n\t\t\t\t\t\t\t\t\t<ul>\n<li>Consultas virtuales: re\u00fanase con profesionales autorizados a trav\u00e9s de v\u00eddeo o tel\u00e9fono seguros.<\/li>\n<li>Programaci\u00f3n flexible: citas disponibles durante el horario comercial habitual, con disponibilidad limitada por la noche.<\/li><li>No es necesario viajar: reciba atenci\u00f3n sin salir de casa.<\/li>\t<li>Privado y seguro: nuestra plataforma que cumple con la HIPAA protege su privacidad e informaci\u00f3n personal de salud.\n\n Recetas electr\u00f3nicas \u2013<\/li>\n \t<li>Los medicamentos se pueden enviar directamente a su farmacia preferida.<\/li>\n \t<li>Seguimiento y atenci\u00f3n continua: contin\u00fae la atenci\u00f3n y la comunicaci\u00f3n con su m\u00e9dico seg\u00fan sea necesario.<\/li>\n<\/ul>\t\t\t\t\t\t\t\t<\/div>\n\t\t\t\t<\/div>\n\t\t\t\t<\/div>\n\t\t<div class=\"elementor-element elementor-element-719a343 e-con-full e-flex e-con e-child\" data-id=\"719a343\" data-element_type=\"container\" data-e-type=\"container\" data-settings=\"{&quot;background_background&quot;:&quot;classic&quot;}\">\n\t\t\t\t<\/div>\n\t\t\t\t\t<\/div>\n\t\t\t\t<\/div>\n\t\t<div class=\"elementor-element elementor-element-c4f8c7d e-flex e-con-boxed e-con e-parent\" data-id=\"c4f8c7d\" data-element_type=\"container\" data-e-type=\"container\" data-settings=\"{&quot;background_background&quot;:&quot;classic&quot;}\">\n\t\t\t\t\t<div class=\"e-con-inner\">\n\t\t\t\t<div class=\"elementor-element elementor-element-a049fcc elementor-widget__width-inherit elementor-widget elementor-widget-text-editor\" data-id=\"a049fcc\" data-element_type=\"widget\" data-e-type=\"widget\" data-widget_type=\"text-editor.default\">\n\t\t\t\t<div class=\"elementor-widget-container\">\n\t\t\t\t\t\t\t\t\t<h2 class=\"markup__cta-headline\">Comience su viaje hoy mismo<\/h2>\t\t\t\t\t\t\t\t<\/div>\n\t\t\t\t<\/div>\n\t\t\t\t<div class=\"elementor-element elementor-element-dca1a97 elementor-align-center my-main-btn elementor-invisible elementor-widget elementor-widget-button\" data-id=\"dca1a97\" data-element_type=\"widget\" data-e-type=\"widget\" data-settings=\"{&quot;_animation&quot;:&quot;slideInRight&quot;}\" data-widget_type=\"button.default\">\n\t\t\t\t<div class=\"elementor-widget-container\">\n\t\t\t\t\t\t\t\t\t<div class=\"elementor-button-wrapper\">\n\t\t\t\t\t<a class=\"elementor-button elementor-button-link elementor-size-sm\" href=\"https:\/\/aliveandwellprogram.com\/book-now\/\">\n\t\t\t\t\t\t<span class=\"elementor-button-content-wrapper\">\n\t\t\t\t\t\t\t\t\t<span class=\"elementor-button-text\">Reservar ahora<\/span>\n\t\t\t\t\t<\/span>\n\t\t\t\t\t<\/a>\n\t\t\t\t<\/div>\n\t\t\t\t\t\t\t\t<\/div>\n\t\t\t\t<\/div>\n\t\t\t\t\t<\/div>\n\t\t\t\t<\/div>\n\t\t\t\t<\/div>\n\t\t","protected":false},"excerpt":{"rendered":"<p>Inicio \/ atenci\u00f3n primaria para hombres Servicios de telemedicina EMPEZAR Servicios de telemedicina en Alive and Well Community Partners Nuestros servicios de telemedicina proporcionan un acceso r\u00e1pido, seguro y c\u00f3modo a proveedores de atenci\u00f3n m\u00e9dica autorizados desde la comodidad de su hogar. Ya se trate de una consulta de rutina o de una atenci\u00f3n de [&hellip;]<\/p>\n","protected":false},"author":1,"featured_media":0,"parent":0,"menu_order":0,"comment_status":"closed","ping_status":"closed","template":"","meta":{"footnotes":""},"class_list":["post-4124","page","type-page","status-publish","hentry"],"_links":{"self":[{"href":"https:\/\/aliveandwellprogram.com\/es\/wp-json\/wp\/v2\/pages\/4124","targetHints":{"allow":["GET"]}}],"collection":[{"href":"https:\/\/aliveandwellprogram.com\/es\/wp-json\/wp\/v2\/pages"}],"about":[{"href":"https:\/\/aliveandwellprogram.com\/es\/wp-json\/wp\/v2\/types\/page"}],"author":[{"embeddable":true,"href":"https:\/\/aliveandwellprogram.com\/es\/wp-json\/wp\/v2\/users\/1"}],"replies":[{"embeddable":true,"href":"https:\/\/aliveandwellprogram.com\/es\/wp-json\/wp\/v2\/comments?post=4124"}],"version-history":[{"count":3,"href":"https:\/\/aliveandwellprogram.com\/es\/wp-json\/wp\/v2\/pages\/4124\/revisions"}],"predecessor-version":[{"id":4491,"href":"https:\/\/aliveandwellprogram.com\/es\/wp-json\/wp\/v2\/pages\/4124\/revisions\/4491"}],"wp:attachment":[{"href":"https:\/\/aliveandwellprogram.com\/es\/wp-json\/wp\/v2\/media?parent=4124"}],"curies":[{"name":"wp","href":"https:\/\/api.w.org\/{rel}","templated":true}]}}