{"id":4123,"date":"2025-05-29T14:38:09","date_gmt":"2025-05-29T14:38:09","guid":{"rendered":"https:\/\/aliveandwellprogram.com\/servicios-de-infusion-iv-de-guante-blanco\/"},"modified":"2025-08-08T07:10:41","modified_gmt":"2025-08-08T07:10:41","slug":"servicios-de-infusion-iv-de-guante-blanco","status":"publish","type":"page","link":"https:\/\/aliveandwellprogram.com\/es\/servicios-de-infusion-iv-de-guante-blanco\/","title":{"rendered":"Servicios de infusi\u00f3n IV de guante blanco"},"content":{"rendered":"\t\t<div data-elementor-type=\"wp-page\" data-elementor-id=\"4123\" class=\"elementor elementor-4123 elementor-2951\" data-elementor-post-type=\"page\">\n\t\t\t\t<div class=\"elementor-element elementor-element-50eb0d5 e-con-full e-flex e-con e-child\" data-id=\"50eb0d5\" data-element_type=\"container\" data-e-type=\"container\" data-settings=\"{&quot;background_background&quot;:&quot;classic&quot;}\">\n\t\t\t\t<div class=\"elementor-element elementor-element-4a6f172 link mb-0 elementor-widget elementor-widget-text-editor\" data-id=\"4a6f172\" data-element_type=\"widget\" data-e-type=\"widget\" data-widget_type=\"text-editor.default\">\n\t\t\t\t<div class=\"elementor-widget-container\">\n\t\t\t\t\t\t\t\t\t<a href=\"\/\">Inicio<\/a> \/ atenci\u00f3n primaria para hombres\t\t\t\t\t\t\t\t<\/div>\n\t\t\t\t<\/div>\n\t\t\t\t<div class=\"elementor-element elementor-element-80b3e73 elementor-widget__width-initial elementor-widget elementor-widget-heading\" data-id=\"80b3e73\" data-element_type=\"widget\" data-e-type=\"widget\" data-widget_type=\"heading.default\">\n\t\t\t\t<div class=\"elementor-widget-container\">\n\t\t\t\t\t<h2 class=\"elementor-heading-title elementor-size-default\">Rel\u00e1jese.<br>Recargue energ\u00edas. <br>Reponga fuerzas.<\/h2>\t\t\t\t<\/div>\n\t\t\t\t<\/div>\n\t\t\t\t<div class=\"elementor-element elementor-element-4b1f330 elementor-widget elementor-widget-button\" data-id=\"4b1f330\" data-element_type=\"widget\" data-e-type=\"widget\" data-widget_type=\"button.default\">\n\t\t\t\t<div class=\"elementor-widget-container\">\n\t\t\t\t\t\t\t\t\t<div class=\"elementor-button-wrapper\">\n\t\t\t\t\t<a class=\"elementor-button elementor-button-link elementor-size-sm\" href=\"#getInTouch\">\n\t\t\t\t\t\t<span class=\"elementor-button-content-wrapper\">\n\t\t\t\t\t\t\t\t\t<span class=\"elementor-button-text\">EMPEZAR<\/span>\n\t\t\t\t\t<\/span>\n\t\t\t\t\t<\/a>\n\t\t\t\t<\/div>\n\t\t\t\t\t\t\t\t<\/div>\n\t\t\t\t<\/div>\n\t\t\t\t<\/div>\n\t\t<div class=\"elementor-element elementor-element-0cbd42a e-flex e-con-boxed e-con e-parent\" data-id=\"0cbd42a\" data-element_type=\"container\" data-e-type=\"container\">\n\t\t\t\t\t<div class=\"e-con-inner\">\n\t\t\t\t<div class=\"elementor-element elementor-element-5174ffa elementor-widget elementor-widget-heading\" data-id=\"5174ffa\" data-element_type=\"widget\" data-e-type=\"widget\" data-widget_type=\"heading.default\">\n\t\t\t\t<div class=\"elementor-widget-container\">\n\t\t\t\t\t<h2 class=\"elementor-heading-title elementor-size-default\">Experiencia de infusi\u00f3n IV de guante blanco en Alive and Well Community Partners<\/h2>\t\t\t\t<\/div>\n\t\t\t\t<\/div>\n\t\t\t\t<div class=\"elementor-element elementor-element-237d36f elementor-widget elementor-widget-text-editor\" data-id=\"237d36f\" data-element_type=\"widget\" data-e-type=\"widget\" data-widget_type=\"text-editor.default\">\n\t\t\t\t<div class=\"elementor-widget-container\">\n\t\t\t\t\t\t\t\t\t<p class=\"ds-markdown-paragraph\">En Alive and Well Community Partners, nuestro <strong>servicio de infusi\u00f3n IV de guante blanco<\/strong> es m\u00e1s que un simple tratamiento: es una experiencia de bienestar y confort total.<\/p><p class=\"ds-markdown-paragraph\">Rel\u00e1jese en un sill\u00f3n de infusi\u00f3n reclinable y lujoso mientras nuestros expertos t\u00e9cnicos de laboratorio le proporcionan las vitaminas esenciales que su cuerpo necesita para rendir al m\u00e1ximo. Elija entre <strong>m\u00e1s de 13 infusiones IV personalizadas<\/strong> dise\u00f1adas para aumentar la energ\u00eda, la inmunidad, la hidrataci\u00f3n y la recuperaci\u00f3n.<\/p>\t\t\t\t\t\t\t\t<\/div>\n\t\t\t\t<\/div>\n\t\t\t\t\t<\/div>\n\t\t\t\t<\/div>\n\t\t<div class=\"elementor-element elementor-element-2f3d2e0 e-flex e-con-boxed e-con e-parent\" data-id=\"2f3d2e0\" data-element_type=\"container\" data-e-type=\"container\">\n\t\t\t\t\t<div class=\"e-con-inner\">\n\t\t<div class=\"elementor-element elementor-element-1e8898f e-con-full e-flex e-con e-child\" data-id=\"1e8898f\" data-element_type=\"container\" data-e-type=\"container\">\n\t\t\t\t<div class=\"elementor-element elementor-element-8aebd57 elementor-widget elementor-widget-heading\" data-id=\"8aebd57\" data-element_type=\"widget\" data-e-type=\"widget\" data-widget_type=\"heading.default\">\n\t\t\t\t<div class=\"elementor-widget-container\">\n\t\t\t\t\t<h2 class=\"elementor-heading-title elementor-size-default\">Servicios de infusi\u00f3n IV de guante blanco<\/h2>\t\t\t\t<\/div>\n\t\t\t\t<\/div>\n\t\t\t\t<div class=\"elementor-element elementor-element-7b7d2dd elementor-widget elementor-widget-text-editor\" data-id=\"7b7d2dd\" data-element_type=\"widget\" data-e-type=\"widget\" data-widget_type=\"text-editor.default\">\n\t\t\t\t<div class=\"elementor-widget-container\">\n\t\t\t\t\t\t\t\t\t<ul><li>Una acogedora manta de Alive and Well<\/li><li>Un relajante antifaz de la marca<\/li><li>Un refresco con gas<\/li><li>Un refrigerio ligero<\/li><li>Atenci\u00f3n excepcional en un entorno sereno, similar a un spa<\/li><\/ul>\t\t\t\t\t\t\t\t<\/div>\n\t\t\t\t<\/div>\n\t\t\t\t<\/div>\n\t\t<div class=\"elementor-element elementor-element-3f11ab9 e-con-full e-flex e-con e-child\" data-id=\"3f11ab9\" data-element_type=\"container\" data-e-type=\"container\" data-settings=\"{&quot;background_background&quot;:&quot;classic&quot;}\">\n\t\t\t\t<\/div>\n\t\t\t\t\t<\/div>\n\t\t\t\t<\/div>\n\t\t<div class=\"elementor-element elementor-element-b23ec47 e-flex e-con-boxed e-con e-parent\" data-id=\"b23ec47\" data-element_type=\"container\" data-e-type=\"container\">\n\t\t\t\t\t<div class=\"e-con-inner\">\n\t\t\t\t<div class=\"elementor-element elementor-element-b6e5bec elementor-widget elementor-widget-heading\" data-id=\"b6e5bec\" data-element_type=\"widget\" data-e-type=\"widget\" data-widget_type=\"heading.default\">\n\t\t\t\t<div class=\"elementor-widget-container\">\n\t\t\t\t\t<h4 class=\"elementor-heading-title elementor-size-default\">Al\u00e9jese del estr\u00e9s del d\u00eda a d\u00eda y entre en un espacio dise\u00f1ado solo para usted.<\/h4>\t\t\t\t<\/div>\n\t\t\t\t<\/div>\n\t\t\t\t\t<\/div>\n\t\t\t\t<\/div>\n\t\t<div class=\"elementor-element elementor-element-bc14cf7 e-flex e-con-boxed e-con e-parent\" data-id=\"bc14cf7\" data-element_type=\"container\" data-e-type=\"container\">\n\t\t\t\t\t<div class=\"e-con-inner\">\n\t\t\t\t<div class=\"elementor-element elementor-element-2a5f647 elementor-align-center elementor-icon-list--layout-traditional elementor-list-item-link-full_width elementor-widget elementor-widget-icon-list\" data-id=\"2a5f647\" data-element_type=\"widget\" data-e-type=\"widget\" data-widget_type=\"icon-list.default\">\n\t\t\t\t<div class=\"elementor-widget-container\">\n\t\t\t\t\t\t\t<ul class=\"elementor-icon-list-items\">\n\t\t\t\t\t\t\t<li class=\"elementor-icon-list-item\">\n\t\t\t\t\t\t\t\t\t\t\t<a href=\"https:\/\/test.aliveandwellprogram.com\/book-now\/\">\n\n\t\t\t\t\t\t\t\t\t\t\t<span class=\"elementor-icon-list-text\">  Reserve su infusi\u00f3n ahora<\/span>\n\t\t\t\t\t\t\t\t\t\t\t<\/a>\n\t\t\t\t\t\t\t\t\t<\/li>\n\t\t\t\t\t\t<\/ul>\n\t\t\t\t\t\t<\/div>\n\t\t\t\t<\/div>\n\t\t\t\t\t<\/div>\n\t\t\t\t<\/div>\n\t\t\t\t<\/div>\n\t\t","protected":false},"excerpt":{"rendered":"<p>Inicio \/ atenci\u00f3n primaria para hombres Rel\u00e1jese.Recargue energ\u00edas. Reponga fuerzas. EMPEZAR Experiencia de infusi\u00f3n IV de guante blanco en Alive and Well Community Partners En Alive and Well Community Partners, nuestro servicio de infusi\u00f3n IV de guante blanco es m\u00e1s que un simple tratamiento: es una experiencia de bienestar y confort total. Rel\u00e1jese en un [&hellip;]<\/p>\n","protected":false},"author":1,"featured_media":0,"parent":0,"menu_order":0,"comment_status":"closed","ping_status":"closed","template":"","meta":{"footnotes":""},"class_list":["post-4123","page","type-page","status-publish","hentry"],"_links":{"self":[{"href":"https:\/\/aliveandwellprogram.com\/es\/wp-json\/wp\/v2\/pages\/4123","targetHints":{"allow":["GET"]}}],"collection":[{"href":"https:\/\/aliveandwellprogram.com\/es\/wp-json\/wp\/v2\/pages"}],"about":[{"href":"https:\/\/aliveandwellprogram.com\/es\/wp-json\/wp\/v2\/types\/page"}],"author":[{"embeddable":true,"href":"https:\/\/aliveandwellprogram.com\/es\/wp-json\/wp\/v2\/users\/1"}],"replies":[{"embeddable":true,"href":"https:\/\/aliveandwellprogram.com\/es\/wp-json\/wp\/v2\/comments?post=4123"}],"version-history":[{"count":1,"href":"https:\/\/aliveandwellprogram.com\/es\/wp-json\/wp\/v2\/pages\/4123\/revisions"}],"predecessor-version":[{"id":4125,"href":"https:\/\/aliveandwellprogram.com\/es\/wp-json\/wp\/v2\/pages\/4123\/revisions\/4125"}],"wp:attachment":[{"href":"https:\/\/aliveandwellprogram.com\/es\/wp-json\/wp\/v2\/media?parent=4123"}],"curies":[{"name":"wp","href":"https:\/\/api.w.org\/{rel}","templated":true}]}}